{"id":1322,"date":"2020-10-03T21:28:40","date_gmt":"2020-10-03T19:28:40","guid":{"rendered":"https:\/\/stbarthvillarental.com\/\/\/st-barts-experiences\/activities\/clone-of-wellness\/"},"modified":"2020-10-03T22:46:44","modified_gmt":"2020-10-03T20:46:44","slug":"bien-etre","status":"publish","type":"page","link":"https:\/\/stbarthvillarental.com\/fr\/bien-etre\/","title":{"rendered":"Bien-\u00eatre"},"content":{"rendered":"<p align=\"center\">Pour vous garantir une d\u00e9tente optimale, <strong>S<\/strong><strong>aint-Barth est dot\u00e9e de nombreux services de spa \u00e0 votre disposition<\/strong>. Les h\u00f4tels de l&rsquo;\u00eele font des destinations &nbsp;de choix.<\/p>\n<p align=\"center\">En parcourant les services de spa propos\u00e9s, vous d\u00e9couvrirez des atmosph\u00e8res relaxantes avec des \u00e9quipements vari\u00e9s (grandes piscines, bains de vapeur, douches ext\u00e9rieures, etc.) le tout accompagn\u00e9 de vues magnifiques.<\/p>\n<div class=\"tcb-post-list tve-content-list thrv_wrapper\" data-type=\"grid\" data-pagination-type=\"none\" data-pages_near_current=\"2\" data-css=\"tve-u-5f78d0e8edfcc1\" data-total_post_count=\"3\" data-total_sticky_count=\"0\" data-disabled-links=\"0\" data-no_posts_text=\"There are no posts to display.\"><article id=\"post-1528\" class=\"post-1528 post type-post status-publish format-standard has-post-thumbnail hentry category-activites category-bien-etre post-wrapper thrv_wrapper thrive-animated-item  tve_evt_manager_listen tve_ea_thrive_animation tve_et_mouseover tve_anim_grow\" tcb_hover_state_parent=\"\" class=\"tve_evt_manager_listen tve_ea_thrive_animation tve_et_mouseover tve_anim_grow\" data-id=\"1528\" data-selector=\".post-wrapper\"><style class=\"tcb-post-list-dynamic-style\" type=\"text\/css\">@media (min-width: 300px){[].tcb-post-list #post-1528 []{background-image: linear-gradient(rgba(0, 0, 0, 0.5), rgba(0, 0, 0, 0.5)), url(\u00ab\u00a0https:\/\/stbarthvillarental.com\/wp-content\/uploads\/2020\/09\/spa-excellence-st-barth.jpg\u00ab\u00a0) !important;}[].tcb-post-list #post-1528 []:hover []{background-image: linear-gradient(rgba(0, 0, 0, 0.4), rgba(0, 0, 0, 0.4)), url(\u00ab\u00a0https:\/\/stbarthvillarental.com\/wp-content\/uploads\/2020\/09\/spa-excellence-st-barth.jpg\u00ab\u00a0) !important;}}<\/style><\/p>\n<h2 style=\"text-align: center;\"><span data-attr-css=\"tve-u-5f78d0e8edfd97\" data-attr-link=\"1\" data-attr-rel=\"0\" data-attr-target=\"0\" data-extra_key=\"\" data-option-inline=\"1\" data-shortcode=\"tcb_post_title\" data-shortcode-name=\"Post title\" data-attr-static-link=\"{&quot;className&quot;:&quot;tve-froala fr-basic tcb-local-vars-root&quot;,&quot;href&quot;:&quot;#&quot;,&quot;title&quot;:&quot;Bien-\u00eatre&quot;,&quot;data-css&quot;:&quot;tve-u-5f78d0e8edfd97&quot;,&quot;class&quot;:&quot;tve-froala fr-basic tcb-local-vars-root&quot;}\"><a href=\"https:\/\/stbarthvillarental.com\/fr\/spa-excellence-des-sens-par-christophe-marchesseau\/\" title=\"Spa Excellence des Sens by Christophe Marchesseau\" data-css=\"tve-u-5f78d0e8edfd97\" class=\"tve-froala fr-basic tcb-local-vars-root\">Spa Excellence des Sens by Christophe Marchesseau<\/a><\/span><\/h2>\n<p><a href=\"https:\/\/stbarthvillarental.com\/fr\/spa-excellence-des-sens-par-christophe-marchesseau\/\" style=\"\"><span><span>Read More<\/span><\/span><\/a><\/article><article id=\"post-1470\" class=\"post-1470 post type-post status-publish format-standard has-post-thumbnail hentry category-activites category-bien-etre post-wrapper thrv_wrapper thrive-animated-item  tve_evt_manager_listen tve_ea_thrive_animation tve_et_mouseover tve_anim_grow\" tcb_hover_state_parent=\"\" class=\"tve_evt_manager_listen tve_ea_thrive_animation tve_et_mouseover tve_anim_grow\" data-id=\"1470\" data-selector=\".post-wrapper\"><style class=\"tcb-post-list-dynamic-style\" type=\"text\/css\">@media (min-width: 300px){[].tcb-post-list #post-1470 []{background-image: linear-gradient(rgba(0, 0, 0, 0.5), rgba(0, 0, 0, 0.5)), url(\u00ab\u00a0https:\/\/stbarthvillarental.com\/wp-content\/uploads\/2020\/09\/cheval-blanc-st-barth-1024x680.jpg\u00ab\u00a0) !important;}[].tcb-post-list #post-1470 []:hover []{background-image: linear-gradient(rgba(0, 0, 0, 0.4), rgba(0, 0, 0, 0.4)), url(\u00ab\u00a0https:\/\/stbarthvillarental.com\/wp-content\/uploads\/2020\/09\/cheval-blanc-st-barth-1024x680.jpg\u00ab\u00a0) !important;}}<\/style><\/p>\n<h2 style=\"text-align: center;\"><span data-attr-css=\"tve-u-5f78d0e8edfd97\" data-attr-link=\"1\" data-attr-rel=\"0\" data-attr-target=\"0\" data-extra_key=\"\" data-option-inline=\"1\" data-shortcode=\"tcb_post_title\" data-shortcode-name=\"Post title\" data-attr-static-link=\"{&quot;className&quot;:&quot;tve-froala fr-basic tcb-local-vars-root&quot;,&quot;href&quot;:&quot;#&quot;,&quot;title&quot;:&quot;Bien-\u00eatre&quot;,&quot;data-css&quot;:&quot;tve-u-5f78d0e8edfd97&quot;,&quot;class&quot;:&quot;tve-froala fr-basic tcb-local-vars-root&quot;}\"><a href=\"https:\/\/stbarthvillarental.com\/fr\/cheval-blanc-spa\/\" title=\"Cheval Blanc Spa\" data-css=\"tve-u-5f78d0e8edfd97\" class=\"tve-froala fr-basic tcb-local-vars-root\">Cheval Blanc Spa<\/a><\/span><\/h2>\n<p><a href=\"https:\/\/stbarthvillarental.com\/fr\/cheval-blanc-spa\/\" style=\"\"><span><span>Read More<\/span><\/span><\/a><\/article><article id=\"post-1437\" class=\"post-1437 post type-post status-publish format-standard has-post-thumbnail hentry category-activites category-bien-etre post-wrapper thrv_wrapper thrive-animated-item  tve_evt_manager_listen tve_ea_thrive_animation tve_et_mouseover tve_anim_grow\" tcb_hover_state_parent=\"\" class=\"tve_evt_manager_listen tve_ea_thrive_animation tve_et_mouseover tve_anim_grow\" data-id=\"1437\" data-selector=\".post-wrapper\"><style class=\"tcb-post-list-dynamic-style\" type=\"text\/css\">@media (min-width: 300px){[].tcb-post-list #post-1437 []{background-image: linear-gradient(rgba(0, 0, 0, 0.5), rgba(0, 0, 0, 0.5)), url(\u00ab\u00a0https:\/\/stbarthvillarental.com\/wp-content\/uploads\/2020\/09\/Sereno-Spa-St-Barth-1024x683.jpg\u00ab\u00a0) !important;}[].tcb-post-list #post-1437 []:hover []{background-image: linear-gradient(rgba(0, 0, 0, 0.4), rgba(0, 0, 0, 0.4)), url(\u00ab\u00a0https:\/\/stbarthvillarental.com\/wp-content\/uploads\/2020\/09\/Sereno-Spa-St-Barth-1024x683.jpg\u00ab\u00a0) !important;}}<\/style><\/p>\n<h2 style=\"text-align: center;\"><span data-attr-css=\"tve-u-5f78d0e8edfd97\" data-attr-link=\"1\" data-attr-rel=\"0\" data-attr-target=\"0\" data-extra_key=\"\" data-option-inline=\"1\" data-shortcode=\"tcb_post_title\" data-shortcode-name=\"Post title\" data-attr-static-link=\"{&quot;className&quot;:&quot;tve-froala fr-basic tcb-local-vars-root&quot;,&quot;href&quot;:&quot;#&quot;,&quot;title&quot;:&quot;Bien-\u00eatre&quot;,&quot;data-css&quot;:&quot;tve-u-5f78d0e8edfd97&quot;,&quot;class&quot;:&quot;tve-froala fr-basic tcb-local-vars-root&quot;}\"><a href=\"https:\/\/stbarthvillarental.com\/fr\/sereno-spa\/\" title=\"Sereno Spa\" data-css=\"tve-u-5f78d0e8edfd97\" class=\"tve-froala fr-basic tcb-local-vars-root\">Sereno Spa<\/a><\/span><\/h2>\n<p><a href=\"https:\/\/stbarthvillarental.com\/fr\/sereno-spa\/\" style=\"\"><span><span>Read More<\/span><\/span><\/a><\/article><\/div>\n","protected":false},"excerpt":{"rendered":"<p>Pour vous garantir une d\u00e9tente optimale, Saint-Barth est dot\u00e9e de nombreux services de spa \u00e0 votre disposition. Les h\u00f4tels de l&rsquo;\u00eele font des destinations &nbsp;de choix. En parcourant les services de spa propos\u00e9s, vous d\u00e9couvrirez des atmosph\u00e8res relaxantes avec des \u00e9quipements vari\u00e9s (grandes piscines, bains de vapeur, douches ext\u00e9rieures, etc.) le tout accompagn\u00e9 de vues [&hellip;]<\/p>\n","protected":false},"author":1,"featured_media":504,"parent":0,"menu_order":0,"comment_status":"closed","ping_status":"closed","template":"","meta":{"footnotes":""},"class_list":{"0":"post-1322","1":"page","2":"type-page","3":"status-publish","4":"has-post-thumbnail","5":"hentry","6":"post-wrapper","7":"thrv_wrapper","10":"thrive-animated-item"},"yoast_head":"<!-- This site is optimized with the Yoast SEO Premium plugin v25.3.1 (Yoast SEO v27.1.1) - https:\/\/yoast.com\/product\/yoast-seo-premium-wordpress\/ -->\n<title>St Barth Spa | Bien-\u00eatre et Relaxation \u00e0 St Barth - St Barth Villa Rental<\/title>\n<meta name=\"description\" content=\"Pour vous garantir une d\u00e9tente optimale, Saint-Barth est dot\u00e9e de nombreux services de spa \u00e0 votre disposition.\" \/>\n<meta name=\"robots\" content=\"index, follow, max-snippet:-1, max-image-preview:large, max-video-preview:-1\" \/>\n<link rel=\"canonical\" href=\"https:\/\/stbarthvillarental.com\/fr\/bien-etre\/\" \/>\n<meta property=\"og:locale\" content=\"fr_FR\" \/>\n<meta property=\"og:type\" content=\"article\" \/>\n<meta property=\"og:title\" content=\"Bien-\u00eatre\" \/>\n<meta property=\"og:description\" content=\"Pour vous garantir une d\u00e9tente optimale, Saint-Barth est dot\u00e9e de nombreux services de spa \u00e0 votre disposition.\" \/>\n<meta property=\"og:url\" content=\"https:\/\/stbarthvillarental.com\/fr\/bien-etre\/\" \/>\n<meta property=\"og:site_name\" content=\"St Barth Villa Rental\" \/>\n<meta property=\"article:modified_time\" content=\"2020-10-03T20:46:44+00:00\" \/>\n<meta property=\"og:image\" content=\"https:\/\/stbarthvillarental.com\/wp-content\/uploads\/2020\/09\/Yoga-st-barth-scaled.jpeg\" \/>\n\t<meta property=\"og:image:width\" content=\"2560\" \/>\n\t<meta property=\"og:image:height\" content=\"1440\" \/>\n\t<meta property=\"og:image:type\" content=\"image\/jpeg\" \/>\n<meta name=\"twitter:card\" content=\"summary_large_image\" \/>\n<meta name=\"twitter:label1\" content=\"Dur\u00e9e de lecture estim\u00e9e\" \/>\n\t<meta name=\"twitter:data1\" content=\"2 minutes\" \/>\n<script type=\"application\/ld+json\" class=\"yoast-schema-graph\">{\"@context\":\"https:\/\/schema.org\",\"@graph\":[{\"@type\":\"WebPage\",\"@id\":\"https:\/\/stbarthvillarental.com\/fr\/bien-etre\/\",\"url\":\"https:\/\/stbarthvillarental.com\/fr\/bien-etre\/\",\"name\":\"St Barth Spa | Bien-\u00eatre et Relaxation \u00e0 St Barth - St Barth Villa Rental\",\"isPartOf\":{\"@id\":\"https:\/\/stbarthvillarental.com\/fr\/#website\"},\"primaryImageOfPage\":{\"@id\":\"https:\/\/stbarthvillarental.com\/fr\/bien-etre\/#primaryimage\"},\"image\":{\"@id\":\"https:\/\/stbarthvillarental.com\/fr\/bien-etre\/#primaryimage\"},\"thumbnailUrl\":\"https:\/\/stbarthvillarental.com\/wp-content\/uploads\/2020\/09\/Yoga-st-barth-scaled.jpeg\",\"datePublished\":\"2020-10-03T19:28:40+00:00\",\"dateModified\":\"2020-10-03T20:46:44+00:00\",\"description\":\"Pour vous garantir une d\u00e9tente optimale, Saint-Barth est dot\u00e9e de nombreux services de spa \u00e0 votre disposition.\",\"breadcrumb\":{\"@id\":\"https:\/\/stbarthvillarental.com\/fr\/bien-etre\/#breadcrumb\"},\"inLanguage\":\"fr-FR\",\"potentialAction\":[{\"@type\":\"ReadAction\",\"target\":[\"https:\/\/stbarthvillarental.com\/fr\/bien-etre\/\"]}]},{\"@type\":\"ImageObject\",\"inLanguage\":\"fr-FR\",\"@id\":\"https:\/\/stbarthvillarental.com\/fr\/bien-etre\/#primaryimage\",\"url\":\"https:\/\/stbarthvillarental.com\/wp-content\/uploads\/2020\/09\/Yoga-st-barth-scaled.jpeg\",\"contentUrl\":\"https:\/\/stbarthvillarental.com\/wp-content\/uploads\/2020\/09\/Yoga-st-barth-scaled.jpeg\",\"width\":2560,\"height\":1440,\"caption\":\"Silhouette of two women practice warrior yoga posture at seaside in sunshine one\"},{\"@type\":\"BreadcrumbList\",\"@id\":\"https:\/\/stbarthvillarental.com\/fr\/bien-etre\/#breadcrumb\",\"itemListElement\":[{\"@type\":\"ListItem\",\"position\":1,\"name\":\"Home\",\"item\":\"https:\/\/stbarthvillarental.com\/fr\/\"},{\"@type\":\"ListItem\",\"position\":2,\"name\":\"Bien-\u00eatre\"}]},{\"@type\":\"WebSite\",\"@id\":\"https:\/\/stbarthvillarental.com\/fr\/#website\",\"url\":\"https:\/\/stbarthvillarental.com\/fr\/\",\"name\":\"St Barth Villa Rental\",\"description\":\"Your Luxury Retreat Starts Here\",\"potentialAction\":[{\"@type\":\"SearchAction\",\"target\":{\"@type\":\"EntryPoint\",\"urlTemplate\":\"https:\/\/stbarthvillarental.com\/fr\/?s={search_term_string}\"},\"query-input\":{\"@type\":\"PropertyValueSpecification\",\"valueRequired\":true,\"valueName\":\"search_term_string\"}}],\"inLanguage\":\"fr-FR\"}]}<\/script>\n<!-- \/ Yoast SEO Premium plugin. -->","yoast_head_json":{"title":"St Barth Spa | Bien-\u00eatre et Relaxation \u00e0 St Barth - St Barth Villa Rental","description":"Pour vous garantir une d\u00e9tente optimale, Saint-Barth est dot\u00e9e de nombreux services de spa \u00e0 votre disposition.","robots":{"index":"index","follow":"follow","max-snippet":"max-snippet:-1","max-image-preview":"max-image-preview:large","max-video-preview":"max-video-preview:-1"},"canonical":"https:\/\/stbarthvillarental.com\/fr\/bien-etre\/","og_locale":"fr_FR","og_type":"article","og_title":"Bien-\u00eatre","og_description":"Pour vous garantir une d\u00e9tente optimale, Saint-Barth est dot\u00e9e de nombreux services de spa \u00e0 votre disposition.","og_url":"https:\/\/stbarthvillarental.com\/fr\/bien-etre\/","og_site_name":"St Barth Villa Rental","article_modified_time":"2020-10-03T20:46:44+00:00","og_image":[{"width":2560,"height":1440,"url":"https:\/\/stbarthvillarental.com\/wp-content\/uploads\/2020\/09\/Yoga-st-barth-scaled.jpeg","type":"image\/jpeg"}],"twitter_card":"summary_large_image","twitter_misc":{"Dur\u00e9e de lecture estim\u00e9e":"2 minutes"},"schema":{"@context":"https:\/\/schema.org","@graph":[{"@type":"WebPage","@id":"https:\/\/stbarthvillarental.com\/fr\/bien-etre\/","url":"https:\/\/stbarthvillarental.com\/fr\/bien-etre\/","name":"St Barth Spa | Bien-\u00eatre et Relaxation \u00e0 St Barth - St Barth Villa Rental","isPartOf":{"@id":"https:\/\/stbarthvillarental.com\/fr\/#website"},"primaryImageOfPage":{"@id":"https:\/\/stbarthvillarental.com\/fr\/bien-etre\/#primaryimage"},"image":{"@id":"https:\/\/stbarthvillarental.com\/fr\/bien-etre\/#primaryimage"},"thumbnailUrl":"https:\/\/stbarthvillarental.com\/wp-content\/uploads\/2020\/09\/Yoga-st-barth-scaled.jpeg","datePublished":"2020-10-03T19:28:40+00:00","dateModified":"2020-10-03T20:46:44+00:00","description":"Pour vous garantir une d\u00e9tente optimale, Saint-Barth est dot\u00e9e de nombreux services de spa \u00e0 votre disposition.","breadcrumb":{"@id":"https:\/\/stbarthvillarental.com\/fr\/bien-etre\/#breadcrumb"},"inLanguage":"fr-FR","potentialAction":[{"@type":"ReadAction","target":["https:\/\/stbarthvillarental.com\/fr\/bien-etre\/"]}]},{"@type":"ImageObject","inLanguage":"fr-FR","@id":"https:\/\/stbarthvillarental.com\/fr\/bien-etre\/#primaryimage","url":"https:\/\/stbarthvillarental.com\/wp-content\/uploads\/2020\/09\/Yoga-st-barth-scaled.jpeg","contentUrl":"https:\/\/stbarthvillarental.com\/wp-content\/uploads\/2020\/09\/Yoga-st-barth-scaled.jpeg","width":2560,"height":1440,"caption":"Silhouette of two women practice warrior yoga posture at seaside in sunshine one"},{"@type":"BreadcrumbList","@id":"https:\/\/stbarthvillarental.com\/fr\/bien-etre\/#breadcrumb","itemListElement":[{"@type":"ListItem","position":1,"name":"Home","item":"https:\/\/stbarthvillarental.com\/fr\/"},{"@type":"ListItem","position":2,"name":"Bien-\u00eatre"}]},{"@type":"WebSite","@id":"https:\/\/stbarthvillarental.com\/fr\/#website","url":"https:\/\/stbarthvillarental.com\/fr\/","name":"St Barth Villa Rental","description":"Your Luxury Retreat Starts Here","potentialAction":[{"@type":"SearchAction","target":{"@type":"EntryPoint","urlTemplate":"https:\/\/stbarthvillarental.com\/fr\/?s={search_term_string}"},"query-input":{"@type":"PropertyValueSpecification","valueRequired":true,"valueName":"search_term_string"}}],"inLanguage":"fr-FR"}]}},"_links":{"self":[{"href":"https:\/\/stbarthvillarental.com\/fr\/wp-json\/wp\/v2\/pages\/1322","targetHints":{"allow":["GET"]}}],"collection":[{"href":"https:\/\/stbarthvillarental.com\/fr\/wp-json\/wp\/v2\/pages"}],"about":[{"href":"https:\/\/stbarthvillarental.com\/fr\/wp-json\/wp\/v2\/types\/page"}],"author":[{"embeddable":true,"href":"https:\/\/stbarthvillarental.com\/fr\/wp-json\/wp\/v2\/users\/1"}],"replies":[{"embeddable":true,"href":"https:\/\/stbarthvillarental.com\/fr\/wp-json\/wp\/v2\/comments?post=1322"}],"version-history":[{"count":3,"href":"https:\/\/stbarthvillarental.com\/fr\/wp-json\/wp\/v2\/pages\/1322\/revisions"}],"predecessor-version":[{"id":1340,"href":"https:\/\/stbarthvillarental.com\/fr\/wp-json\/wp\/v2\/pages\/1322\/revisions\/1340"}],"wp:featuredmedia":[{"embeddable":true,"href":"https:\/\/stbarthvillarental.com\/fr\/wp-json\/wp\/v2\/media\/504"}],"wp:attachment":[{"href":"https:\/\/stbarthvillarental.com\/fr\/wp-json\/wp\/v2\/media?parent=1322"}],"curies":[{"name":"wp","href":"https:\/\/api.w.org\/{rel}","templated":true}]}}