{"id":1321,"date":"2020-10-03T21:28:39","date_gmt":"2020-10-03T19:28:39","guid":{"rendered":"https:\/\/stbarthvillarental.com\/\/\/st-barts-experiences\/activities\/clone-of-watersports\/"},"modified":"2020-10-03T22:50:37","modified_gmt":"2020-10-03T20:50:37","slug":"sports-nautiques","status":"publish","type":"page","link":"https:\/\/stbarthvillarental.com\/fr\/sports-nautiques\/","title":{"rendered":"Sports Nautiques"},"content":{"rendered":"<p align=\"center\" style=\"\">Les sports nautiques sont un autre excellent moyen de rester en forme et, parmis toutes les belles plages que St Barth a \u00e0 offrir, il y a <strong>de nombreuses fa\u00e7ons de s&rsquo;amuser sur l&rsquo;eau<\/strong>.<\/p>\n<p align=\"center\" style=\"\">Si la plong\u00e9e sous-marine est votre tasse de th\u00e9, <strong>partez \u00e0 l&rsquo;exploration des grottes et \u00e9paves<\/strong> pr\u00e8s du Pain de Sucre et de L&rsquo;ane Rouge. Les professionnels de l&rsquo;\u00eele proposent des <strong>exp\u00e9ditions d&rsquo;une journ\u00e9e enti\u00e8re, des plong\u00e9es de nuit et bien plus encore.<\/strong><\/p>\n<p align=\"center\" style=\"\">Les amateurs de plein air peuvent \u00e9galement passer la journ\u00e9e \u00e0 faire du <strong>paddle, de la planche \u00e0 voile, du kitesurf, du ski nautique ou du jetski.<\/strong> Pour une option plus relaxante, vous pouvez naviguer sur un bateau, dont la taille peut varier du <strong>kayak, au voilier jusqu&rsquo;au yacht.<\/strong><\/p>\n<p style=\"text-align: center;\"><span>\u200b<\/span><\/p>\n<div class=\"tcb-post-list tve-content-list thrv_wrapper\" data-type=\"grid\" data-pagination-type=\"none\" data-pages_near_current=\"2\" data-css=\"tve-u-5f78d0e7f15c54\" data-total_post_count=\"5\" data-total_sticky_count=\"0\" data-disabled-links=\"0\" data-no_posts_text=\"There are no posts to display.\"><article id=\"post-1593\" class=\"post-1593 post type-post status-publish format-standard has-post-thumbnail hentry category-activites category-sports-nautiques post-wrapper thrv_wrapper thrive-animated-item  tve_evt_manager_listen tve_ea_thrive_animation tve_et_mouseover tve_anim_grow\" tcb_hover_state_parent=\"\" class=\"tve_evt_manager_listen tve_ea_thrive_animation tve_et_mouseover tve_anim_grow\" data-id=\"1593\" data-selector=\".post-wrapper\"><style class=\"tcb-post-list-dynamic-style\" type=\"text\/css\">@media (min-width: 300px){[].tcb-post-list #post-1593 []{background-image: linear-gradient(rgba(0, 0, 0, 0.5), rgba(0, 0, 0, 0.5)), url(\u00ab\u00a0https:\/\/stbarthvillarental.com\/wp-content\/uploads\/2020\/09\/st-barth-sailor.jpg\u00ab\u00a0) !important;}[].tcb-post-list #post-1593 []:hover []{background-image: linear-gradient(rgba(0, 0, 0, 0.4), rgba(0, 0, 0, 0.4)), url(\u00ab\u00a0https:\/\/stbarthvillarental.com\/wp-content\/uploads\/2020\/09\/st-barth-sailor.jpg\u00ab\u00a0) !important;}}<\/style><\/p>\n<h2 style=\"text-align: center;\"><span data-attr-css=\"tve-u-5f78d0e7f15d90\" data-attr-link=\"1\" data-attr-rel=\"0\" data-attr-target=\"0\" data-extra_key=\"\" data-option-inline=\"1\" data-shortcode=\"tcb_post_title\" data-shortcode-name=\"Post title\" data-attr-static-link=\"{&quot;className&quot;:&quot;tve-froala fr-basic tcb-local-vars-root&quot;,&quot;href&quot;:&quot;#&quot;,&quot;title&quot;:&quot;Sports Nautiques&quot;,&quot;data-css&quot;:&quot;tve-u-5f78d0e7f15d90&quot;,&quot;class&quot;:&quot;tve-froala fr-basic tcb-local-vars-root&quot;}\"><a href=\"https:\/\/stbarthvillarental.com\/fr\/st-barth-sailor\/\" title=\"St Barth Sailor\" data-css=\"tve-u-5f78d0e7f15d90\" class=\"tve-froala fr-basic tcb-local-vars-root\">St Barth Sailor<\/a><\/span><\/h2>\n<p><a href=\"https:\/\/stbarthvillarental.com\/fr\/st-barth-sailor\/\" style=\"\"><span><span>Read More<\/span><\/span><\/a><\/article><article id=\"post-1513\" class=\"post-1513 post type-post status-publish format-standard has-post-thumbnail hentry category-activites category-sports-nautiques post-wrapper thrv_wrapper thrive-animated-item  tve_evt_manager_listen tve_ea_thrive_animation tve_et_mouseover tve_anim_grow\" tcb_hover_state_parent=\"\" class=\"tve_evt_manager_listen tve_ea_thrive_animation tve_et_mouseover tve_anim_grow\" data-id=\"1513\" data-selector=\".post-wrapper\"><style class=\"tcb-post-list-dynamic-style\" type=\"text\/css\">@media (min-width: 300px){[].tcb-post-list #post-1513 []{background-image: linear-gradient(rgba(0, 0, 0, 0.5), rgba(0, 0, 0, 0.5)), url(\u00ab\u00a0https:\/\/stbarthvillarental.com\/wp-content\/uploads\/2020\/09\/serial-diver-st-barth-1024x569.jpg\u00ab\u00a0) !important;}[].tcb-post-list #post-1513 []:hover []{background-image: linear-gradient(rgba(0, 0, 0, 0.4), rgba(0, 0, 0, 0.4)), url(\u00ab\u00a0https:\/\/stbarthvillarental.com\/wp-content\/uploads\/2020\/09\/serial-diver-st-barth-1024x569.jpg\u00ab\u00a0) !important;}}<\/style><\/p>\n<h2 style=\"text-align: center;\"><span data-attr-css=\"tve-u-5f78d0e7f15d90\" data-attr-link=\"1\" data-attr-rel=\"0\" data-attr-target=\"0\" data-extra_key=\"\" data-option-inline=\"1\" data-shortcode=\"tcb_post_title\" data-shortcode-name=\"Post title\" data-attr-static-link=\"{&quot;className&quot;:&quot;tve-froala fr-basic tcb-local-vars-root&quot;,&quot;href&quot;:&quot;#&quot;,&quot;title&quot;:&quot;Sports Nautiques&quot;,&quot;data-css&quot;:&quot;tve-u-5f78d0e7f15d90&quot;,&quot;class&quot;:&quot;tve-froala fr-basic tcb-local-vars-root&quot;}\"><a href=\"https:\/\/stbarthvillarental.com\/fr\/serial-divers\/\" title=\"Serial Divers\" data-css=\"tve-u-5f78d0e7f15d90\" class=\"tve-froala fr-basic tcb-local-vars-root\">Serial Divers<\/a><\/span><\/h2>\n<p><a href=\"https:\/\/stbarthvillarental.com\/fr\/serial-divers\/\" style=\"\"><span><span>Read More<\/span><\/span><\/a><\/article><article id=\"post-1480\" class=\"post-1480 post type-post status-publish format-standard has-post-thumbnail hentry category-activites category-sports-nautiques post-wrapper thrv_wrapper thrive-animated-item  tve_evt_manager_listen tve_ea_thrive_animation tve_et_mouseover tve_anim_grow\" tcb_hover_state_parent=\"\" class=\"tve_evt_manager_listen tve_ea_thrive_animation tve_et_mouseover tve_anim_grow\" data-id=\"1480\" data-selector=\".post-wrapper\"><style class=\"tcb-post-list-dynamic-style\" type=\"text\/css\">@media (min-width: 300px){[].tcb-post-list #post-1480 []{background-image: linear-gradient(rgba(0, 0, 0, 0.5), rgba(0, 0, 0, 0.5)), url(\u00ab\u00a0https:\/\/stbarthvillarental.com\/wp-content\/uploads\/2020\/09\/ouanalao-dive-st-barth-1024x569.jpg\u00ab\u00a0) !important;}[].tcb-post-list #post-1480 []:hover []{background-image: linear-gradient(rgba(0, 0, 0, 0.4), rgba(0, 0, 0, 0.4)), url(\u00ab\u00a0https:\/\/stbarthvillarental.com\/wp-content\/uploads\/2020\/09\/ouanalao-dive-st-barth-1024x569.jpg\u00ab\u00a0) !important;}}<\/style><\/p>\n<h2 style=\"text-align: center;\"><span data-attr-css=\"tve-u-5f78d0e7f15d90\" data-attr-link=\"1\" data-attr-rel=\"0\" data-attr-target=\"0\" data-extra_key=\"\" data-option-inline=\"1\" data-shortcode=\"tcb_post_title\" data-shortcode-name=\"Post title\" data-attr-static-link=\"{&quot;className&quot;:&quot;tve-froala fr-basic tcb-local-vars-root&quot;,&quot;href&quot;:&quot;#&quot;,&quot;title&quot;:&quot;Sports Nautiques&quot;,&quot;data-css&quot;:&quot;tve-u-5f78d0e7f15d90&quot;,&quot;class&quot;:&quot;tve-froala fr-basic tcb-local-vars-root&quot;}\"><a href=\"https:\/\/stbarthvillarental.com\/fr\/ouanalao-dive\/\" title=\"Ouanalao Dive\" data-css=\"tve-u-5f78d0e7f15d90\" class=\"tve-froala fr-basic tcb-local-vars-root\">Ouanalao Dive<\/a><\/span><\/h2>\n<p><a href=\"https:\/\/stbarthvillarental.com\/fr\/ouanalao-dive\/\" style=\"\"><span><span>Read More<\/span><\/span><\/a><\/article><article id=\"post-1454\" class=\"post-1454 post type-post status-publish format-standard has-post-thumbnail hentry category-activites category-sports-nautiques post-wrapper thrv_wrapper thrive-animated-item  tve_evt_manager_listen tve_ea_thrive_animation tve_et_mouseover tve_anim_grow\" tcb_hover_state_parent=\"\" class=\"tve_evt_manager_listen tve_ea_thrive_animation tve_et_mouseover tve_anim_grow\" data-id=\"1454\" data-selector=\".post-wrapper\"><style class=\"tcb-post-list-dynamic-style\" type=\"text\/css\">@media (min-width: 300px){[].tcb-post-list #post-1454 []{background-image: linear-gradient(rgba(0, 0, 0, 0.5), rgba(0, 0, 0, 0.5)), url(\u00ab\u00a0https:\/\/stbarthvillarental.com\/wp-content\/uploads\/2020\/09\/Jicky-marine-st-barth-1024x272.jpg\u00ab\u00a0) !important;}[].tcb-post-list #post-1454 []:hover []{background-image: linear-gradient(rgba(0, 0, 0, 0.4), rgba(0, 0, 0, 0.4)), url(\u00ab\u00a0https:\/\/stbarthvillarental.com\/wp-content\/uploads\/2020\/09\/Jicky-marine-st-barth-1024x272.jpg\u00ab\u00a0) !important;}}<\/style><\/p>\n<h2 style=\"text-align: center;\"><span data-attr-css=\"tve-u-5f78d0e7f15d90\" data-attr-link=\"1\" data-attr-rel=\"0\" data-attr-target=\"0\" data-extra_key=\"\" data-option-inline=\"1\" data-shortcode=\"tcb_post_title\" data-shortcode-name=\"Post title\" data-attr-static-link=\"{&quot;className&quot;:&quot;tve-froala fr-basic tcb-local-vars-root&quot;,&quot;href&quot;:&quot;#&quot;,&quot;title&quot;:&quot;Sports Nautiques&quot;,&quot;data-css&quot;:&quot;tve-u-5f78d0e7f15d90&quot;,&quot;class&quot;:&quot;tve-froala fr-basic tcb-local-vars-root&quot;}\"><a href=\"https:\/\/stbarthvillarental.com\/fr\/jicky-marine\/\" title=\"Jicky Marine\" data-css=\"tve-u-5f78d0e7f15d90\" class=\"tve-froala fr-basic tcb-local-vars-root\">Jicky Marine<\/a><\/span><\/h2>\n<p><a href=\"https:\/\/stbarthvillarental.com\/fr\/jicky-marine\/\" style=\"\"><span><span>Read More<\/span><\/span><\/a><\/article><article id=\"post-1436\" class=\"post-1436 post type-post status-publish format-standard has-post-thumbnail hentry category-activites category-sports-nautiques post-wrapper thrv_wrapper thrive-animated-item  tve_evt_manager_listen tve_ea_thrive_animation tve_et_mouseover tve_anim_grow\" tcb_hover_state_parent=\"\" class=\"tve_evt_manager_listen tve_ea_thrive_animation tve_et_mouseover tve_anim_grow\" data-id=\"1436\" data-selector=\".post-wrapper\"><style class=\"tcb-post-list-dynamic-style\" type=\"text\/css\">@media (min-width: 300px){[].tcb-post-list #post-1436 []{background-image: linear-gradient(rgba(0, 0, 0, 0.5), rgba(0, 0, 0, 0.5)), url(\u00ab\u00a0https:\/\/stbarthvillarental.com\/wp-content\/uploads\/2020\/09\/Masterski-pilou-st-barth-1024x569.jpg\u00ab\u00a0) !important;}[].tcb-post-list #post-1436 []:hover []{background-image: linear-gradient(rgba(0, 0, 0, 0.4), rgba(0, 0, 0, 0.4)), url(\u00ab\u00a0https:\/\/stbarthvillarental.com\/wp-content\/uploads\/2020\/09\/Masterski-pilou-st-barth-1024x569.jpg\u00ab\u00a0) !important;}}<\/style><\/p>\n<h2 style=\"text-align: center;\"><span data-attr-css=\"tve-u-5f78d0e7f15d90\" data-attr-link=\"1\" data-attr-rel=\"0\" data-attr-target=\"0\" data-extra_key=\"\" data-option-inline=\"1\" data-shortcode=\"tcb_post_title\" data-shortcode-name=\"Post title\" data-attr-static-link=\"{&quot;className&quot;:&quot;tve-froala fr-basic tcb-local-vars-root&quot;,&quot;href&quot;:&quot;#&quot;,&quot;title&quot;:&quot;Sports Nautiques&quot;,&quot;data-css&quot;:&quot;tve-u-5f78d0e7f15d90&quot;,&quot;class&quot;:&quot;tve-froala fr-basic tcb-local-vars-root&quot;}\"><a href=\"https:\/\/stbarthvillarental.com\/fr\/masterski-pilou\/\" title=\"Masterski Pilou\" data-css=\"tve-u-5f78d0e7f15d90\" class=\"tve-froala fr-basic tcb-local-vars-root\">Masterski Pilou<\/a><\/span><\/h2>\n<p><a href=\"https:\/\/stbarthvillarental.com\/fr\/masterski-pilou\/\" style=\"\"><span><span>Read More<\/span><\/span><\/a><\/article><\/div>\n","protected":false},"excerpt":{"rendered":"<p>Les sports nautiques sont un autre excellent moyen de rester en forme et, parmis toutes les belles plages que St Barth a \u00e0 offrir, il y a de nombreuses fa\u00e7ons de s&rsquo;amuser sur l&rsquo;eau. Si la plong\u00e9e sous-marine est votre tasse de th\u00e9, partez \u00e0 l&rsquo;exploration des grottes et \u00e9paves pr\u00e8s du Pain de Sucre [&hellip;]<\/p>\n","protected":false},"author":1,"featured_media":506,"parent":0,"menu_order":0,"comment_status":"closed","ping_status":"closed","template":"","meta":{"footnotes":""},"class_list":{"0":"post-1321","1":"page","2":"type-page","3":"status-publish","4":"has-post-thumbnail","5":"hentry","6":"post-wrapper","7":"thrv_wrapper","10":"thrive-animated-item"},"yoast_head":"<!-- This site is optimized with the Yoast SEO Premium plugin v25.3.1 (Yoast SEO v27.1.1) - https:\/\/yoast.com\/product\/yoast-seo-premium-wordpress\/ -->\n<title>Excursions en bateau et sports nautiques \u00e0 St Barth - St Barth Villa Rental<\/title>\n<meta name=\"description\" content=\"Les sports nautiques sont un excellent moyen de rester en forme et, parmis toutes les belles plages que St Barth a \u00e0 offrir, il y a de nombreuses fa\u00e7ons de s&#039;amuser sur l&#039;eau.\" \/>\n<meta name=\"robots\" content=\"index, follow, max-snippet:-1, max-image-preview:large, max-video-preview:-1\" \/>\n<link rel=\"canonical\" href=\"https:\/\/stbarthvillarental.com\/fr\/sports-nautiques\/\" \/>\n<meta property=\"og:locale\" content=\"fr_FR\" \/>\n<meta property=\"og:type\" content=\"article\" \/>\n<meta property=\"og:title\" content=\"Sports Nautiques\" \/>\n<meta property=\"og:description\" content=\"Les sports nautiques sont un excellent moyen de rester en forme et, parmis toutes les belles plages que St Barth a \u00e0 offrir, il y a de nombreuses fa\u00e7ons de s&#039;amuser sur l&#039;eau.\" \/>\n<meta property=\"og:url\" content=\"https:\/\/stbarthvillarental.com\/fr\/sports-nautiques\/\" \/>\n<meta property=\"og:site_name\" content=\"St Barth Villa Rental\" \/>\n<meta property=\"article:modified_time\" content=\"2020-10-03T20:50:37+00:00\" \/>\n<meta property=\"og:image\" content=\"https:\/\/stbarthvillarental.com\/wp-content\/uploads\/2020\/09\/Activites-st-barth-scaled.jpeg\" \/>\n\t<meta property=\"og:image:width\" content=\"2560\" \/>\n\t<meta property=\"og:image:height\" content=\"1707\" \/>\n\t<meta property=\"og:image:type\" content=\"image\/jpeg\" \/>\n<meta name=\"twitter:card\" content=\"summary_large_image\" \/>\n<meta name=\"twitter:label1\" content=\"Dur\u00e9e de lecture estim\u00e9e\" \/>\n\t<meta name=\"twitter:data1\" content=\"2 minutes\" \/>\n<script type=\"application\/ld+json\" class=\"yoast-schema-graph\">{\"@context\":\"https:\/\/schema.org\",\"@graph\":[{\"@type\":\"WebPage\",\"@id\":\"https:\/\/stbarthvillarental.com\/fr\/sports-nautiques\/\",\"url\":\"https:\/\/stbarthvillarental.com\/fr\/sports-nautiques\/\",\"name\":\"Excursions en bateau et sports nautiques \u00e0 St Barth - St Barth Villa Rental\",\"isPartOf\":{\"@id\":\"https:\/\/stbarthvillarental.com\/fr\/#website\"},\"primaryImageOfPage\":{\"@id\":\"https:\/\/stbarthvillarental.com\/fr\/sports-nautiques\/#primaryimage\"},\"image\":{\"@id\":\"https:\/\/stbarthvillarental.com\/fr\/sports-nautiques\/#primaryimage\"},\"thumbnailUrl\":\"https:\/\/stbarthvillarental.com\/wp-content\/uploads\/2020\/09\/Activites-st-barth-scaled.jpeg\",\"datePublished\":\"2020-10-03T19:28:39+00:00\",\"dateModified\":\"2020-10-03T20:50:37+00:00\",\"description\":\"Les sports nautiques sont un excellent moyen de rester en forme et, parmis toutes les belles plages que St Barth a \u00e0 offrir, il y a de nombreuses fa\u00e7ons de s'amuser sur l'eau.\",\"breadcrumb\":{\"@id\":\"https:\/\/stbarthvillarental.com\/fr\/sports-nautiques\/#breadcrumb\"},\"inLanguage\":\"fr-FR\",\"potentialAction\":[{\"@type\":\"ReadAction\",\"target\":[\"https:\/\/stbarthvillarental.com\/fr\/sports-nautiques\/\"]}]},{\"@type\":\"ImageObject\",\"inLanguage\":\"fr-FR\",\"@id\":\"https:\/\/stbarthvillarental.com\/fr\/sports-nautiques\/#primaryimage\",\"url\":\"https:\/\/stbarthvillarental.com\/wp-content\/uploads\/2020\/09\/Activites-st-barth-scaled.jpeg\",\"contentUrl\":\"https:\/\/stbarthvillarental.com\/wp-content\/uploads\/2020\/09\/Activites-st-barth-scaled.jpeg\",\"width\":2560,\"height\":1707},{\"@type\":\"BreadcrumbList\",\"@id\":\"https:\/\/stbarthvillarental.com\/fr\/sports-nautiques\/#breadcrumb\",\"itemListElement\":[{\"@type\":\"ListItem\",\"position\":1,\"name\":\"Home\",\"item\":\"https:\/\/stbarthvillarental.com\/fr\/\"},{\"@type\":\"ListItem\",\"position\":2,\"name\":\"Sports Nautiques\"}]},{\"@type\":\"WebSite\",\"@id\":\"https:\/\/stbarthvillarental.com\/fr\/#website\",\"url\":\"https:\/\/stbarthvillarental.com\/fr\/\",\"name\":\"St Barth Villa Rental\",\"description\":\"Your Luxury Retreat Starts Here\",\"potentialAction\":[{\"@type\":\"SearchAction\",\"target\":{\"@type\":\"EntryPoint\",\"urlTemplate\":\"https:\/\/stbarthvillarental.com\/fr\/?s={search_term_string}\"},\"query-input\":{\"@type\":\"PropertyValueSpecification\",\"valueRequired\":true,\"valueName\":\"search_term_string\"}}],\"inLanguage\":\"fr-FR\"}]}<\/script>\n<!-- \/ Yoast SEO Premium plugin. -->","yoast_head_json":{"title":"Excursions en bateau et sports nautiques \u00e0 St Barth - St Barth Villa Rental","description":"Les sports nautiques sont un excellent moyen de rester en forme et, parmis toutes les belles plages que St Barth a \u00e0 offrir, il y a de nombreuses fa\u00e7ons de s'amuser sur l'eau.","robots":{"index":"index","follow":"follow","max-snippet":"max-snippet:-1","max-image-preview":"max-image-preview:large","max-video-preview":"max-video-preview:-1"},"canonical":"https:\/\/stbarthvillarental.com\/fr\/sports-nautiques\/","og_locale":"fr_FR","og_type":"article","og_title":"Sports Nautiques","og_description":"Les sports nautiques sont un excellent moyen de rester en forme et, parmis toutes les belles plages que St Barth a \u00e0 offrir, il y a de nombreuses fa\u00e7ons de s'amuser sur l'eau.","og_url":"https:\/\/stbarthvillarental.com\/fr\/sports-nautiques\/","og_site_name":"St Barth Villa Rental","article_modified_time":"2020-10-03T20:50:37+00:00","og_image":[{"width":2560,"height":1707,"url":"https:\/\/stbarthvillarental.com\/wp-content\/uploads\/2020\/09\/Activites-st-barth-scaled.jpeg","type":"image\/jpeg"}],"twitter_card":"summary_large_image","twitter_misc":{"Dur\u00e9e de lecture estim\u00e9e":"2 minutes"},"schema":{"@context":"https:\/\/schema.org","@graph":[{"@type":"WebPage","@id":"https:\/\/stbarthvillarental.com\/fr\/sports-nautiques\/","url":"https:\/\/stbarthvillarental.com\/fr\/sports-nautiques\/","name":"Excursions en bateau et sports nautiques \u00e0 St Barth - St Barth Villa Rental","isPartOf":{"@id":"https:\/\/stbarthvillarental.com\/fr\/#website"},"primaryImageOfPage":{"@id":"https:\/\/stbarthvillarental.com\/fr\/sports-nautiques\/#primaryimage"},"image":{"@id":"https:\/\/stbarthvillarental.com\/fr\/sports-nautiques\/#primaryimage"},"thumbnailUrl":"https:\/\/stbarthvillarental.com\/wp-content\/uploads\/2020\/09\/Activites-st-barth-scaled.jpeg","datePublished":"2020-10-03T19:28:39+00:00","dateModified":"2020-10-03T20:50:37+00:00","description":"Les sports nautiques sont un excellent moyen de rester en forme et, parmis toutes les belles plages que St Barth a \u00e0 offrir, il y a de nombreuses fa\u00e7ons de s'amuser sur l'eau.","breadcrumb":{"@id":"https:\/\/stbarthvillarental.com\/fr\/sports-nautiques\/#breadcrumb"},"inLanguage":"fr-FR","potentialAction":[{"@type":"ReadAction","target":["https:\/\/stbarthvillarental.com\/fr\/sports-nautiques\/"]}]},{"@type":"ImageObject","inLanguage":"fr-FR","@id":"https:\/\/stbarthvillarental.com\/fr\/sports-nautiques\/#primaryimage","url":"https:\/\/stbarthvillarental.com\/wp-content\/uploads\/2020\/09\/Activites-st-barth-scaled.jpeg","contentUrl":"https:\/\/stbarthvillarental.com\/wp-content\/uploads\/2020\/09\/Activites-st-barth-scaled.jpeg","width":2560,"height":1707},{"@type":"BreadcrumbList","@id":"https:\/\/stbarthvillarental.com\/fr\/sports-nautiques\/#breadcrumb","itemListElement":[{"@type":"ListItem","position":1,"name":"Home","item":"https:\/\/stbarthvillarental.com\/fr\/"},{"@type":"ListItem","position":2,"name":"Sports Nautiques"}]},{"@type":"WebSite","@id":"https:\/\/stbarthvillarental.com\/fr\/#website","url":"https:\/\/stbarthvillarental.com\/fr\/","name":"St Barth Villa Rental","description":"Your Luxury Retreat Starts Here","potentialAction":[{"@type":"SearchAction","target":{"@type":"EntryPoint","urlTemplate":"https:\/\/stbarthvillarental.com\/fr\/?s={search_term_string}"},"query-input":{"@type":"PropertyValueSpecification","valueRequired":true,"valueName":"search_term_string"}}],"inLanguage":"fr-FR"}]}},"_links":{"self":[{"href":"https:\/\/stbarthvillarental.com\/fr\/wp-json\/wp\/v2\/pages\/1321","targetHints":{"allow":["GET"]}}],"collection":[{"href":"https:\/\/stbarthvillarental.com\/fr\/wp-json\/wp\/v2\/pages"}],"about":[{"href":"https:\/\/stbarthvillarental.com\/fr\/wp-json\/wp\/v2\/types\/page"}],"author":[{"embeddable":true,"href":"https:\/\/stbarthvillarental.com\/fr\/wp-json\/wp\/v2\/users\/1"}],"replies":[{"embeddable":true,"href":"https:\/\/stbarthvillarental.com\/fr\/wp-json\/wp\/v2\/comments?post=1321"}],"version-history":[{"count":4,"href":"https:\/\/stbarthvillarental.com\/fr\/wp-json\/wp\/v2\/pages\/1321\/revisions"}],"predecessor-version":[{"id":1344,"href":"https:\/\/stbarthvillarental.com\/fr\/wp-json\/wp\/v2\/pages\/1321\/revisions\/1344"}],"wp:featuredmedia":[{"embeddable":true,"href":"https:\/\/stbarthvillarental.com\/fr\/wp-json\/wp\/v2\/media\/506"}],"wp:attachment":[{"href":"https:\/\/stbarthvillarental.com\/fr\/wp-json\/wp\/v2\/media?parent=1321"}],"curies":[{"name":"wp","href":"https:\/\/api.w.org\/{rel}","templated":true}]}}