{"id":1320,"date":"2020-10-03T21:28:39","date_gmt":"2020-10-03T19:28:39","guid":{"rendered":"https:\/\/stbarthvillarental.com\/\/\/st-barts-experiences\/activities\/clone-of-night-clubs\/"},"modified":"2020-10-03T22:51:51","modified_gmt":"2020-10-03T20:51:51","slug":"vie-nocturne","status":"publish","type":"page","link":"https:\/\/stbarthvillarental.com\/fr\/vie-nocturne\/","title":{"rendered":"Vie Nocturne"},"content":{"rendered":"<p style=\"text-align: center;\"><strong>St Barth est bien s\u00fbr connue pour ses folles nuits<\/strong>. Si vous souhaitez passer des soir\u00e9es inoubliables, certaines destinations sont \u00e0 inclure \u00e0 votre to-do list.<\/p>\n<p style=\"text-align: center;\">Certains \u00e9tablissements int\u00e8grent la <strong>culture fran\u00e7aise<\/strong> en vous faisant vivre une <strong>exp\u00e9rience burlesque vintage<\/strong>.<\/p>\n<p style=\"text-align: center;\">D&rsquo;autres sont parfaits lorsque vous ne savez pas exactement o\u00f9 vous voulez que la nuit vous m\u00e8ne. Nich\u00e9es dans des endroits cach\u00e9s, elles sont parfaites pour vous offrir <strong>une exp\u00e9rience nocturne authentique. <\/strong><\/p>\n<p style=\"text-align: center;\">Certains \u00e9tablissement de nuit servent \u00e9galement de la nourriture 24h\/24 pour vous permettre de garder votre \u00e9nergie jusqu&rsquo;aux petites heures du matin.<\/p>\n<div class=\"tcb-post-list tve-content-list thrv_wrapper\" data-type=\"grid\" data-pagination-type=\"none\" data-pages_near_current=\"2\" data-css=\"tve-u-5f78d0e7cafdf5\" data-total_post_count=\"2\" data-total_sticky_count=\"0\" data-disabled-links=\"0\" data-no_posts_text=\"There are no posts to display.\"><article id=\"post-1602\" class=\"post-1602 post type-post status-publish format-standard has-post-thumbnail hentry category-activites category-boites-de-nuits post-wrapper thrv_wrapper thrive-animated-item  tve_evt_manager_listen tve_ea_thrive_animation tve_et_mouseover tve_anim_grow\" tcb_hover_state_parent=\"\" class=\"tve_evt_manager_listen tve_ea_thrive_animation tve_et_mouseover tve_anim_grow\" data-id=\"1602\" data-selector=\".post-wrapper\"><style class=\"tcb-post-list-dynamic-style\" type=\"text\/css\">@media (min-width: 300px){[].tcb-post-list #post-1602 []{background-image: linear-gradient(rgba(0, 0, 0, 0.5), rgba(0, 0, 0, 0.5)), url(\u00ab\u00a0https:\/\/stbarthvillarental.com\/wp-content\/uploads\/2020\/09\/casa-st-barth.jpg\u00ab\u00a0) !important;}[].tcb-post-list #post-1602 []:hover []{background-image: linear-gradient(rgba(0, 0, 0, 0.4), rgba(0, 0, 0, 0.4)), url(\u00ab\u00a0https:\/\/stbarthvillarental.com\/wp-content\/uploads\/2020\/09\/casa-st-barth.jpg\u00ab\u00a0) !important;}}<\/style><\/p>\n<h2 style=\"text-align: center;\"><span data-attr-css=\"tve-u-5f78d0e7cafed7\" data-attr-link=\"1\" data-attr-rel=\"0\" data-attr-target=\"0\" data-extra_key=\"\" data-option-inline=\"1\" data-shortcode=\"tcb_post_title\" data-shortcode-name=\"Post title\" data-attr-static-link=\"{&quot;className&quot;:&quot;tve-froala fr-basic tcb-local-vars-root&quot;,&quot;href&quot;:&quot;#&quot;,&quot;title&quot;:&quot;Vie Nocturne&quot;,&quot;data-css&quot;:&quot;tve-u-5f78d0e7cafed7&quot;,&quot;class&quot;:&quot;tve-froala fr-basic tcb-local-vars-root&quot;}\"><a href=\"https:\/\/stbarthvillarental.com\/fr\/casa\/\" title=\"Casa\" data-css=\"tve-u-5f78d0e7cafed7\" class=\"tve-froala fr-basic tcb-local-vars-root\">Casa<\/a><\/span><\/h2>\n<p><a href=\"https:\/\/stbarthvillarental.com\/fr\/casa\/\" style=\"\"><span><span>Read More<\/span><\/span><\/a><\/article><article id=\"post-1554\" class=\"post-1554 post type-post status-publish format-standard has-post-thumbnail hentry category-activites category-boites-de-nuits post-wrapper thrv_wrapper thrive-animated-item  tve_evt_manager_listen tve_ea_thrive_animation tve_et_mouseover tve_anim_grow\" tcb_hover_state_parent=\"\" class=\"tve_evt_manager_listen tve_ea_thrive_animation tve_et_mouseover tve_anim_grow\" data-id=\"1554\" data-selector=\".post-wrapper\"><style class=\"tcb-post-list-dynamic-style\" type=\"text\/css\">@media (min-width: 300px){[].tcb-post-list #post-1554 []{background-image: linear-gradient(rgba(0, 0, 0, 0.5), rgba(0, 0, 0, 0.5)), url(\u00ab\u00a0https:\/\/stbarthvillarental.com\/wp-content\/uploads\/2020\/09\/modjo-st-barth-1024x569.jpg\u00ab\u00a0) !important;}[].tcb-post-list #post-1554 []:hover []{background-image: linear-gradient(rgba(0, 0, 0, 0.4), rgba(0, 0, 0, 0.4)), url(\u00ab\u00a0https:\/\/stbarthvillarental.com\/wp-content\/uploads\/2020\/09\/modjo-st-barth-1024x569.jpg\u00ab\u00a0) !important;}}<\/style><\/p>\n<h2 style=\"text-align: center;\"><span data-attr-css=\"tve-u-5f78d0e7cafed7\" data-attr-link=\"1\" data-attr-rel=\"0\" data-attr-target=\"0\" data-extra_key=\"\" data-option-inline=\"1\" data-shortcode=\"tcb_post_title\" data-shortcode-name=\"Post title\" data-attr-static-link=\"{&quot;className&quot;:&quot;tve-froala fr-basic tcb-local-vars-root&quot;,&quot;href&quot;:&quot;#&quot;,&quot;title&quot;:&quot;Vie Nocturne&quot;,&quot;data-css&quot;:&quot;tve-u-5f78d0e7cafed7&quot;,&quot;class&quot;:&quot;tve-froala fr-basic tcb-local-vars-root&quot;}\"><a href=\"https:\/\/stbarthvillarental.com\/fr\/modjo\/\" title=\"Modjo\" data-css=\"tve-u-5f78d0e7cafed7\" class=\"tve-froala fr-basic tcb-local-vars-root\">Modjo<\/a><\/span><\/h2>\n<p><a href=\"https:\/\/stbarthvillarental.com\/fr\/modjo\/\" style=\"\"><span><span>Read More<\/span><\/span><\/a><\/article><\/div>\n","protected":false},"excerpt":{"rendered":"<p>St Barth est bien s\u00fbr connue pour ses folles nuits. Si vous souhaitez passer des soir\u00e9es inoubliables, certaines destinations sont \u00e0 inclure \u00e0 votre to-do list. Certains \u00e9tablissements int\u00e8grent la culture fran\u00e7aise en vous faisant vivre une exp\u00e9rience burlesque vintage. D&rsquo;autres sont parfaits lorsque vous ne savez pas exactement o\u00f9 vous voulez que la nuit [&hellip;]<\/p>\n","protected":false},"author":1,"featured_media":831,"parent":0,"menu_order":0,"comment_status":"closed","ping_status":"closed","template":"","meta":{"footnotes":""},"class_list":{"0":"post-1320","1":"page","2":"type-page","3":"status-publish","4":"has-post-thumbnail","5":"hentry","6":"post-wrapper","7":"thrv_wrapper","10":"thrive-animated-item"},"yoast_head":"<!-- This site is optimized with the Yoast SEO Premium plugin v25.3.1 (Yoast SEO v27.1.1) - https:\/\/yoast.com\/product\/yoast-seo-premium-wordpress\/ -->\n<title>Le meilleur de la vie nocturne \u00e0 Saint Barth - Meilleurs bars et clubs<\/title>\n<meta name=\"description\" content=\"St Barth est bien s\u00fbr connue pour ses folles nuits. Si vous souhaitez passer des soir\u00e9es inoubliables, certaines destinations sont \u00e0 inclure \u00e0 votre to-do list.\" \/>\n<meta name=\"robots\" content=\"index, follow, max-snippet:-1, max-image-preview:large, max-video-preview:-1\" \/>\n<link rel=\"canonical\" href=\"https:\/\/stbarthvillarental.com\/fr\/vie-nocturne\/\" \/>\n<meta property=\"og:locale\" content=\"fr_FR\" \/>\n<meta property=\"og:type\" content=\"article\" \/>\n<meta property=\"og:title\" content=\"Vie Nocturne\" \/>\n<meta property=\"og:description\" content=\"St Barth est bien s\u00fbr connue pour ses folles nuits. Si vous souhaitez passer des soir\u00e9es inoubliables, certaines destinations sont \u00e0 inclure \u00e0 votre to-do list.\" \/>\n<meta property=\"og:url\" content=\"https:\/\/stbarthvillarental.com\/fr\/vie-nocturne\/\" \/>\n<meta property=\"og:site_name\" content=\"St Barth Villa Rental\" \/>\n<meta property=\"article:modified_time\" content=\"2020-10-03T20:51:51+00:00\" \/>\n<meta property=\"og:image\" content=\"https:\/\/stbarthvillarental.com\/wp-content\/uploads\/2020\/09\/nightclub.jpg\" \/>\n\t<meta property=\"og:image:width\" content=\"1200\" \/>\n\t<meta property=\"og:image:height\" content=\"675\" \/>\n\t<meta property=\"og:image:type\" content=\"image\/jpeg\" \/>\n<meta name=\"twitter:card\" content=\"summary_large_image\" \/>\n<meta name=\"twitter:label1\" content=\"Dur\u00e9e de lecture estim\u00e9e\" \/>\n\t<meta name=\"twitter:data1\" content=\"2 minutes\" \/>\n<script type=\"application\/ld+json\" class=\"yoast-schema-graph\">{\"@context\":\"https:\/\/schema.org\",\"@graph\":[{\"@type\":\"WebPage\",\"@id\":\"https:\/\/stbarthvillarental.com\/fr\/vie-nocturne\/\",\"url\":\"https:\/\/stbarthvillarental.com\/fr\/vie-nocturne\/\",\"name\":\"Le meilleur de la vie nocturne \u00e0 Saint Barth - Meilleurs bars et clubs\",\"isPartOf\":{\"@id\":\"https:\/\/stbarthvillarental.com\/fr\/#website\"},\"primaryImageOfPage\":{\"@id\":\"https:\/\/stbarthvillarental.com\/fr\/vie-nocturne\/#primaryimage\"},\"image\":{\"@id\":\"https:\/\/stbarthvillarental.com\/fr\/vie-nocturne\/#primaryimage\"},\"thumbnailUrl\":\"https:\/\/stbarthvillarental.com\/wp-content\/uploads\/2020\/09\/nightclub.jpg\",\"datePublished\":\"2020-10-03T19:28:39+00:00\",\"dateModified\":\"2020-10-03T20:51:51+00:00\",\"description\":\"St Barth est bien s\u00fbr connue pour ses folles nuits. Si vous souhaitez passer des soir\u00e9es inoubliables, certaines destinations sont \u00e0 inclure \u00e0 votre to-do list.\",\"breadcrumb\":{\"@id\":\"https:\/\/stbarthvillarental.com\/fr\/vie-nocturne\/#breadcrumb\"},\"inLanguage\":\"fr-FR\",\"potentialAction\":[{\"@type\":\"ReadAction\",\"target\":[\"https:\/\/stbarthvillarental.com\/fr\/vie-nocturne\/\"]}]},{\"@type\":\"ImageObject\",\"inLanguage\":\"fr-FR\",\"@id\":\"https:\/\/stbarthvillarental.com\/fr\/vie-nocturne\/#primaryimage\",\"url\":\"https:\/\/stbarthvillarental.com\/wp-content\/uploads\/2020\/09\/nightclub.jpg\",\"contentUrl\":\"https:\/\/stbarthvillarental.com\/wp-content\/uploads\/2020\/09\/nightclub.jpg\",\"width\":1200,\"height\":675},{\"@type\":\"BreadcrumbList\",\"@id\":\"https:\/\/stbarthvillarental.com\/fr\/vie-nocturne\/#breadcrumb\",\"itemListElement\":[{\"@type\":\"ListItem\",\"position\":1,\"name\":\"Home\",\"item\":\"https:\/\/stbarthvillarental.com\/fr\/\"},{\"@type\":\"ListItem\",\"position\":2,\"name\":\"Vie Nocturne\"}]},{\"@type\":\"WebSite\",\"@id\":\"https:\/\/stbarthvillarental.com\/fr\/#website\",\"url\":\"https:\/\/stbarthvillarental.com\/fr\/\",\"name\":\"St Barth Villa Rental\",\"description\":\"Your Luxury Retreat Starts Here\",\"potentialAction\":[{\"@type\":\"SearchAction\",\"target\":{\"@type\":\"EntryPoint\",\"urlTemplate\":\"https:\/\/stbarthvillarental.com\/fr\/?s={search_term_string}\"},\"query-input\":{\"@type\":\"PropertyValueSpecification\",\"valueRequired\":true,\"valueName\":\"search_term_string\"}}],\"inLanguage\":\"fr-FR\"}]}<\/script>\n<!-- \/ Yoast SEO Premium plugin. -->","yoast_head_json":{"title":"Le meilleur de la vie nocturne \u00e0 Saint Barth - Meilleurs bars et clubs","description":"St Barth est bien s\u00fbr connue pour ses folles nuits. Si vous souhaitez passer des soir\u00e9es inoubliables, certaines destinations sont \u00e0 inclure \u00e0 votre to-do list.","robots":{"index":"index","follow":"follow","max-snippet":"max-snippet:-1","max-image-preview":"max-image-preview:large","max-video-preview":"max-video-preview:-1"},"canonical":"https:\/\/stbarthvillarental.com\/fr\/vie-nocturne\/","og_locale":"fr_FR","og_type":"article","og_title":"Vie Nocturne","og_description":"St Barth est bien s\u00fbr connue pour ses folles nuits. Si vous souhaitez passer des soir\u00e9es inoubliables, certaines destinations sont \u00e0 inclure \u00e0 votre to-do list.","og_url":"https:\/\/stbarthvillarental.com\/fr\/vie-nocturne\/","og_site_name":"St Barth Villa Rental","article_modified_time":"2020-10-03T20:51:51+00:00","og_image":[{"width":1200,"height":675,"url":"https:\/\/stbarthvillarental.com\/wp-content\/uploads\/2020\/09\/nightclub.jpg","type":"image\/jpeg"}],"twitter_card":"summary_large_image","twitter_misc":{"Dur\u00e9e de lecture estim\u00e9e":"2 minutes"},"schema":{"@context":"https:\/\/schema.org","@graph":[{"@type":"WebPage","@id":"https:\/\/stbarthvillarental.com\/fr\/vie-nocturne\/","url":"https:\/\/stbarthvillarental.com\/fr\/vie-nocturne\/","name":"Le meilleur de la vie nocturne \u00e0 Saint Barth - Meilleurs bars et clubs","isPartOf":{"@id":"https:\/\/stbarthvillarental.com\/fr\/#website"},"primaryImageOfPage":{"@id":"https:\/\/stbarthvillarental.com\/fr\/vie-nocturne\/#primaryimage"},"image":{"@id":"https:\/\/stbarthvillarental.com\/fr\/vie-nocturne\/#primaryimage"},"thumbnailUrl":"https:\/\/stbarthvillarental.com\/wp-content\/uploads\/2020\/09\/nightclub.jpg","datePublished":"2020-10-03T19:28:39+00:00","dateModified":"2020-10-03T20:51:51+00:00","description":"St Barth est bien s\u00fbr connue pour ses folles nuits. Si vous souhaitez passer des soir\u00e9es inoubliables, certaines destinations sont \u00e0 inclure \u00e0 votre to-do list.","breadcrumb":{"@id":"https:\/\/stbarthvillarental.com\/fr\/vie-nocturne\/#breadcrumb"},"inLanguage":"fr-FR","potentialAction":[{"@type":"ReadAction","target":["https:\/\/stbarthvillarental.com\/fr\/vie-nocturne\/"]}]},{"@type":"ImageObject","inLanguage":"fr-FR","@id":"https:\/\/stbarthvillarental.com\/fr\/vie-nocturne\/#primaryimage","url":"https:\/\/stbarthvillarental.com\/wp-content\/uploads\/2020\/09\/nightclub.jpg","contentUrl":"https:\/\/stbarthvillarental.com\/wp-content\/uploads\/2020\/09\/nightclub.jpg","width":1200,"height":675},{"@type":"BreadcrumbList","@id":"https:\/\/stbarthvillarental.com\/fr\/vie-nocturne\/#breadcrumb","itemListElement":[{"@type":"ListItem","position":1,"name":"Home","item":"https:\/\/stbarthvillarental.com\/fr\/"},{"@type":"ListItem","position":2,"name":"Vie Nocturne"}]},{"@type":"WebSite","@id":"https:\/\/stbarthvillarental.com\/fr\/#website","url":"https:\/\/stbarthvillarental.com\/fr\/","name":"St Barth Villa Rental","description":"Your Luxury Retreat Starts Here","potentialAction":[{"@type":"SearchAction","target":{"@type":"EntryPoint","urlTemplate":"https:\/\/stbarthvillarental.com\/fr\/?s={search_term_string}"},"query-input":{"@type":"PropertyValueSpecification","valueRequired":true,"valueName":"search_term_string"}}],"inLanguage":"fr-FR"}]}},"_links":{"self":[{"href":"https:\/\/stbarthvillarental.com\/fr\/wp-json\/wp\/v2\/pages\/1320","targetHints":{"allow":["GET"]}}],"collection":[{"href":"https:\/\/stbarthvillarental.com\/fr\/wp-json\/wp\/v2\/pages"}],"about":[{"href":"https:\/\/stbarthvillarental.com\/fr\/wp-json\/wp\/v2\/types\/page"}],"author":[{"embeddable":true,"href":"https:\/\/stbarthvillarental.com\/fr\/wp-json\/wp\/v2\/users\/1"}],"replies":[{"embeddable":true,"href":"https:\/\/stbarthvillarental.com\/fr\/wp-json\/wp\/v2\/comments?post=1320"}],"version-history":[{"count":3,"href":"https:\/\/stbarthvillarental.com\/fr\/wp-json\/wp\/v2\/pages\/1320\/revisions"}],"predecessor-version":[{"id":1346,"href":"https:\/\/stbarthvillarental.com\/fr\/wp-json\/wp\/v2\/pages\/1320\/revisions\/1346"}],"wp:featuredmedia":[{"embeddable":true,"href":"https:\/\/stbarthvillarental.com\/fr\/wp-json\/wp\/v2\/media\/831"}],"wp:attachment":[{"href":"https:\/\/stbarthvillarental.com\/fr\/wp-json\/wp\/v2\/media?parent=1320"}],"curies":[{"name":"wp","href":"https:\/\/api.w.org\/{rel}","templated":true}]}}