{"id":1319,"date":"2020-10-03T21:28:36","date_gmt":"2020-10-03T19:28:36","guid":{"rendered":"https:\/\/stbarthvillarental.com\/\/\/st-barts-experiences\/activities\/clone-of-fitness\/"},"modified":"2020-10-23T02:43:30","modified_gmt":"2020-10-23T00:43:30","slug":"fitness","status":"publish","type":"page","link":"https:\/\/stbarthvillarental.com\/fr\/fitness\/","title":{"rendered":"Fitness \u00e0 St Barth"},"content":{"rendered":"<p style=\"text-align: center;\"><strong>Il n&rsquo;y a pas de meilleure fa\u00e7on de commencer la journ\u00e9e qu&rsquo;en faisant de l&rsquo;exercice.<\/strong> St Barts est un endroit o\u00f9 les gens sont fiers de se sentir au mieux de leur forme. Vous pouvez donc vous attendre \u00e0 ce que l&rsquo;\u00eele ne manque pas de salles de sport et de centres de remise en forme.<\/p>\n<p style=\"text-align: center;\"><strong>La plupart sont situ\u00e9s dans les h\u00f4tels et les villas.<\/strong><\/p>\n<p style=\"text-align: center;\">Si vous recherchez une <strong>salle de sport ind\u00e9pendante<\/strong>, il y en a plusieurs qui abritent une vari\u00e9t\u00e9 d&rsquo;\u00e9quipements d&rsquo;entra\u00eenement. Les clients peuvent s&rsquo;entra\u00eener en utilisant <strong>des \u00e9quipements de qualit\u00e9 sup\u00e9rieure tout en profitant d&rsquo;une vue magnifique<\/strong>. Vous pouvez \u00e9galement r\u00e9server une place dans <strong>l&rsquo;un des nombreux cours propos\u00e9s<\/strong>.<\/p>\n<div class=\"tcb-post-list tve-content-list thrv_wrapper\" data-type=\"list\" data-pagination-type=\"none\" data-pages_near_current=\"2\" data-css=\"tve-u-5f78d0e4d7fad1\" data-total_post_count=\"1\" data-total_sticky_count=\"0\" data-disabled-links=\"0\" data-no_posts_text=\"There are no posts to display.\"><article id=\"post-1464\" class=\"post-1464 post type-post status-publish format-standard has-post-thumbnail hentry category-activites category-aptitude post-wrapper thrv_wrapper thrive-animated-item  tve_evt_manager_listen tve_ea_thrive_animation tve_et_mouseover tve_anim_grow\" tcb_hover_state_parent=\"\" class=\"tve_evt_manager_listen tve_ea_thrive_animation tve_et_mouseover tve_anim_grow\" data-id=\"1464\" data-selector=\".post-wrapper\"><style class=\"tcb-post-list-dynamic-style\" type=\"text\/css\">@media (min-width: 300px){[].tcb-post-list #post-1464 []{background-image: linear-gradient(rgba(0, 0, 0, 0.5), rgba(0, 0, 0, 0.5)), url(\u00ab\u00a0https:\/\/stbarthvillarental.com\/wp-content\/uploads\/2020\/09\/form-fitness-st-barth.jpg\u00ab\u00a0) !important;}[].tcb-post-list #post-1464 []:hover []{background-image: linear-gradient(rgba(0, 0, 0, 0.4), rgba(0, 0, 0, 0.4)), url(\u00ab\u00a0https:\/\/stbarthvillarental.com\/wp-content\/uploads\/2020\/09\/form-fitness-st-barth.jpg\u00ab\u00a0) !important;}}<\/style><\/p>\n<h2 style=\"text-align: center;\"><span data-attr-css=\"tve-u-5f78d0e4d7fba3\" data-attr-link=\"1\" data-attr-rel=\"0\" data-attr-target=\"0\" data-extra_key=\"\" data-option-inline=\"1\" data-shortcode=\"tcb_post_title\" data-shortcode-name=\"Post title\" data-attr-static-link=\"{&quot;className&quot;:&quot;tve-froala fr-basic tcb-local-vars-root&quot;,&quot;href&quot;:&quot;#&quot;,&quot;title&quot;:&quot;Fitness&quot;,&quot;data-css&quot;:&quot;tve-u-5f78d0e4d7fba3&quot;,&quot;class&quot;:&quot;tve-froala fr-basic tcb-local-vars-root&quot;}\"><a href=\"https:\/\/stbarthvillarental.com\/fr\/form-fitness\/\" title=\"Form Fitness\" data-css=\"tve-u-5f78d0e4d7fba3\" class=\"tve-froala fr-basic tcb-local-vars-root\">Form Fitness<\/a><\/span><\/h2>\n<p><a href=\"https:\/\/stbarthvillarental.com\/fr\/form-fitness\/\" style=\"\"><span><span>Read More<\/span><\/span><\/a><\/article><\/div>\n","protected":false},"excerpt":{"rendered":"<p>Il n&rsquo;y a pas de meilleure fa\u00e7on de commencer la journ\u00e9e qu&rsquo;en faisant de l&rsquo;exercice. St Barts est un endroit o\u00f9 les gens sont fiers de se sentir au mieux de leur forme. Vous pouvez donc vous attendre \u00e0 ce que l&rsquo;\u00eele ne manque pas de salles de sport et de centres de remise en [&hellip;]<\/p>\n","protected":false},"author":1,"featured_media":508,"parent":0,"menu_order":0,"comment_status":"closed","ping_status":"closed","template":"","meta":{"footnotes":""},"class_list":{"0":"post-1319","1":"page","2":"type-page","3":"status-publish","4":"has-post-thumbnail","5":"hentry","6":"post-wrapper","7":"thrv_wrapper","10":"thrive-animated-item"},"yoast_head":"<!-- This site is optimized with the Yoast SEO Premium plugin v25.3.1 (Yoast SEO v27.1.1) - https:\/\/yoast.com\/product\/yoast-seo-premium-wordpress\/ -->\n<title>Salles de Sports et Fitness \u00e0 St Barth - St Barth Villa Rental<\/title>\n<meta name=\"description\" content=\"A St Barth, La plupart des salles de sport sont situ\u00e9s dans les h\u00f4tels et les villas. Si vous recherchez une salle de sport ind\u00e9pendante, il y en a plusieurs qui abritent une vari\u00e9t\u00e9 d&#039;\u00e9quipements d&#039;entra\u00eenement.\" \/>\n<meta name=\"robots\" content=\"index, follow, max-snippet:-1, max-image-preview:large, max-video-preview:-1\" \/>\n<link rel=\"canonical\" href=\"https:\/\/stbarthvillarental.com\/fr\/fitness\/\" \/>\n<meta property=\"og:locale\" content=\"fr_FR\" \/>\n<meta property=\"og:type\" content=\"article\" \/>\n<meta property=\"og:title\" content=\"Fitness \u00e0 St Barth\" \/>\n<meta property=\"og:description\" content=\"A St Barth, La plupart des salles de sport sont situ\u00e9s dans les h\u00f4tels et les villas. Si vous recherchez une salle de sport ind\u00e9pendante, il y en a plusieurs qui abritent une vari\u00e9t\u00e9 d&#039;\u00e9quipements d&#039;entra\u00eenement.\" \/>\n<meta property=\"og:url\" content=\"https:\/\/stbarthvillarental.com\/fr\/fitness\/\" \/>\n<meta property=\"og:site_name\" content=\"St Barth Villa Rental\" \/>\n<meta property=\"article:modified_time\" content=\"2020-10-23T00:43:30+00:00\" \/>\n<meta property=\"og:image\" content=\"https:\/\/stbarthvillarental.com\/wp-content\/uploads\/2020\/09\/Fitness-st-barth-scaled.jpeg\" \/>\n\t<meta property=\"og:image:width\" content=\"2560\" \/>\n\t<meta property=\"og:image:height\" content=\"1264\" \/>\n\t<meta property=\"og:image:type\" content=\"image\/jpeg\" \/>\n<meta name=\"twitter:card\" content=\"summary_large_image\" \/>\n<meta name=\"twitter:label1\" content=\"Dur\u00e9e de lecture estim\u00e9e\" \/>\n\t<meta name=\"twitter:data1\" content=\"2 minutes\" \/>\n<script type=\"application\/ld+json\" class=\"yoast-schema-graph\">{\"@context\":\"https:\/\/schema.org\",\"@graph\":[{\"@type\":\"WebPage\",\"@id\":\"https:\/\/stbarthvillarental.com\/fr\/fitness\/\",\"url\":\"https:\/\/stbarthvillarental.com\/fr\/fitness\/\",\"name\":\"Salles de Sports et Fitness \u00e0 St Barth - St Barth Villa Rental\",\"isPartOf\":{\"@id\":\"https:\/\/stbarthvillarental.com\/fr\/#website\"},\"primaryImageOfPage\":{\"@id\":\"https:\/\/stbarthvillarental.com\/fr\/fitness\/#primaryimage\"},\"image\":{\"@id\":\"https:\/\/stbarthvillarental.com\/fr\/fitness\/#primaryimage\"},\"thumbnailUrl\":\"https:\/\/stbarthvillarental.com\/wp-content\/uploads\/2020\/09\/Fitness-st-barth-scaled.jpeg\",\"datePublished\":\"2020-10-03T19:28:36+00:00\",\"dateModified\":\"2020-10-23T00:43:30+00:00\",\"description\":\"A St Barth, La plupart des salles de sport sont situ\u00e9s dans les h\u00f4tels et les villas. Si vous recherchez une salle de sport ind\u00e9pendante, il y en a plusieurs qui abritent une vari\u00e9t\u00e9 d'\u00e9quipements d'entra\u00eenement.\",\"breadcrumb\":{\"@id\":\"https:\/\/stbarthvillarental.com\/fr\/fitness\/#breadcrumb\"},\"inLanguage\":\"fr-FR\",\"potentialAction\":[{\"@type\":\"ReadAction\",\"target\":[\"https:\/\/stbarthvillarental.com\/fr\/fitness\/\"]}]},{\"@type\":\"ImageObject\",\"inLanguage\":\"fr-FR\",\"@id\":\"https:\/\/stbarthvillarental.com\/fr\/fitness\/#primaryimage\",\"url\":\"https:\/\/stbarthvillarental.com\/wp-content\/uploads\/2020\/09\/Fitness-st-barth-scaled.jpeg\",\"contentUrl\":\"https:\/\/stbarthvillarental.com\/wp-content\/uploads\/2020\/09\/Fitness-st-barth-scaled.jpeg\",\"width\":2560,\"height\":1264,\"caption\":\"Man doing fitness workout at a beach on a sunny day. Bare chested man doing workout using two battle ropes on the beach.\"},{\"@type\":\"BreadcrumbList\",\"@id\":\"https:\/\/stbarthvillarental.com\/fr\/fitness\/#breadcrumb\",\"itemListElement\":[{\"@type\":\"ListItem\",\"position\":1,\"name\":\"Home\",\"item\":\"https:\/\/stbarthvillarental.com\/fr\/\"},{\"@type\":\"ListItem\",\"position\":2,\"name\":\"Fitness \u00e0 St Barth\"}]},{\"@type\":\"WebSite\",\"@id\":\"https:\/\/stbarthvillarental.com\/fr\/#website\",\"url\":\"https:\/\/stbarthvillarental.com\/fr\/\",\"name\":\"St Barth Villa Rental\",\"description\":\"Your Luxury Retreat Starts Here\",\"potentialAction\":[{\"@type\":\"SearchAction\",\"target\":{\"@type\":\"EntryPoint\",\"urlTemplate\":\"https:\/\/stbarthvillarental.com\/fr\/?s={search_term_string}\"},\"query-input\":{\"@type\":\"PropertyValueSpecification\",\"valueRequired\":true,\"valueName\":\"search_term_string\"}}],\"inLanguage\":\"fr-FR\"}]}<\/script>\n<!-- \/ Yoast SEO Premium plugin. -->","yoast_head_json":{"title":"Salles de Sports et Fitness \u00e0 St Barth - St Barth Villa Rental","description":"A St Barth, La plupart des salles de sport sont situ\u00e9s dans les h\u00f4tels et les villas. Si vous recherchez une salle de sport ind\u00e9pendante, il y en a plusieurs qui abritent une vari\u00e9t\u00e9 d'\u00e9quipements d'entra\u00eenement.","robots":{"index":"index","follow":"follow","max-snippet":"max-snippet:-1","max-image-preview":"max-image-preview:large","max-video-preview":"max-video-preview:-1"},"canonical":"https:\/\/stbarthvillarental.com\/fr\/fitness\/","og_locale":"fr_FR","og_type":"article","og_title":"Fitness \u00e0 St Barth","og_description":"A St Barth, La plupart des salles de sport sont situ\u00e9s dans les h\u00f4tels et les villas. Si vous recherchez une salle de sport ind\u00e9pendante, il y en a plusieurs qui abritent une vari\u00e9t\u00e9 d'\u00e9quipements d'entra\u00eenement.","og_url":"https:\/\/stbarthvillarental.com\/fr\/fitness\/","og_site_name":"St Barth Villa Rental","article_modified_time":"2020-10-23T00:43:30+00:00","og_image":[{"width":2560,"height":1264,"url":"https:\/\/stbarthvillarental.com\/wp-content\/uploads\/2020\/09\/Fitness-st-barth-scaled.jpeg","type":"image\/jpeg"}],"twitter_card":"summary_large_image","twitter_misc":{"Dur\u00e9e de lecture estim\u00e9e":"2 minutes"},"schema":{"@context":"https:\/\/schema.org","@graph":[{"@type":"WebPage","@id":"https:\/\/stbarthvillarental.com\/fr\/fitness\/","url":"https:\/\/stbarthvillarental.com\/fr\/fitness\/","name":"Salles de Sports et Fitness \u00e0 St Barth - St Barth Villa Rental","isPartOf":{"@id":"https:\/\/stbarthvillarental.com\/fr\/#website"},"primaryImageOfPage":{"@id":"https:\/\/stbarthvillarental.com\/fr\/fitness\/#primaryimage"},"image":{"@id":"https:\/\/stbarthvillarental.com\/fr\/fitness\/#primaryimage"},"thumbnailUrl":"https:\/\/stbarthvillarental.com\/wp-content\/uploads\/2020\/09\/Fitness-st-barth-scaled.jpeg","datePublished":"2020-10-03T19:28:36+00:00","dateModified":"2020-10-23T00:43:30+00:00","description":"A St Barth, La plupart des salles de sport sont situ\u00e9s dans les h\u00f4tels et les villas. Si vous recherchez une salle de sport ind\u00e9pendante, il y en a plusieurs qui abritent une vari\u00e9t\u00e9 d'\u00e9quipements d'entra\u00eenement.","breadcrumb":{"@id":"https:\/\/stbarthvillarental.com\/fr\/fitness\/#breadcrumb"},"inLanguage":"fr-FR","potentialAction":[{"@type":"ReadAction","target":["https:\/\/stbarthvillarental.com\/fr\/fitness\/"]}]},{"@type":"ImageObject","inLanguage":"fr-FR","@id":"https:\/\/stbarthvillarental.com\/fr\/fitness\/#primaryimage","url":"https:\/\/stbarthvillarental.com\/wp-content\/uploads\/2020\/09\/Fitness-st-barth-scaled.jpeg","contentUrl":"https:\/\/stbarthvillarental.com\/wp-content\/uploads\/2020\/09\/Fitness-st-barth-scaled.jpeg","width":2560,"height":1264,"caption":"Man doing fitness workout at a beach on a sunny day. Bare chested man doing workout using two battle ropes on the beach."},{"@type":"BreadcrumbList","@id":"https:\/\/stbarthvillarental.com\/fr\/fitness\/#breadcrumb","itemListElement":[{"@type":"ListItem","position":1,"name":"Home","item":"https:\/\/stbarthvillarental.com\/fr\/"},{"@type":"ListItem","position":2,"name":"Fitness \u00e0 St Barth"}]},{"@type":"WebSite","@id":"https:\/\/stbarthvillarental.com\/fr\/#website","url":"https:\/\/stbarthvillarental.com\/fr\/","name":"St Barth Villa Rental","description":"Your Luxury Retreat Starts Here","potentialAction":[{"@type":"SearchAction","target":{"@type":"EntryPoint","urlTemplate":"https:\/\/stbarthvillarental.com\/fr\/?s={search_term_string}"},"query-input":{"@type":"PropertyValueSpecification","valueRequired":true,"valueName":"search_term_string"}}],"inLanguage":"fr-FR"}]}},"_links":{"self":[{"href":"https:\/\/stbarthvillarental.com\/fr\/wp-json\/wp\/v2\/pages\/1319","targetHints":{"allow":["GET"]}}],"collection":[{"href":"https:\/\/stbarthvillarental.com\/fr\/wp-json\/wp\/v2\/pages"}],"about":[{"href":"https:\/\/stbarthvillarental.com\/fr\/wp-json\/wp\/v2\/types\/page"}],"author":[{"embeddable":true,"href":"https:\/\/stbarthvillarental.com\/fr\/wp-json\/wp\/v2\/users\/1"}],"replies":[{"embeddable":true,"href":"https:\/\/stbarthvillarental.com\/fr\/wp-json\/wp\/v2\/comments?post=1319"}],"version-history":[{"count":4,"href":"https:\/\/stbarthvillarental.com\/fr\/wp-json\/wp\/v2\/pages\/1319\/revisions"}],"predecessor-version":[{"id":1623,"href":"https:\/\/stbarthvillarental.com\/fr\/wp-json\/wp\/v2\/pages\/1319\/revisions\/1623"}],"wp:featuredmedia":[{"embeddable":true,"href":"https:\/\/stbarthvillarental.com\/fr\/wp-json\/wp\/v2\/media\/508"}],"wp:attachment":[{"href":"https:\/\/stbarthvillarental.com\/fr\/wp-json\/wp\/v2\/media?parent=1319"}],"curies":[{"name":"wp","href":"https:\/\/api.w.org\/{rel}","templated":true}]}}