{"id":1267,"date":"2020-10-03T07:04:22","date_gmt":"2020-10-03T05:04:22","guid":{"rendered":"https:\/\/stbarthvillarental.com\/\/\/st-barts-experiences\/st-barts-gastronomy\/clone-of-bars-restaurants\/"},"modified":"2020-10-03T22:57:50","modified_gmt":"2020-10-03T20:57:50","slug":"bars-et-restaurants","status":"publish","type":"page","link":"https:\/\/stbarthvillarental.com\/fr\/bars-et-restaurants\/","title":{"rendered":"Bars et Restaurants"},"content":{"rendered":"<p style=\"text-align: center;\">Si vous \u00eates amateur de cuisine cr\u00e9ole, fran\u00e7aise, italienne ou asiatique <strong>vous serez combl\u00e9 !\u200b<\/strong><\/p>\n<p style=\"text-align: center;\">Si vous avez une envie de cuisine culturelle, il existe de nombreux \u00e9tablissements qui rel\u00e8vent le d\u00e9fi en y ajoutant leur propre saveur locale. Certains menus proposent une <strong>grande vari\u00e9t\u00e9 d&rsquo;entr\u00e9es, de plats et desserts haut de gamme<\/strong>. Nombre d&rsquo;entre eux disposent \u00e9galement de <strong>g\u00e9n\u00e9reuses caves \u00e0 vin<\/strong> et d&rsquo;une carte des boissons compl\u00e8te.<\/p>\n<p style=\"text-align: center;\">Les restaurants de l&rsquo;\u00eele ne l\u00e9sinent pas non plus sur l&rsquo;ambiance. Si certains ont l&rsquo;<strong>atmosph\u00e8re d&rsquo;un jardin tropical<\/strong>, d&rsquo;autres pr\u00e9f\u00e8rent un environnement haut de gamme offrant \u00e0 leurs clients <strong>une vue imprenable sur l&rsquo;oc\u00e9an.<\/strong><\/p>\n<div class=\"tcb-post-list tve-content-list empty-list thrv_wrapper\" data-type=\"grid\" data-pagination-type=\"none\" data-pages_near_current=\"2\" data-css=\"tve-u-5f780656d74274\" data-total_post_count=\"0\" data-total_sticky_count=\"0\" data-disabled-links=\"0\" data-no_posts_text=\"There are no posts to display.\"><article id=\"post-1267\" class=\"post-1267 page type-page status-publish has-post-thumbnail hentry post-wrapper thrv_wrapper thrive-animated-item  tve_evt_manager_listen tve_ea_thrive_animation tve_et_mouseover tve_anim_grow\" tcb_hover_state_parent=\"\" class=\"tve_evt_manager_listen tve_ea_thrive_animation tve_et_mouseover tve_anim_grow\" data-id=\"1267\" data-selector=\".post-wrapper\"><style class=\"tcb-post-list-dynamic-style\" type=\"text\/css\">@media (min-width: 300px){[].tcb-post-list #post-1267 []{background-image: linear-gradient(rgba(0, 0, 0, 0.5), rgba(0, 0, 0, 0.5)), url(\u00ab\u00a0https:\/\/stbarthvillarental.com\/wp-content\/uploads\/2020\/09\/Restaurants.jpg\u00ab\u00a0) !important;}[].tcb-post-list #post-1267 []:hover []{background-image: linear-gradient(rgba(0, 0, 0, 0.4), rgba(0, 0, 0, 0.4)), url(\u00ab\u00a0https:\/\/stbarthvillarental.com\/wp-content\/uploads\/2020\/09\/Restaurants.jpg\u00ab\u00a0) !important;}}<\/style><\/p>\n<h2 style=\"text-align: center;\"><span data-attr-css=\"tve-u-5f780656d74341\" data-attr-link=\"1\" data-attr-rel=\"0\" data-attr-target=\"0\" data-extra_key=\"\" data-option-inline=\"1\" data-shortcode=\"tcb_post_title\" data-shortcode-name=\"Post title\" data-attr-static-link=\"{&quot;className&quot;:&quot;tve-froala fr-basic tcb-local-vars-root&quot;,&quot;href&quot;:&quot;#&quot;,&quot;title&quot;:&quot;Bars et Restaurants&quot;,&quot;data-css&quot;:&quot;tve-u-5f780656d74341&quot;,&quot;class&quot;:&quot;tve-froala fr-basic tcb-local-vars-root&quot;}\"><a href=\"https:\/\/stbarthvillarental.com\/fr\/bars-et-restaurants\/\" title=\"Bars et Restaurants\" data-css=\"tve-u-5f780656d74341\" class=\"tve-froala fr-basic tcb-local-vars-root\">Bars et Restaurants<\/a><\/span><\/h2>\n<p><a href=\"https:\/\/stbarthvillarental.com\/fr\/bars-et-restaurants\/\" style=\"\"><span><span>Read More<\/span><\/span><\/a><\/article><\/div>\n","protected":false},"excerpt":{"rendered":"<p>Si vous \u00eates amateur de cuisine cr\u00e9ole, fran\u00e7aise, italienne ou asiatique vous serez combl\u00e9 !\u200b Si vous avez une envie de cuisine culturelle, il existe de nombreux \u00e9tablissements qui rel\u00e8vent le d\u00e9fi en y ajoutant leur propre saveur locale. Certains menus proposent une grande vari\u00e9t\u00e9 d&rsquo;entr\u00e9es, de plats et desserts haut de gamme. Nombre d&rsquo;entre [&hellip;]<\/p>\n","protected":false},"author":1,"featured_media":418,"parent":0,"menu_order":0,"comment_status":"closed","ping_status":"closed","template":"","meta":{"footnotes":""},"class_list":{"0":"post-1267","1":"page","2":"type-page","3":"status-publish","4":"has-post-thumbnail","5":"hentry","6":"post-wrapper","7":"thrv_wrapper","10":"thrive-animated-item"},"yoast_head":"<!-- This site is optimized with the Yoast SEO Premium plugin v25.3.1 (Yoast SEO v27.1.1) - https:\/\/yoast.com\/product\/yoast-seo-premium-wordpress\/ -->\n<title>Les meilleurs restaurants et bars de St Barth - Local Guide - St Barth Villa Rental<\/title>\n<meta name=\"description\" content=\"Si vous \u00eates amateur de cuisine rafin\u00e9e cr\u00e9ole, fran\u00e7aise, italienne ou asiatique, St Barth vous comblera !\" \/>\n<meta name=\"robots\" content=\"index, follow, max-snippet:-1, max-image-preview:large, max-video-preview:-1\" \/>\n<link rel=\"canonical\" href=\"https:\/\/stbarthvillarental.com\/fr\/bars-et-restaurants\/\" \/>\n<meta property=\"og:locale\" content=\"fr_FR\" \/>\n<meta property=\"og:type\" content=\"article\" \/>\n<meta property=\"og:title\" content=\"Bars et Restaurants\" \/>\n<meta property=\"og:description\" content=\"Si vous \u00eates amateur de cuisine rafin\u00e9e cr\u00e9ole, fran\u00e7aise, italienne ou asiatique, St Barth vous comblera !\" \/>\n<meta property=\"og:url\" content=\"https:\/\/stbarthvillarental.com\/fr\/bars-et-restaurants\/\" \/>\n<meta property=\"og:site_name\" content=\"St Barth Villa Rental\" \/>\n<meta property=\"article:modified_time\" content=\"2020-10-03T20:57:50+00:00\" \/>\n<meta property=\"og:image\" content=\"https:\/\/stbarthvillarental.com\/wp-content\/uploads\/2020\/09\/Restaurants.jpg\" \/>\n\t<meta property=\"og:image:width\" content=\"1024\" \/>\n\t<meta property=\"og:image:height\" content=\"683\" \/>\n\t<meta property=\"og:image:type\" content=\"image\/jpeg\" \/>\n<meta name=\"twitter:card\" content=\"summary_large_image\" \/>\n<meta name=\"twitter:label1\" content=\"Dur\u00e9e de lecture estim\u00e9e\" \/>\n\t<meta name=\"twitter:data1\" content=\"2 minutes\" \/>\n<script type=\"application\/ld+json\" class=\"yoast-schema-graph\">{\"@context\":\"https:\/\/schema.org\",\"@graph\":[{\"@type\":\"WebPage\",\"@id\":\"https:\/\/stbarthvillarental.com\/fr\/bars-et-restaurants\/\",\"url\":\"https:\/\/stbarthvillarental.com\/fr\/bars-et-restaurants\/\",\"name\":\"Les meilleurs restaurants et bars de St Barth - Local Guide - St Barth Villa Rental\",\"isPartOf\":{\"@id\":\"https:\/\/stbarthvillarental.com\/fr\/#website\"},\"primaryImageOfPage\":{\"@id\":\"https:\/\/stbarthvillarental.com\/fr\/bars-et-restaurants\/#primaryimage\"},\"image\":{\"@id\":\"https:\/\/stbarthvillarental.com\/fr\/bars-et-restaurants\/#primaryimage\"},\"thumbnailUrl\":\"https:\/\/stbarthvillarental.com\/wp-content\/uploads\/2020\/09\/Restaurants.jpg\",\"datePublished\":\"2020-10-03T05:04:22+00:00\",\"dateModified\":\"2020-10-03T20:57:50+00:00\",\"description\":\"Si vous \u00eates amateur de cuisine rafin\u00e9e cr\u00e9ole, fran\u00e7aise, italienne ou asiatique, St Barth vous comblera !\",\"breadcrumb\":{\"@id\":\"https:\/\/stbarthvillarental.com\/fr\/bars-et-restaurants\/#breadcrumb\"},\"inLanguage\":\"fr-FR\",\"potentialAction\":[{\"@type\":\"ReadAction\",\"target\":[\"https:\/\/stbarthvillarental.com\/fr\/bars-et-restaurants\/\"]}]},{\"@type\":\"ImageObject\",\"inLanguage\":\"fr-FR\",\"@id\":\"https:\/\/stbarthvillarental.com\/fr\/bars-et-restaurants\/#primaryimage\",\"url\":\"https:\/\/stbarthvillarental.com\/wp-content\/uploads\/2020\/09\/Restaurants.jpg\",\"contentUrl\":\"https:\/\/stbarthvillarental.com\/wp-content\/uploads\/2020\/09\/Restaurants.jpg\",\"width\":1024,\"height\":683},{\"@type\":\"BreadcrumbList\",\"@id\":\"https:\/\/stbarthvillarental.com\/fr\/bars-et-restaurants\/#breadcrumb\",\"itemListElement\":[{\"@type\":\"ListItem\",\"position\":1,\"name\":\"Home\",\"item\":\"https:\/\/stbarthvillarental.com\/fr\/\"},{\"@type\":\"ListItem\",\"position\":2,\"name\":\"Bars et Restaurants\"}]},{\"@type\":\"WebSite\",\"@id\":\"https:\/\/stbarthvillarental.com\/fr\/#website\",\"url\":\"https:\/\/stbarthvillarental.com\/fr\/\",\"name\":\"St Barth Villa Rental\",\"description\":\"Your Luxury Retreat Starts Here\",\"potentialAction\":[{\"@type\":\"SearchAction\",\"target\":{\"@type\":\"EntryPoint\",\"urlTemplate\":\"https:\/\/stbarthvillarental.com\/fr\/?s={search_term_string}\"},\"query-input\":{\"@type\":\"PropertyValueSpecification\",\"valueRequired\":true,\"valueName\":\"search_term_string\"}}],\"inLanguage\":\"fr-FR\"}]}<\/script>\n<!-- \/ Yoast SEO Premium plugin. -->","yoast_head_json":{"title":"Les meilleurs restaurants et bars de St Barth - Local Guide - St Barth Villa Rental","description":"Si vous \u00eates amateur de cuisine rafin\u00e9e cr\u00e9ole, fran\u00e7aise, italienne ou asiatique, St Barth vous comblera !","robots":{"index":"index","follow":"follow","max-snippet":"max-snippet:-1","max-image-preview":"max-image-preview:large","max-video-preview":"max-video-preview:-1"},"canonical":"https:\/\/stbarthvillarental.com\/fr\/bars-et-restaurants\/","og_locale":"fr_FR","og_type":"article","og_title":"Bars et Restaurants","og_description":"Si vous \u00eates amateur de cuisine rafin\u00e9e cr\u00e9ole, fran\u00e7aise, italienne ou asiatique, St Barth vous comblera !","og_url":"https:\/\/stbarthvillarental.com\/fr\/bars-et-restaurants\/","og_site_name":"St Barth Villa Rental","article_modified_time":"2020-10-03T20:57:50+00:00","og_image":[{"width":1024,"height":683,"url":"https:\/\/stbarthvillarental.com\/wp-content\/uploads\/2020\/09\/Restaurants.jpg","type":"image\/jpeg"}],"twitter_card":"summary_large_image","twitter_misc":{"Dur\u00e9e de lecture estim\u00e9e":"2 minutes"},"schema":{"@context":"https:\/\/schema.org","@graph":[{"@type":"WebPage","@id":"https:\/\/stbarthvillarental.com\/fr\/bars-et-restaurants\/","url":"https:\/\/stbarthvillarental.com\/fr\/bars-et-restaurants\/","name":"Les meilleurs restaurants et bars de St Barth - Local Guide - St Barth Villa Rental","isPartOf":{"@id":"https:\/\/stbarthvillarental.com\/fr\/#website"},"primaryImageOfPage":{"@id":"https:\/\/stbarthvillarental.com\/fr\/bars-et-restaurants\/#primaryimage"},"image":{"@id":"https:\/\/stbarthvillarental.com\/fr\/bars-et-restaurants\/#primaryimage"},"thumbnailUrl":"https:\/\/stbarthvillarental.com\/wp-content\/uploads\/2020\/09\/Restaurants.jpg","datePublished":"2020-10-03T05:04:22+00:00","dateModified":"2020-10-03T20:57:50+00:00","description":"Si vous \u00eates amateur de cuisine rafin\u00e9e cr\u00e9ole, fran\u00e7aise, italienne ou asiatique, St Barth vous comblera !","breadcrumb":{"@id":"https:\/\/stbarthvillarental.com\/fr\/bars-et-restaurants\/#breadcrumb"},"inLanguage":"fr-FR","potentialAction":[{"@type":"ReadAction","target":["https:\/\/stbarthvillarental.com\/fr\/bars-et-restaurants\/"]}]},{"@type":"ImageObject","inLanguage":"fr-FR","@id":"https:\/\/stbarthvillarental.com\/fr\/bars-et-restaurants\/#primaryimage","url":"https:\/\/stbarthvillarental.com\/wp-content\/uploads\/2020\/09\/Restaurants.jpg","contentUrl":"https:\/\/stbarthvillarental.com\/wp-content\/uploads\/2020\/09\/Restaurants.jpg","width":1024,"height":683},{"@type":"BreadcrumbList","@id":"https:\/\/stbarthvillarental.com\/fr\/bars-et-restaurants\/#breadcrumb","itemListElement":[{"@type":"ListItem","position":1,"name":"Home","item":"https:\/\/stbarthvillarental.com\/fr\/"},{"@type":"ListItem","position":2,"name":"Bars et Restaurants"}]},{"@type":"WebSite","@id":"https:\/\/stbarthvillarental.com\/fr\/#website","url":"https:\/\/stbarthvillarental.com\/fr\/","name":"St Barth Villa Rental","description":"Your Luxury Retreat Starts Here","potentialAction":[{"@type":"SearchAction","target":{"@type":"EntryPoint","urlTemplate":"https:\/\/stbarthvillarental.com\/fr\/?s={search_term_string}"},"query-input":{"@type":"PropertyValueSpecification","valueRequired":true,"valueName":"search_term_string"}}],"inLanguage":"fr-FR"}]}},"_links":{"self":[{"href":"https:\/\/stbarthvillarental.com\/fr\/wp-json\/wp\/v2\/pages\/1267","targetHints":{"allow":["GET"]}}],"collection":[{"href":"https:\/\/stbarthvillarental.com\/fr\/wp-json\/wp\/v2\/pages"}],"about":[{"href":"https:\/\/stbarthvillarental.com\/fr\/wp-json\/wp\/v2\/types\/page"}],"author":[{"embeddable":true,"href":"https:\/\/stbarthvillarental.com\/fr\/wp-json\/wp\/v2\/users\/1"}],"replies":[{"embeddable":true,"href":"https:\/\/stbarthvillarental.com\/fr\/wp-json\/wp\/v2\/comments?post=1267"}],"version-history":[{"count":3,"href":"https:\/\/stbarthvillarental.com\/fr\/wp-json\/wp\/v2\/pages\/1267\/revisions"}],"predecessor-version":[{"id":1354,"href":"https:\/\/stbarthvillarental.com\/fr\/wp-json\/wp\/v2\/pages\/1267\/revisions\/1354"}],"wp:featuredmedia":[{"embeddable":true,"href":"https:\/\/stbarthvillarental.com\/fr\/wp-json\/wp\/v2\/media\/418"}],"wp:attachment":[{"href":"https:\/\/stbarthvillarental.com\/fr\/wp-json\/wp\/v2\/media?parent=1267"}],"curies":[{"name":"wp","href":"https:\/\/api.w.org\/{rel}","templated":true}]}}