{"id":1266,"date":"2020-10-03T07:04:20","date_gmt":"2020-10-03T05:04:20","guid":{"rendered":"https:\/\/stbarthvillarental.com\/\/\/st-barts-experiences\/clone-of-st-barts-gastronomy\/"},"modified":"2020-10-03T22:55:22","modified_gmt":"2020-10-03T20:55:22","slug":"gastronomie-st-barth","status":"publish","type":"page","link":"https:\/\/stbarthvillarental.com\/fr\/gastronomie-st-barth\/","title":{"rendered":"Gastronomie St Barth"},"content":{"rendered":"<\/p>\n<p style=\"text-align: center;\">St Barth est connue pour sa gastronomie raffin\u00e9e. La cuisine est typiquement inspir\u00e9e des cultures fran\u00e7aise, antillaise, cr\u00e9ole, italienne et asiatique.<\/p>\n<p style=\"text-align: center;\">Bien que l&rsquo;\u00eele ne soit pas grande, elle compte plus de 70 restaurants qui vont du petit snack au restaurant gastronomique haut de gamme. St Barth est aussi un lieu de pr\u00e9dilection pour les amateurs de vin. L&rsquo;\u00eele est connue pour avoir les plus grandes et les meilleures caves \u00e0 vin des Cara\u00efbes.<\/p>\n<p style=\"text-align: center;\">L&rsquo;\u00eele accueille \u00e9galement plusieurs \u00e9v\u00e9nements li\u00e9s \u00e0 la gastronomie tout au long de l&rsquo;ann\u00e9e, comme le <em>Saint Barth Gourmet Festival<\/em>.<\/p>\n<div class=\"tcb-post-list tve-content-list thrv_wrapper\" data-type=\"grid\" data-pagination-type=\"none\" data-pages_near_current=\"2\" data-css=\"tve-u-5f7806548a68d4\" data-total_post_count=\"2\" data-total_sticky_count=\"0\" data-disabled-links=\"1\" data-no_posts_text=\"There are no posts to display.\"><article id=\"post-1270\" class=\"post-1270 page type-page status-publish has-post-thumbnail hentry post-wrapper thrv_wrapper thrive-animated-item  tve_evt_manager_listen tve_ea_thrive_animation tve_et_mouseover tve_anim_grow\" tcb_hover_state_parent=\"\" class=\"tve_evt_manager_listen tve_ea_thrive_animation tve_et_mouseover tve_anim_grow\" data-id=\"1270\" data-selector=\".post-wrapper\"><style class=\"tcb-post-list-dynamic-style\" type=\"text\/css\">@media (min-width: 300px){[].tcb-post-list #post-1270 []{background-image: linear-gradient(rgba(0, 0, 0, 0.5), rgba(0, 0, 0, 0.5)), url(\u00ab\u00a0https:\/\/stbarthvillarental.com\/wp-content\/uploads\/2020\/09\/Private-chef-st-barth-1024x683.jpeg\u00ab\u00a0) !important;}[].tcb-post-list #post-1270 []:hover []{background-image: linear-gradient(rgba(0, 0, 0, 0.4), rgba(0, 0, 0, 0.4)), url(\u00ab\u00a0https:\/\/stbarthvillarental.com\/wp-content\/uploads\/2020\/09\/Private-chef-st-barth-1024x683.jpeg\u00ab\u00a0) !important;}}<\/style><\/p>\n<h2 style=\"text-align: center;\"><span data-attr-css=\"tve-u-5f7806548a6a02\" data-attr-link=\"1\" data-attr-rel=\"0\" data-attr-target=\"0\" data-extra_key=\"\" data-option-inline=\"1\" data-shortcode=\"tcb_post_title\" data-shortcode-name=\"Post title\" data-attr-static-link=\"{&quot;className&quot;:&quot;tve-froala fr-basic tcb-local-vars-root&quot;,&quot;href&quot;:&quot;https:\/\/stbarthvillarental.com\/\/\/gastronomie-st-barth\/chef-prive\/?lang=fr&quot;,&quot;title&quot;:&quot;Chef Priv\u00e9&quot;,&quot;data-css&quot;:&quot;tve-u-5f7806548a6a02&quot;,&quot;class&quot;:&quot;tve-froala fr-basic tcb-local-vars-root&quot;}\"><a href=\"https:\/\/stbarthvillarental.com\/fr\/chef-prive\/\" title=\"Chef Priv\u00e9\" data-css=\"tve-u-5f7806548a6a02\" class=\"tve-froala fr-basic tcb-local-vars-root\">Chef Priv\u00e9<\/a><\/span><\/h2>\n<p><div class=\"tve-article-cover\"><a class=\"tcb-article-cover-link\" href=\"https:\/\/stbarthvillarental.com\/fr\/chef-prive\/\">Chef Priv\u00e9<\/a><\/div><\/article><article id=\"post-1267\" class=\"post-1267 page type-page status-publish has-post-thumbnail hentry post-wrapper thrv_wrapper thrive-animated-item  tve_evt_manager_listen tve_ea_thrive_animation tve_et_mouseover tve_anim_grow\" tcb_hover_state_parent=\"\" class=\"tve_evt_manager_listen tve_ea_thrive_animation tve_et_mouseover tve_anim_grow\" data-id=\"1267\" data-selector=\".post-wrapper\"><style class=\"tcb-post-list-dynamic-style\" type=\"text\/css\">@media (min-width: 300px){[].tcb-post-list #post-1267 []{background-image: linear-gradient(rgba(0, 0, 0, 0.5), rgba(0, 0, 0, 0.5)), url(\u00ab\u00a0https:\/\/stbarthvillarental.com\/wp-content\/uploads\/2020\/09\/Restaurants.jpg\u00ab\u00a0) !important;}[].tcb-post-list #post-1267 []:hover []{background-image: linear-gradient(rgba(0, 0, 0, 0.4), rgba(0, 0, 0, 0.4)), url(\u00ab\u00a0https:\/\/stbarthvillarental.com\/wp-content\/uploads\/2020\/09\/Restaurants.jpg\u00ab\u00a0) !important;}}<\/style><\/p>\n<h2 style=\"text-align: center;\"><span data-attr-css=\"tve-u-5f7806548a6a02\" data-attr-link=\"1\" data-attr-rel=\"0\" data-attr-target=\"0\" data-extra_key=\"\" data-option-inline=\"1\" data-shortcode=\"tcb_post_title\" data-shortcode-name=\"Post title\" data-attr-static-link=\"{&quot;className&quot;:&quot;tve-froala fr-basic tcb-local-vars-root&quot;,&quot;href&quot;:&quot;https:\/\/stbarthvillarental.com\/\/\/gastronomie-st-barth\/chef-prive\/?lang=fr&quot;,&quot;title&quot;:&quot;Chef Priv\u00e9&quot;,&quot;data-css&quot;:&quot;tve-u-5f7806548a6a02&quot;,&quot;class&quot;:&quot;tve-froala fr-basic tcb-local-vars-root&quot;}\"><a href=\"https:\/\/stbarthvillarental.com\/fr\/bars-et-restaurants\/\" title=\"Bars et Restaurants\" data-css=\"tve-u-5f7806548a6a02\" class=\"tve-froala fr-basic tcb-local-vars-root\">Bars et Restaurants<\/a><\/span><\/h2>\n<p><div class=\"tve-article-cover\"><a class=\"tcb-article-cover-link\" href=\"https:\/\/stbarthvillarental.com\/fr\/bars-et-restaurants\/\">Bars et Restaurants<\/a><\/div><\/article><\/div>\n","protected":false},"excerpt":{"rendered":"<p>St Barth est connue pour sa gastronomie raffin\u00e9e. La cuisine est typiquement inspir\u00e9e des cultures fran\u00e7aise, antillaise, cr\u00e9ole, italienne et asiatique. Bien que l&rsquo;\u00eele ne soit pas grande, elle compte plus de 70 restaurants qui vont du petit snack au restaurant gastronomique haut de gamme. St Barth est aussi un lieu de pr\u00e9dilection pour les [&hellip;]<\/p>\n","protected":false},"author":1,"featured_media":526,"parent":0,"menu_order":0,"comment_status":"closed","ping_status":"closed","template":"","meta":{"footnotes":""},"class_list":{"0":"post-1266","1":"page","2":"type-page","3":"status-publish","4":"has-post-thumbnail","5":"hentry","6":"post-wrapper","7":"thrv_wrapper","10":"thrive-animated-item"},"yoast_head":"<!-- This site is optimized with the Yoast SEO Premium plugin v25.3.1 (Yoast SEO v27.1.1) - https:\/\/yoast.com\/product\/yoast-seo-premium-wordpress\/ -->\n<title>St Barth Gourmet Food &amp; Festival - St Barth Cuisine - St Barth Villa Rental<\/title>\n<meta name=\"description\" content=\"St Barth est connue pour sa gastronomie raffin\u00e9e. La cuisine est typiquement inspir\u00e9e des cultures fran\u00e7aise, antillaise, cr\u00e9ole, italienne et asiatique.\" \/>\n<meta name=\"robots\" content=\"index, follow, max-snippet:-1, max-image-preview:large, max-video-preview:-1\" \/>\n<link rel=\"canonical\" href=\"https:\/\/stbarthvillarental.com\/fr\/gastronomie-st-barth\/\" \/>\n<meta property=\"og:locale\" content=\"fr_FR\" \/>\n<meta property=\"og:type\" content=\"article\" \/>\n<meta property=\"og:title\" content=\"Gastronomie St Barth\" \/>\n<meta property=\"og:description\" content=\"St Barth est connue pour sa gastronomie raffin\u00e9e. La cuisine est typiquement inspir\u00e9e des cultures fran\u00e7aise, antillaise, cr\u00e9ole, italienne et asiatique.\" \/>\n<meta property=\"og:url\" content=\"https:\/\/stbarthvillarental.com\/fr\/gastronomie-st-barth\/\" \/>\n<meta property=\"og:site_name\" content=\"St Barth Villa Rental\" \/>\n<meta property=\"article:modified_time\" content=\"2020-10-03T20:55:22+00:00\" \/>\n<meta property=\"og:image\" content=\"https:\/\/stbarthvillarental.com\/wp-content\/uploads\/2020\/09\/Gastronomy-st-barth-scaled.jpeg\" \/>\n\t<meta property=\"og:image:width\" content=\"2560\" \/>\n\t<meta property=\"og:image:height\" content=\"1347\" \/>\n\t<meta property=\"og:image:type\" content=\"image\/jpeg\" \/>\n<meta name=\"twitter:card\" content=\"summary_large_image\" \/>\n<meta name=\"twitter:label1\" content=\"Dur\u00e9e de lecture estim\u00e9e\" \/>\n\t<meta name=\"twitter:data1\" content=\"2 minutes\" \/>\n<script type=\"application\/ld+json\" class=\"yoast-schema-graph\">{\"@context\":\"https:\/\/schema.org\",\"@graph\":[{\"@type\":\"WebPage\",\"@id\":\"https:\/\/stbarthvillarental.com\/fr\/gastronomie-st-barth\/\",\"url\":\"https:\/\/stbarthvillarental.com\/fr\/gastronomie-st-barth\/\",\"name\":\"St Barth Gourmet Food & Festival - St Barth Cuisine - St Barth Villa Rental\",\"isPartOf\":{\"@id\":\"https:\/\/stbarthvillarental.com\/fr\/#website\"},\"primaryImageOfPage\":{\"@id\":\"https:\/\/stbarthvillarental.com\/fr\/gastronomie-st-barth\/#primaryimage\"},\"image\":{\"@id\":\"https:\/\/stbarthvillarental.com\/fr\/gastronomie-st-barth\/#primaryimage\"},\"thumbnailUrl\":\"https:\/\/stbarthvillarental.com\/wp-content\/uploads\/2020\/09\/Gastronomy-st-barth-scaled.jpeg\",\"datePublished\":\"2020-10-03T05:04:20+00:00\",\"dateModified\":\"2020-10-03T20:55:22+00:00\",\"description\":\"St Barth est connue pour sa gastronomie raffin\u00e9e. La cuisine est typiquement inspir\u00e9e des cultures fran\u00e7aise, antillaise, cr\u00e9ole, italienne et asiatique.\",\"breadcrumb\":{\"@id\":\"https:\/\/stbarthvillarental.com\/fr\/gastronomie-st-barth\/#breadcrumb\"},\"inLanguage\":\"fr-FR\",\"potentialAction\":[{\"@type\":\"ReadAction\",\"target\":[\"https:\/\/stbarthvillarental.com\/fr\/gastronomie-st-barth\/\"]}]},{\"@type\":\"ImageObject\",\"inLanguage\":\"fr-FR\",\"@id\":\"https:\/\/stbarthvillarental.com\/fr\/gastronomie-st-barth\/#primaryimage\",\"url\":\"https:\/\/stbarthvillarental.com\/wp-content\/uploads\/2020\/09\/Gastronomy-st-barth-scaled.jpeg\",\"contentUrl\":\"https:\/\/stbarthvillarental.com\/wp-content\/uploads\/2020\/09\/Gastronomy-st-barth-scaled.jpeg\",\"width\":2560,\"height\":1347},{\"@type\":\"BreadcrumbList\",\"@id\":\"https:\/\/stbarthvillarental.com\/fr\/gastronomie-st-barth\/#breadcrumb\",\"itemListElement\":[{\"@type\":\"ListItem\",\"position\":1,\"name\":\"Home\",\"item\":\"https:\/\/stbarthvillarental.com\/fr\/\"},{\"@type\":\"ListItem\",\"position\":2,\"name\":\"Gastronomie St Barth\"}]},{\"@type\":\"WebSite\",\"@id\":\"https:\/\/stbarthvillarental.com\/fr\/#website\",\"url\":\"https:\/\/stbarthvillarental.com\/fr\/\",\"name\":\"St Barth Villa Rental\",\"description\":\"Your Luxury Retreat Starts Here\",\"potentialAction\":[{\"@type\":\"SearchAction\",\"target\":{\"@type\":\"EntryPoint\",\"urlTemplate\":\"https:\/\/stbarthvillarental.com\/fr\/?s={search_term_string}\"},\"query-input\":{\"@type\":\"PropertyValueSpecification\",\"valueRequired\":true,\"valueName\":\"search_term_string\"}}],\"inLanguage\":\"fr-FR\"}]}<\/script>\n<!-- \/ Yoast SEO Premium plugin. -->","yoast_head_json":{"title":"St Barth Gourmet Food & Festival - St Barth Cuisine - St Barth Villa Rental","description":"St Barth est connue pour sa gastronomie raffin\u00e9e. La cuisine est typiquement inspir\u00e9e des cultures fran\u00e7aise, antillaise, cr\u00e9ole, italienne et asiatique.","robots":{"index":"index","follow":"follow","max-snippet":"max-snippet:-1","max-image-preview":"max-image-preview:large","max-video-preview":"max-video-preview:-1"},"canonical":"https:\/\/stbarthvillarental.com\/fr\/gastronomie-st-barth\/","og_locale":"fr_FR","og_type":"article","og_title":"Gastronomie St Barth","og_description":"St Barth est connue pour sa gastronomie raffin\u00e9e. La cuisine est typiquement inspir\u00e9e des cultures fran\u00e7aise, antillaise, cr\u00e9ole, italienne et asiatique.","og_url":"https:\/\/stbarthvillarental.com\/fr\/gastronomie-st-barth\/","og_site_name":"St Barth Villa Rental","article_modified_time":"2020-10-03T20:55:22+00:00","og_image":[{"width":2560,"height":1347,"url":"https:\/\/stbarthvillarental.com\/wp-content\/uploads\/2020\/09\/Gastronomy-st-barth-scaled.jpeg","type":"image\/jpeg"}],"twitter_card":"summary_large_image","twitter_misc":{"Dur\u00e9e de lecture estim\u00e9e":"2 minutes"},"schema":{"@context":"https:\/\/schema.org","@graph":[{"@type":"WebPage","@id":"https:\/\/stbarthvillarental.com\/fr\/gastronomie-st-barth\/","url":"https:\/\/stbarthvillarental.com\/fr\/gastronomie-st-barth\/","name":"St Barth Gourmet Food & Festival - St Barth Cuisine - St Barth Villa Rental","isPartOf":{"@id":"https:\/\/stbarthvillarental.com\/fr\/#website"},"primaryImageOfPage":{"@id":"https:\/\/stbarthvillarental.com\/fr\/gastronomie-st-barth\/#primaryimage"},"image":{"@id":"https:\/\/stbarthvillarental.com\/fr\/gastronomie-st-barth\/#primaryimage"},"thumbnailUrl":"https:\/\/stbarthvillarental.com\/wp-content\/uploads\/2020\/09\/Gastronomy-st-barth-scaled.jpeg","datePublished":"2020-10-03T05:04:20+00:00","dateModified":"2020-10-03T20:55:22+00:00","description":"St Barth est connue pour sa gastronomie raffin\u00e9e. La cuisine est typiquement inspir\u00e9e des cultures fran\u00e7aise, antillaise, cr\u00e9ole, italienne et asiatique.","breadcrumb":{"@id":"https:\/\/stbarthvillarental.com\/fr\/gastronomie-st-barth\/#breadcrumb"},"inLanguage":"fr-FR","potentialAction":[{"@type":"ReadAction","target":["https:\/\/stbarthvillarental.com\/fr\/gastronomie-st-barth\/"]}]},{"@type":"ImageObject","inLanguage":"fr-FR","@id":"https:\/\/stbarthvillarental.com\/fr\/gastronomie-st-barth\/#primaryimage","url":"https:\/\/stbarthvillarental.com\/wp-content\/uploads\/2020\/09\/Gastronomy-st-barth-scaled.jpeg","contentUrl":"https:\/\/stbarthvillarental.com\/wp-content\/uploads\/2020\/09\/Gastronomy-st-barth-scaled.jpeg","width":2560,"height":1347},{"@type":"BreadcrumbList","@id":"https:\/\/stbarthvillarental.com\/fr\/gastronomie-st-barth\/#breadcrumb","itemListElement":[{"@type":"ListItem","position":1,"name":"Home","item":"https:\/\/stbarthvillarental.com\/fr\/"},{"@type":"ListItem","position":2,"name":"Gastronomie St Barth"}]},{"@type":"WebSite","@id":"https:\/\/stbarthvillarental.com\/fr\/#website","url":"https:\/\/stbarthvillarental.com\/fr\/","name":"St Barth Villa Rental","description":"Your Luxury Retreat Starts Here","potentialAction":[{"@type":"SearchAction","target":{"@type":"EntryPoint","urlTemplate":"https:\/\/stbarthvillarental.com\/fr\/?s={search_term_string}"},"query-input":{"@type":"PropertyValueSpecification","valueRequired":true,"valueName":"search_term_string"}}],"inLanguage":"fr-FR"}]}},"_links":{"self":[{"href":"https:\/\/stbarthvillarental.com\/fr\/wp-json\/wp\/v2\/pages\/1266","targetHints":{"allow":["GET"]}}],"collection":[{"href":"https:\/\/stbarthvillarental.com\/fr\/wp-json\/wp\/v2\/pages"}],"about":[{"href":"https:\/\/stbarthvillarental.com\/fr\/wp-json\/wp\/v2\/types\/page"}],"author":[{"embeddable":true,"href":"https:\/\/stbarthvillarental.com\/fr\/wp-json\/wp\/v2\/users\/1"}],"replies":[{"embeddable":true,"href":"https:\/\/stbarthvillarental.com\/fr\/wp-json\/wp\/v2\/comments?post=1266"}],"version-history":[{"count":4,"href":"https:\/\/stbarthvillarental.com\/fr\/wp-json\/wp\/v2\/pages\/1266\/revisions"}],"predecessor-version":[{"id":1352,"href":"https:\/\/stbarthvillarental.com\/fr\/wp-json\/wp\/v2\/pages\/1266\/revisions\/1352"}],"wp:featuredmedia":[{"embeddable":true,"href":"https:\/\/stbarthvillarental.com\/fr\/wp-json\/wp\/v2\/media\/526"}],"wp:attachment":[{"href":"https:\/\/stbarthvillarental.com\/fr\/wp-json\/wp\/v2\/media?parent=1266"}],"curies":[{"name":"wp","href":"https:\/\/api.w.org\/{rel}","templated":true}]}}