{"id":1258,"date":"2020-10-03T06:57:54","date_gmt":"2020-10-03T04:57:54","guid":{"rendered":"https:\/\/stbarthvillarental.com\/\/\/st-barts-experiences\/clone-of-activities\/"},"modified":"2020-10-03T22:45:18","modified_gmt":"2020-10-03T20:45:18","slug":"activites","status":"publish","type":"page","link":"https:\/\/stbarthvillarental.com\/fr\/activites\/","title":{"rendered":"Activit\u00e9s"},"content":{"rendered":"<p style=\"text-align: center;\">Si vous cherchez un lieu de divertissements, Saint-Barth est l&rsquo;endroit id\u00e9al.<\/p>\n<p style=\"text-align: center;\">Cette \u00eele des Cara\u00efbes est c\u00e9l\u00e8bre pour ses plages de sable blanc, son port de plaisance, ses boutiques et restaurants haut de gamme et ses attractions historiques.<\/p>\n<p style=\"text-align: center;\">L&rsquo;\u00eele est magnifique et, au-del\u00e0 de ses paysages, il y a une infinit\u00e9 de choses passionnantes \u00e0 faire.&nbsp;<\/p>\n<p style=\"text-align: center;\">\n<p><div class=\"tcb-post-list tve-content-list thrv_wrapper\" data-type=\"grid\" data-pagination-type=\"none\" data-pages_near_current=\"2\" data-css=\"tve-u-5f7804d2933b10\" data-total_post_count=\"4\" data-total_sticky_count=\"0\" data-no_posts_text=\"There are no posts to display.\" data-featured-list=\"tve-u-5f7804d2933ab3\" data-disabled-links=\"0\"><article id=\"post-1320\" class=\"post-1320 page type-page status-publish has-post-thumbnail hentry post-wrapper thrv_wrapper thrive-animated-item  tve_evt_manager_listen tve_ea_thrive_animation tve_et_mouseover tve_anim_grow\" tcb_hover_state_parent=\"\" class=\"tve_evt_manager_listen tve_ea_thrive_animation tve_et_mouseover tve_anim_grow\" data-id=\"1320\" data-selector=\".post-wrapper\"><style class=\"tcb-post-list-dynamic-style\" type=\"text\/css\">@media (min-width: 300px){[].tcb-post-list #post-1320 []{background-image: linear-gradient(rgba(0, 0, 0, 0.3), rgba(0, 0, 0, 0.3)), url(\u00ab\u00a0https:\/\/stbarthvillarental.com\/wp-content\/uploads\/2020\/09\/nightclub-1024x576.jpg\u00ab\u00a0) !important;}[].tcb-post-list #post-1320 []:hover []{background-image: linear-gradient(rgba(0, 0, 0, 0.2), rgba(0, 0, 0, 0.2)), url(\u00ab\u00a0https:\/\/stbarthvillarental.com\/wp-content\/uploads\/2020\/09\/nightclub-1024x576.jpg\u00ab\u00a0) !important;}}<\/style><\/p>\n<h2 style=\"text-align: center;\"><span data-attr-css=\"tve-u-5f7804d2933bc4\" data-attr-link=\"1\" data-attr-rel=\"0\" data-attr-target=\"0\" data-extra_key=\"\" data-option-inline=\"1\" data-shortcode=\"tcb_post_title\" data-shortcode-name=\"Post title\" data-attr-static-link=\"{&quot;className&quot;:&quot;tve-froala fr-basic tcb-local-vars-root&quot;,&quot;href&quot;:&quot;https:\/\/stbarthvillarental.com\/\/\/activites\/sports-nautiques\/?lang=fr&quot;,&quot;title&quot;:&quot;Sports Nautiques&quot;,&quot;data-css&quot;:&quot;tve-u-5f7804d2933bc4&quot;,&quot;class&quot;:&quot;tve-froala fr-basic tcb-local-vars-root&quot;}\"><a href=\"https:\/\/stbarthvillarental.com\/fr\/vie-nocturne\/\" title=\"Vie Nocturne\" data-css=\"tve-u-5f7804d2933bc4\" class=\"tve-froala fr-basic tcb-local-vars-root\">Vie Nocturne<\/a><\/span><\/h2>\n<p><\/article><article id=\"post-1321\" class=\"post-1321 page type-page status-publish has-post-thumbnail hentry post-wrapper thrv_wrapper thrive-animated-item  tve_evt_manager_listen tve_ea_thrive_animation tve_et_mouseover tve_anim_grow\" tcb_hover_state_parent=\"\" class=\"tve_evt_manager_listen tve_ea_thrive_animation tve_et_mouseover tve_anim_grow\" data-id=\"1321\" data-selector=\".post-wrapper\"><style class=\"tcb-post-list-dynamic-style\" type=\"text\/css\">@media (min-width: 300px){[].tcb-post-list #post-1321 []{background-image: linear-gradient(rgba(0, 0, 0, 0.3), rgba(0, 0, 0, 0.3)), url(\u00ab\u00a0https:\/\/stbarthvillarental.com\/wp-content\/uploads\/2020\/09\/Activites-st-barth-1024x683.jpeg\u00ab\u00a0) !important;}[].tcb-post-list #post-1321 []:hover []{background-image: linear-gradient(rgba(0, 0, 0, 0.2), rgba(0, 0, 0, 0.2)), url(\u00ab\u00a0https:\/\/stbarthvillarental.com\/wp-content\/uploads\/2020\/09\/Activites-st-barth-1024x683.jpeg\u00ab\u00a0) !important;}}<\/style><\/p>\n<h2 style=\"text-align: center;\"><span data-attr-css=\"tve-u-5f7804d2933bc4\" data-attr-link=\"1\" data-attr-rel=\"0\" data-attr-target=\"0\" data-extra_key=\"\" data-option-inline=\"1\" data-shortcode=\"tcb_post_title\" data-shortcode-name=\"Post title\" data-attr-static-link=\"{&quot;className&quot;:&quot;tve-froala fr-basic tcb-local-vars-root&quot;,&quot;href&quot;:&quot;https:\/\/stbarthvillarental.com\/\/\/activites\/sports-nautiques\/?lang=fr&quot;,&quot;title&quot;:&quot;Sports Nautiques&quot;,&quot;data-css&quot;:&quot;tve-u-5f7804d2933bc4&quot;,&quot;class&quot;:&quot;tve-froala fr-basic tcb-local-vars-root&quot;}\"><a href=\"https:\/\/stbarthvillarental.com\/fr\/sports-nautiques\/\" title=\"Sports Nautiques\" data-css=\"tve-u-5f7804d2933bc4\" class=\"tve-froala fr-basic tcb-local-vars-root\">Sports Nautiques<\/a><\/span><\/h2>\n<p><\/article><article id=\"post-1319\" class=\"post-1319 page type-page status-publish has-post-thumbnail hentry post-wrapper thrv_wrapper thrive-animated-item  tve_evt_manager_listen tve_ea_thrive_animation tve_et_mouseover tve_anim_grow\" tcb_hover_state_parent=\"\" class=\"tve_evt_manager_listen tve_ea_thrive_animation tve_et_mouseover tve_anim_grow\" data-id=\"1319\" data-selector=\".post-wrapper\"><style class=\"tcb-post-list-dynamic-style\" type=\"text\/css\">@media (min-width: 300px){[].tcb-post-list #post-1319 []{background-image: linear-gradient(rgba(0, 0, 0, 0.3), rgba(0, 0, 0, 0.3)), url(\u00ab\u00a0https:\/\/stbarthvillarental.com\/wp-content\/uploads\/2020\/09\/Fitness-st-barth-1024x506.jpeg\u00ab\u00a0) !important;}[].tcb-post-list #post-1319 []:hover []{background-image: linear-gradient(rgba(0, 0, 0, 0.2), rgba(0, 0, 0, 0.2)), url(\u00ab\u00a0https:\/\/stbarthvillarental.com\/wp-content\/uploads\/2020\/09\/Fitness-st-barth-1024x506.jpeg\u00ab\u00a0) !important;}}<\/style><\/p>\n<h2 style=\"text-align: center;\"><span data-attr-css=\"tve-u-5f7804d2933bc4\" data-attr-link=\"1\" data-attr-rel=\"0\" data-attr-target=\"0\" data-extra_key=\"\" data-option-inline=\"1\" data-shortcode=\"tcb_post_title\" data-shortcode-name=\"Post title\" data-attr-static-link=\"{&quot;className&quot;:&quot;tve-froala fr-basic tcb-local-vars-root&quot;,&quot;href&quot;:&quot;https:\/\/stbarthvillarental.com\/\/\/activites\/sports-nautiques\/?lang=fr&quot;,&quot;title&quot;:&quot;Sports Nautiques&quot;,&quot;data-css&quot;:&quot;tve-u-5f7804d2933bc4&quot;,&quot;class&quot;:&quot;tve-froala fr-basic tcb-local-vars-root&quot;}\"><a href=\"https:\/\/stbarthvillarental.com\/fr\/fitness\/\" title=\"Fitness \u00e0 St Barth\" data-css=\"tve-u-5f7804d2933bc4\" class=\"tve-froala fr-basic tcb-local-vars-root\">Fitness \u00e0 St Barth<\/a><\/span><\/h2>\n<p><\/article><article id=\"post-1322\" class=\"post-1322 page type-page status-publish has-post-thumbnail hentry post-wrapper thrv_wrapper thrive-animated-item  tve_evt_manager_listen tve_ea_thrive_animation tve_et_mouseover tve_anim_grow\" tcb_hover_state_parent=\"\" class=\"tve_evt_manager_listen tve_ea_thrive_animation tve_et_mouseover tve_anim_grow\" data-id=\"1322\" data-selector=\".post-wrapper\"><style class=\"tcb-post-list-dynamic-style\" type=\"text\/css\">@media (min-width: 300px){[].tcb-post-list #post-1322 []{background-image: linear-gradient(rgba(0, 0, 0, 0.3), rgba(0, 0, 0, 0.3)), url(\u00ab\u00a0https:\/\/stbarthvillarental.com\/wp-content\/uploads\/2020\/09\/Yoga-st-barth-1024x576.jpeg\u00ab\u00a0) !important;}[].tcb-post-list #post-1322 []:hover []{background-image: linear-gradient(rgba(0, 0, 0, 0.2), rgba(0, 0, 0, 0.2)), url(\u00ab\u00a0https:\/\/stbarthvillarental.com\/wp-content\/uploads\/2020\/09\/Yoga-st-barth-1024x576.jpeg\u00ab\u00a0) !important;}}<\/style><\/p>\n<h2 style=\"text-align: center;\"><span data-attr-css=\"tve-u-5f7804d2933bc4\" data-attr-link=\"1\" data-attr-rel=\"0\" data-attr-target=\"0\" data-extra_key=\"\" data-option-inline=\"1\" data-shortcode=\"tcb_post_title\" data-shortcode-name=\"Post title\" data-attr-static-link=\"{&quot;className&quot;:&quot;tve-froala fr-basic tcb-local-vars-root&quot;,&quot;href&quot;:&quot;https:\/\/stbarthvillarental.com\/\/\/activites\/sports-nautiques\/?lang=fr&quot;,&quot;title&quot;:&quot;Sports Nautiques&quot;,&quot;data-css&quot;:&quot;tve-u-5f7804d2933bc4&quot;,&quot;class&quot;:&quot;tve-froala fr-basic tcb-local-vars-root&quot;}\"><a href=\"https:\/\/stbarthvillarental.com\/fr\/bien-etre\/\" title=\"Bien-\u00eatre\" data-css=\"tve-u-5f7804d2933bc4\" class=\"tve-froala fr-basic tcb-local-vars-root\">Bien-\u00eatre<\/a><\/span><\/h2>\n<p><\/article><\/div><a href=\"javascript:void(0)\" style=\"\"><span style=\"\"><span style=\"\">Load More<\/span><\/span><\/a><\/p>\n","protected":false},"excerpt":{"rendered":"<p>Si vous cherchez un lieu de divertissements, Saint-Barth est l&rsquo;endroit id\u00e9al. Cette \u00eele des Cara\u00efbes est c\u00e9l\u00e8bre pour ses plages de sable blanc, son port de plaisance, ses boutiques et restaurants haut de gamme et ses attractions historiques. L&rsquo;\u00eele est magnifique et, au-del\u00e0 de ses paysages, il y a une infinit\u00e9 de choses passionnantes \u00e0 [&hellip;]<\/p>\n","protected":false},"author":1,"featured_media":0,"parent":0,"menu_order":0,"comment_status":"closed","ping_status":"closed","template":"","meta":{"footnotes":""},"class_list":{"0":"post-1258","1":"page","2":"type-page","3":"status-publish","4":"hentry","5":"post-wrapper","6":"thrv_wrapper","9":"thrive-animated-item"},"yoast_head":"<!-- This site is optimized with the Yoast SEO Premium plugin v25.3.1 (Yoast SEO v27.1.1) - https:\/\/yoast.com\/product\/yoast-seo-premium-wordpress\/ -->\n<title>Activit\u00e9s et Divertissements \u00e0 St Barth - St Barth Villa Rental<\/title>\n<meta name=\"description\" content=\"Si vous cherchez un lieu de divertissements, Saint-Barth est l&#039;endroit id\u00e9al.\" \/>\n<meta name=\"robots\" content=\"index, follow, max-snippet:-1, max-image-preview:large, max-video-preview:-1\" \/>\n<link rel=\"canonical\" href=\"https:\/\/stbarthvillarental.com\/fr\/activites\/\" \/>\n<meta property=\"og:locale\" content=\"fr_FR\" \/>\n<meta property=\"og:type\" content=\"article\" \/>\n<meta property=\"og:title\" content=\"Activit\u00e9s\" \/>\n<meta property=\"og:description\" content=\"Si vous cherchez un lieu de divertissements, Saint-Barth est l&#039;endroit id\u00e9al.\" \/>\n<meta property=\"og:url\" content=\"https:\/\/stbarthvillarental.com\/fr\/activites\/\" \/>\n<meta property=\"og:site_name\" content=\"St Barth Villa Rental\" \/>\n<meta property=\"article:modified_time\" content=\"2020-10-03T20:45:18+00:00\" \/>\n<meta name=\"twitter:card\" content=\"summary_large_image\" \/>\n<meta name=\"twitter:label1\" content=\"Dur\u00e9e de lecture estim\u00e9e\" \/>\n\t<meta name=\"twitter:data1\" content=\"2 minutes\" \/>\n<script type=\"application\/ld+json\" class=\"yoast-schema-graph\">{\"@context\":\"https:\/\/schema.org\",\"@graph\":[{\"@type\":\"WebPage\",\"@id\":\"https:\/\/stbarthvillarental.com\/fr\/activites\/\",\"url\":\"https:\/\/stbarthvillarental.com\/fr\/activites\/\",\"name\":\"Activit\u00e9s et Divertissements \u00e0 St Barth - St Barth Villa Rental\",\"isPartOf\":{\"@id\":\"https:\/\/stbarthvillarental.com\/fr\/#website\"},\"datePublished\":\"2020-10-03T04:57:54+00:00\",\"dateModified\":\"2020-10-03T20:45:18+00:00\",\"description\":\"Si vous cherchez un lieu de divertissements, Saint-Barth est l'endroit id\u00e9al.\",\"breadcrumb\":{\"@id\":\"https:\/\/stbarthvillarental.com\/fr\/activites\/#breadcrumb\"},\"inLanguage\":\"fr-FR\",\"potentialAction\":[{\"@type\":\"ReadAction\",\"target\":[\"https:\/\/stbarthvillarental.com\/fr\/activites\/\"]}]},{\"@type\":\"BreadcrumbList\",\"@id\":\"https:\/\/stbarthvillarental.com\/fr\/activites\/#breadcrumb\",\"itemListElement\":[{\"@type\":\"ListItem\",\"position\":1,\"name\":\"Home\",\"item\":\"https:\/\/stbarthvillarental.com\/fr\/\"},{\"@type\":\"ListItem\",\"position\":2,\"name\":\"Activit\u00e9s\"}]},{\"@type\":\"WebSite\",\"@id\":\"https:\/\/stbarthvillarental.com\/fr\/#website\",\"url\":\"https:\/\/stbarthvillarental.com\/fr\/\",\"name\":\"St Barth Villa Rental\",\"description\":\"Your Luxury Retreat Starts Here\",\"potentialAction\":[{\"@type\":\"SearchAction\",\"target\":{\"@type\":\"EntryPoint\",\"urlTemplate\":\"https:\/\/stbarthvillarental.com\/fr\/?s={search_term_string}\"},\"query-input\":{\"@type\":\"PropertyValueSpecification\",\"valueRequired\":true,\"valueName\":\"search_term_string\"}}],\"inLanguage\":\"fr-FR\"}]}<\/script>\n<!-- \/ Yoast SEO Premium plugin. -->","yoast_head_json":{"title":"Activit\u00e9s et Divertissements \u00e0 St Barth - St Barth Villa Rental","description":"Si vous cherchez un lieu de divertissements, Saint-Barth est l'endroit id\u00e9al.","robots":{"index":"index","follow":"follow","max-snippet":"max-snippet:-1","max-image-preview":"max-image-preview:large","max-video-preview":"max-video-preview:-1"},"canonical":"https:\/\/stbarthvillarental.com\/fr\/activites\/","og_locale":"fr_FR","og_type":"article","og_title":"Activit\u00e9s","og_description":"Si vous cherchez un lieu de divertissements, Saint-Barth est l'endroit id\u00e9al.","og_url":"https:\/\/stbarthvillarental.com\/fr\/activites\/","og_site_name":"St Barth Villa Rental","article_modified_time":"2020-10-03T20:45:18+00:00","twitter_card":"summary_large_image","twitter_misc":{"Dur\u00e9e de lecture estim\u00e9e":"2 minutes"},"schema":{"@context":"https:\/\/schema.org","@graph":[{"@type":"WebPage","@id":"https:\/\/stbarthvillarental.com\/fr\/activites\/","url":"https:\/\/stbarthvillarental.com\/fr\/activites\/","name":"Activit\u00e9s et Divertissements \u00e0 St Barth - St Barth Villa Rental","isPartOf":{"@id":"https:\/\/stbarthvillarental.com\/fr\/#website"},"datePublished":"2020-10-03T04:57:54+00:00","dateModified":"2020-10-03T20:45:18+00:00","description":"Si vous cherchez un lieu de divertissements, Saint-Barth est l'endroit id\u00e9al.","breadcrumb":{"@id":"https:\/\/stbarthvillarental.com\/fr\/activites\/#breadcrumb"},"inLanguage":"fr-FR","potentialAction":[{"@type":"ReadAction","target":["https:\/\/stbarthvillarental.com\/fr\/activites\/"]}]},{"@type":"BreadcrumbList","@id":"https:\/\/stbarthvillarental.com\/fr\/activites\/#breadcrumb","itemListElement":[{"@type":"ListItem","position":1,"name":"Home","item":"https:\/\/stbarthvillarental.com\/fr\/"},{"@type":"ListItem","position":2,"name":"Activit\u00e9s"}]},{"@type":"WebSite","@id":"https:\/\/stbarthvillarental.com\/fr\/#website","url":"https:\/\/stbarthvillarental.com\/fr\/","name":"St Barth Villa Rental","description":"Your Luxury Retreat Starts Here","potentialAction":[{"@type":"SearchAction","target":{"@type":"EntryPoint","urlTemplate":"https:\/\/stbarthvillarental.com\/fr\/?s={search_term_string}"},"query-input":{"@type":"PropertyValueSpecification","valueRequired":true,"valueName":"search_term_string"}}],"inLanguage":"fr-FR"}]}},"_links":{"self":[{"href":"https:\/\/stbarthvillarental.com\/fr\/wp-json\/wp\/v2\/pages\/1258","targetHints":{"allow":["GET"]}}],"collection":[{"href":"https:\/\/stbarthvillarental.com\/fr\/wp-json\/wp\/v2\/pages"}],"about":[{"href":"https:\/\/stbarthvillarental.com\/fr\/wp-json\/wp\/v2\/types\/page"}],"author":[{"embeddable":true,"href":"https:\/\/stbarthvillarental.com\/fr\/wp-json\/wp\/v2\/users\/1"}],"replies":[{"embeddable":true,"href":"https:\/\/stbarthvillarental.com\/fr\/wp-json\/wp\/v2\/comments?post=1258"}],"version-history":[{"count":3,"href":"https:\/\/stbarthvillarental.com\/fr\/wp-json\/wp\/v2\/pages\/1258\/revisions"}],"predecessor-version":[{"id":1338,"href":"https:\/\/stbarthvillarental.com\/fr\/wp-json\/wp\/v2\/pages\/1258\/revisions\/1338"}],"wp:attachment":[{"href":"https:\/\/stbarthvillarental.com\/fr\/wp-json\/wp\/v2\/media?parent=1258"}],"curies":[{"name":"wp","href":"https:\/\/api.w.org\/{rel}","templated":true}]}}