{"id":1197,"date":"2020-10-03T06:05:27","date_gmt":"2020-10-03T04:05:27","guid":{"rendered":"https:\/\/stbarthvillarental.com\/\/\/discover-st-barts\/clone-of-st-barts-faqs\/"},"modified":"2020-11-12T15:56:27","modified_gmt":"2020-11-12T14:56:27","slug":"faq-st-barth","status":"publish","type":"page","link":"https:\/\/stbarthvillarental.com\/fr\/faq-st-barth\/","title":{"rendered":"FAQ St Barth"},"content":{"rendered":"<p style=\"text-align: center;\">Nous avons couverts de nombreux sujets concernant votre voyage \u00e0 Saint Barth. Voici quelques \u00e9l\u00e9ments suppl\u00e9mentaires pour r\u00e9pondre aux questions fr\u00e9quemment pos\u00e9es.<\/p>\n<p style=\"\">Quelle langue est parl\u00e9e \u00e0 St Barth ?<\/p>\n<p>St Barts est connue pour \u00eatre une \u00eele francophone.<\/p>\n<p>Cependant, comme il y a beaucoup de touristes am\u00e9ricains, vous constaterez que beaucoup de personnes sur l&rsquo;\u00eele parlent anglais.<\/p>\n<p style=\"\">Quelle est la monnaie sur St Barth ?<\/p>\n<p>La monnaie officielle de Saint-Barth\u00e9lemy est l&rsquo;euro.<\/p>\n<p>Toutefois, la plupart des commer\u00e7ants acceptent les dollars am\u00e9ricains et les cartes de cr\u00e9dit au taux de change local.<\/p>\n<p style=\"\">Combien d&rsquo;habitants vivent \u00e0 Saint Barth ?<\/p>\n<p>En 2012, l&rsquo;\u00eele comptait 9 131 habitants.<\/p>\n<p style=\"\">L&rsquo;eau de St Barth est-elle potable ?<\/p>\n<p>Oui, l&rsquo;eau de Saint-Barth est potable.<\/p>\n<p style=\"\">Qui vit \u00e0 St Barth ?<\/p>\n<p>St Barth \u00e9tant une \u00eele fran\u00e7aise, toute personne poss\u00e9dant un passeport europ\u00e9en peut vivre et travailler sur l&rsquo;\u00eele.<\/p>\n<p>Les citoyens am\u00e9ricains et canadiens peuvent vivre et travailler sur l&rsquo;\u00eele pendant 90 jours sans visa.<\/p>\n<p>Les citoyens am\u00e9ricains et canadiens peuvent \u00e9galement acheter de l&rsquo;immobilier sur l&rsquo;\u00eele car il n&rsquo;y a pas de restrictions pour les acheteurs \u00e9trangers.<\/p>\n<p style=\"\">St Barth est-elle une \u00eele s\u00fbre ?<\/p>\n<p>Oui, St Barth est l&rsquo;une des destinations les plus s\u00fbres.<\/p>\n<p>Si des cas de petits vols ont \u00e9t\u00e9 enregistr\u00e9s, il n&rsquo;y a pas de gangs, pas d&rsquo;armes \u00e0 feu. Il n&rsquo;y a aucune zone \u00e0 \u00e9viter et vous pouvez circuler partout, de jour comme de nuit.<\/p>\n<p style=\"\">Combien de temps faut-il pour faire le tour de l&rsquo;\u00eele en voiture ?<\/p>\n<p>Il n&rsquo;y a pas vraiment de r\u00e9ponse unique \u00e0 cette question. La dur\u00e9e d&rsquo;un trajet en voiture autour de Saint Barth varie en fonction de la route que vous prenez et de la distance que vous parcourez.<\/p>\n<p>Cependant, l&rsquo;\u00eele \u00e9tant assez petite, il ne faut g\u00e9n\u00e9ralement pas plus d&rsquo;une demi-heure pour se rendre d&rsquo;un endroit \u00e0 l&rsquo;autre.<\/p>\n<p style=\"\">De quel c\u00f4t\u00e9 de la route conduit-on \u00e0 St Barth ?<\/p>\n<p>St Barth est r\u00e9gie par le droit fran\u00e7ais. Par cons\u00e9quent, tous les conducteurs doivent respecter les r\u00e8gles de conduite fran\u00e7aises et rouler du c\u00f4t\u00e9 droit de la route.<\/p>\n<p style=\"\">Quelle est la superficie de l&rsquo;\u00eele ?<\/p>\n<p>St Barth a une superficie de 25km\u00b2.<\/p>\n<p style=\"\">Comment St Barth soutient la vie marine ?<\/p>\n<p>Une grande partie du tourisme \u00e0 Saint-Barth\u00e9lemy d\u00e9pend de la vitalit\u00e9 de la vie marine.<\/p>\n<p>C&rsquo;est pour cela que l&rsquo;\u00eele soutient la restauration des r\u00e9cifs coralliens. Ils savent que si leurs r\u00e9cifs disparaissent, les poissons qui y vivent dispara\u00eetront aussi.<\/p>\n<p>Lorsque vous faites un voyage \u00e0 Saint Barth, tout le monde y gagne. Une partie de l&rsquo;argent que vous payez pour vos vacances sera revers\u00e9e aux efforts pour restaurer les r\u00e9cifs coralliens.<\/p>\n<p>[tcb-script type=\u00a0\u00bbapplication\/ld+json\u00a0\u00bb]{\u00ab\u00a0@context\u00a0\u00bb:\u00a0\u00bbhttps:\/\/schema.org\u00a0\u00bb,\u00a0\u00bb@type\u00a0\u00bb:\u00a0\u00bbFAQPage\u00a0\u00bb,\u00a0\u00bbmainEntity\u00a0\u00bb:[{\u00ab\u00a0@type\u00a0\u00bb:\u00a0\u00bbQuestion\u00a0\u00bb,\u00a0\u00bbname\u00a0\u00bb:\u00a0\u00bbQuelle langue est parl\u00e9e \u00e0 St Barth ?\u00a0\u00bb,\u00a0\u00bbacceptedAnswer\u00a0\u00bb:{\u00ab\u00a0@type\u00a0\u00bb:\u00a0\u00bbAnswer\u00a0\u00bb,\u00a0\u00bbtext\u00a0\u00bb:\u00a0\u00bbSt Barts est connue pour \u00eatre une \u00eele francophone.nnCependant, comme il y a beaucoup de touristes am\u00e9ricains, vous constaterez que beaucoup de personnes sur l&rsquo;\u00eele parlent anglais.\u00a0\u00bb}},{\u00ab\u00a0@type\u00a0\u00bb:\u00a0\u00bbQuestion\u00a0\u00bb,\u00a0\u00bbname\u00a0\u00bb:\u00a0\u00bbQuelle est la monnaie sur St Barth ?\u00a0\u00bb,\u00a0\u00bbacceptedAnswer\u00a0\u00bb:{\u00ab\u00a0@type\u00a0\u00bb:\u00a0\u00bbAnswer\u00a0\u00bb,\u00a0\u00bbtext\u00a0\u00bb:\u00a0\u00bbLa monnaie officielle de Saint-Barth\u00e9lemy est l&rsquo;euro.nnToutefois, la plupart des commer\u00e7ants acceptent les dollars am\u00e9ricains et les cartes de cr\u00e9dit au taux de change local.\u00a0\u00bb}},{\u00ab\u00a0@type\u00a0\u00bb:\u00a0\u00bbQuestion\u00a0\u00bb,\u00a0\u00bbname\u00a0\u00bb:\u00a0\u00bbCombien d&rsquo;habitants vivent \u00e0 Saint Barth ?\u00a0\u00bb,\u00a0\u00bbacceptedAnswer\u00a0\u00bb:{\u00ab\u00a0@type\u00a0\u00bb:\u00a0\u00bbAnswer\u00a0\u00bb,\u00a0\u00bbtext\u00a0\u00bb:\u00a0\u00bbEn 2012, l&rsquo;\u00eele comptait 9 131 habitants.n\u00a0\u00bb}},{\u00ab\u00a0@type\u00a0\u00bb:\u00a0\u00bbQuestion\u00a0\u00bb,\u00a0\u00bbname\u00a0\u00bb:\u00a0\u00bbL&rsquo;eau de St Barth est-elle potable ?\u00a0\u00bb,\u00a0\u00bbacceptedAnswer\u00a0\u00bb:{\u00ab\u00a0@type\u00a0\u00bb:\u00a0\u00bbAnswer\u00a0\u00bb,\u00a0\u00bbtext\u00a0\u00bb:\u00a0\u00bbOui, l&rsquo;eau de Saint-Barth est potable.\u00a0\u00bb}},{\u00ab\u00a0@type\u00a0\u00bb:\u00a0\u00bbQuestion\u00a0\u00bb,\u00a0\u00bbname\u00a0\u00bb:\u00a0\u00bbQui vit \u00e0 St Barth ?\u00a0\u00bb,\u00a0\u00bbacceptedAnswer\u00a0\u00bb:{\u00ab\u00a0@type\u00a0\u00bb:\u00a0\u00bbAnswer\u00a0\u00bb,\u00a0\u00bbtext\u00a0\u00bb:\u00a0\u00bbSt Barth \u00e9tant une \u00eele fran\u00e7aise, toute personne poss\u00e9dant un passeport europ\u00e9en peut vivre et travailler sur l&rsquo;\u00eele.nnLes citoyens am\u00e9ricains et canadiens peuvent vivre et travailler sur l&rsquo;\u00eele pendant 90 jours sans visa.nnLes citoyens am\u00e9ricains et canadiens peuvent \u00e9galement acheter de l&rsquo;immobilier sur l&rsquo;\u00eele car il n&rsquo;y a pas de restrictions pour les acheteurs \u00e9trangers.\u00a0\u00bb}},{\u00ab\u00a0@type\u00a0\u00bb:\u00a0\u00bbQuestion\u00a0\u00bb,\u00a0\u00bbname\u00a0\u00bb:\u00a0\u00bbSt Barth est-elle une \u00eele s\u00fbre ?\u00a0\u00bb,\u00a0\u00bbacceptedAnswer\u00a0\u00bb:{\u00ab\u00a0@type\u00a0\u00bb:\u00a0\u00bbAnswer\u00a0\u00bb,\u00a0\u00bbtext\u00a0\u00bb:\u00a0\u00bbOui, St Barth est l&rsquo;une des destinations les plus s\u00fbres.nnSi des cas de petits vols ont \u00e9t\u00e9 enregistr\u00e9s, il n&rsquo;y a pas de gangs, pas d&rsquo;armes \u00e0 feu. Il n&rsquo;y a aucune zone \u00e0 \u00e9viter et vous pouvez circuler partout, de jour comme de nuit.\u00a0\u00bb}},{\u00ab\u00a0@type\u00a0\u00bb:\u00a0\u00bbQuestion\u00a0\u00bb,\u00a0\u00bbname\u00a0\u00bb:\u00a0\u00bbCombien de temps faut-il pour faire le tour de l&rsquo;\u00eele en voiture ?\u00a0\u00bb,\u00a0\u00bbacceptedAnswer\u00a0\u00bb:{\u00ab\u00a0@type\u00a0\u00bb:\u00a0\u00bbAnswer\u00a0\u00bb,\u00a0\u00bbtext\u00a0\u00bb:\u00a0\u00bbIl n&rsquo;y a pas vraiment de r\u00e9ponse unique \u00e0 cette question. La dur\u00e9e d&rsquo;un trajet en voiture autour de Saint Barth varie en fonction de la route que vous prenez et de la distance que vous parcourez.nnCependant, l&rsquo;\u00eele \u00e9tant assez petite, il ne faut g\u00e9n\u00e9ralement pas plus d&rsquo;une demi-heure pour se rendre d&rsquo;un endroit \u00e0 l&rsquo;autre.\u00a0\u00bb}},{\u00ab\u00a0@type\u00a0\u00bb:\u00a0\u00bbQuestion\u00a0\u00bb,\u00a0\u00bbname\u00a0\u00bb:\u00a0\u00bbDe quel c\u00f4t\u00e9 de la route conduit-on \u00e0 St Barth ?\u00a0\u00bb,\u00a0\u00bbacceptedAnswer\u00a0\u00bb:{\u00ab\u00a0@type\u00a0\u00bb:\u00a0\u00bbAnswer\u00a0\u00bb,\u00a0\u00bbtext\u00a0\u00bb:\u00a0\u00bbSt Barth est r\u00e9gie par le droit fran\u00e7ais. Par cons\u00e9quent, tous les conducteurs doivent respecter les r\u00e8gles de conduite fran\u00e7aises et rouler du c\u00f4t\u00e9 droit de la route.\u00a0\u00bb}},{\u00ab\u00a0@type\u00a0\u00bb:\u00a0\u00bbQuestion\u00a0\u00bb,\u00a0\u00bbname\u00a0\u00bb:\u00a0\u00bbQuelle est la superficie de St Barth ?\u00a0\u00bb,\u00a0\u00bbacceptedAnswer\u00a0\u00bb:{\u00ab\u00a0@type\u00a0\u00bb:\u00a0\u00bbAnswer\u00a0\u00bb,\u00a0\u00bbtext\u00a0\u00bb:\u00a0\u00bbSt Barth a une superficie de 25km\u00b2.\u00a0\u00bb}},{\u00ab\u00a0@type\u00a0\u00bb:\u00a0\u00bbQuestion\u00a0\u00bb,\u00a0\u00bbname\u00a0\u00bb:\u00a0\u00bbComment St Barth soutient la vie marine ?\u00a0\u00bb,\u00a0\u00bbacceptedAnswer\u00a0\u00bb:{\u00ab\u00a0@type\u00a0\u00bb:\u00a0\u00bbAnswer\u00a0\u00bb,\u00a0\u00bbtext\u00a0\u00bb:\u00a0\u00bbUne grande partie du tourisme \u00e0 Saint-Barth\u00e9lemy d\u00e9pend de la vitalit\u00e9 de la vie marine.nnC&rsquo;est pour cela que l&rsquo;\u00eele soutient la restauration des r\u00e9cifs coralliens. Ils savent que si leurs r\u00e9cifs disparaissent, les poissons qui y vivent dispara\u00eetront aussi.nnLorsque vous faites un voyage \u00e0 Saint Barth, tout le monde y gagne. Une partie de l&rsquo;argent que vous payez pour vos vacances sera revers\u00e9e aux efforts pour restaurer les r\u00e9cifs coralliens.\u00a0\u00bb}}]}[\/tcb-script]<\/p>\n","protected":false},"excerpt":{"rendered":"<p>Nous avons couverts de nombreux sujets concernant votre voyage \u00e0 Saint Barth. Voici quelques \u00e9l\u00e9ments suppl\u00e9mentaires pour r\u00e9pondre aux questions fr\u00e9quemment pos\u00e9es. Quelle langue est parl\u00e9e \u00e0 St Barth ? St Barts est connue pour \u00eatre une \u00eele francophone. Cependant, comme il y a beaucoup de touristes am\u00e9ricains, vous constaterez que beaucoup de personnes sur [&hellip;]<\/p>\n","protected":false},"author":1,"featured_media":553,"parent":0,"menu_order":0,"comment_status":"closed","ping_status":"closed","template":"","meta":{"footnotes":""},"class_list":["post-1197","page","type-page","status-publish","has-post-thumbnail","hentry","post-wrapper","thrv_wrapper"],"yoast_head":"<!-- This site is optimized with the Yoast SEO Premium plugin v25.3.1 (Yoast SEO v27.1.1) - https:\/\/yoast.com\/product\/yoast-seo-premium-wordpress\/ -->\n<title>Questions Fr\u00e9quentes sur St Barth (FAQ) - St Barth Villa Rental<\/title>\n<meta name=\"description\" content=\"Nous avons couverts de nombreux sujets concernant votre voyage \u00e0 Saint Barth. Voici quelques \u00e9l\u00e9ments suppl\u00e9mentaires pour r\u00e9pondre aux questions fr\u00e9quemment pos\u00e9es.\" \/>\n<meta name=\"robots\" content=\"index, follow, max-snippet:-1, max-image-preview:large, max-video-preview:-1\" \/>\n<link rel=\"canonical\" href=\"https:\/\/stbarthvillarental.com\/fr\/faq-st-barth\/\" \/>\n<meta property=\"og:locale\" content=\"fr_FR\" \/>\n<meta property=\"og:type\" content=\"article\" \/>\n<meta property=\"og:title\" content=\"FAQ St Barth\" \/>\n<meta property=\"og:description\" content=\"Nous avons couverts de nombreux sujets concernant votre voyage \u00e0 Saint Barth. Voici quelques \u00e9l\u00e9ments suppl\u00e9mentaires pour r\u00e9pondre aux questions fr\u00e9quemment pos\u00e9es.\" \/>\n<meta property=\"og:url\" content=\"https:\/\/stbarthvillarental.com\/fr\/faq-st-barth\/\" \/>\n<meta property=\"og:site_name\" content=\"St Barth Villa Rental\" \/>\n<meta property=\"article:modified_time\" content=\"2020-11-12T14:56:27+00:00\" \/>\n<meta property=\"og:image\" content=\"https:\/\/stbarthvillarental.com\/wp-content\/uploads\/2020\/08\/AdobeStock_341385348-scaled.jpeg\" \/>\n\t<meta property=\"og:image:width\" content=\"2560\" \/>\n\t<meta property=\"og:image:height\" content=\"1707\" \/>\n\t<meta property=\"og:image:type\" content=\"image\/jpeg\" \/>\n<meta name=\"twitter:card\" content=\"summary_large_image\" \/>\n<meta name=\"twitter:label1\" content=\"Dur\u00e9e de lecture estim\u00e9e\" \/>\n\t<meta name=\"twitter:data1\" content=\"5 minutes\" \/>\n<script type=\"application\/ld+json\" class=\"yoast-schema-graph\">{\"@context\":\"https:\/\/schema.org\",\"@graph\":[{\"@type\":\"WebPage\",\"@id\":\"https:\/\/stbarthvillarental.com\/fr\/faq-st-barth\/\",\"url\":\"https:\/\/stbarthvillarental.com\/fr\/faq-st-barth\/\",\"name\":\"Questions Fr\u00e9quentes sur St Barth (FAQ) - St Barth Villa Rental\",\"isPartOf\":{\"@id\":\"https:\/\/stbarthvillarental.com\/fr\/#website\"},\"primaryImageOfPage\":{\"@id\":\"https:\/\/stbarthvillarental.com\/fr\/faq-st-barth\/#primaryimage\"},\"image\":{\"@id\":\"https:\/\/stbarthvillarental.com\/fr\/faq-st-barth\/#primaryimage\"},\"thumbnailUrl\":\"https:\/\/stbarthvillarental.com\/wp-content\/uploads\/2020\/08\/AdobeStock_341385348-scaled.jpeg\",\"datePublished\":\"2020-10-03T04:05:27+00:00\",\"dateModified\":\"2020-11-12T14:56:27+00:00\",\"description\":\"Nous avons couverts de nombreux sujets concernant votre voyage \u00e0 Saint Barth. Voici quelques \u00e9l\u00e9ments suppl\u00e9mentaires pour r\u00e9pondre aux questions fr\u00e9quemment pos\u00e9es.\",\"breadcrumb\":{\"@id\":\"https:\/\/stbarthvillarental.com\/fr\/faq-st-barth\/#breadcrumb\"},\"inLanguage\":\"fr-FR\",\"potentialAction\":[{\"@type\":\"ReadAction\",\"target\":[\"https:\/\/stbarthvillarental.com\/fr\/faq-st-barth\/\"]}]},{\"@type\":\"ImageObject\",\"inLanguage\":\"fr-FR\",\"@id\":\"https:\/\/stbarthvillarental.com\/fr\/faq-st-barth\/#primaryimage\",\"url\":\"https:\/\/stbarthvillarental.com\/wp-content\/uploads\/2020\/08\/AdobeStock_341385348-scaled.jpeg\",\"contentUrl\":\"https:\/\/stbarthvillarental.com\/wp-content\/uploads\/2020\/08\/AdobeStock_341385348-scaled.jpeg\",\"width\":2560,\"height\":1707},{\"@type\":\"BreadcrumbList\",\"@id\":\"https:\/\/stbarthvillarental.com\/fr\/faq-st-barth\/#breadcrumb\",\"itemListElement\":[{\"@type\":\"ListItem\",\"position\":1,\"name\":\"Home\",\"item\":\"https:\/\/stbarthvillarental.com\/fr\/\"},{\"@type\":\"ListItem\",\"position\":2,\"name\":\"FAQ St Barth\"}]},{\"@type\":\"WebSite\",\"@id\":\"https:\/\/stbarthvillarental.com\/fr\/#website\",\"url\":\"https:\/\/stbarthvillarental.com\/fr\/\",\"name\":\"St Barth Villa Rental\",\"description\":\"Your Luxury Retreat Starts Here\",\"potentialAction\":[{\"@type\":\"SearchAction\",\"target\":{\"@type\":\"EntryPoint\",\"urlTemplate\":\"https:\/\/stbarthvillarental.com\/fr\/?s={search_term_string}\"},\"query-input\":{\"@type\":\"PropertyValueSpecification\",\"valueRequired\":true,\"valueName\":\"search_term_string\"}}],\"inLanguage\":\"fr-FR\"}]}<\/script>\n<!-- \/ Yoast SEO Premium plugin. -->","yoast_head_json":{"title":"Questions Fr\u00e9quentes sur St Barth (FAQ) - St Barth Villa Rental","description":"Nous avons couverts de nombreux sujets concernant votre voyage \u00e0 Saint Barth. Voici quelques \u00e9l\u00e9ments suppl\u00e9mentaires pour r\u00e9pondre aux questions fr\u00e9quemment pos\u00e9es.","robots":{"index":"index","follow":"follow","max-snippet":"max-snippet:-1","max-image-preview":"max-image-preview:large","max-video-preview":"max-video-preview:-1"},"canonical":"https:\/\/stbarthvillarental.com\/fr\/faq-st-barth\/","og_locale":"fr_FR","og_type":"article","og_title":"FAQ St Barth","og_description":"Nous avons couverts de nombreux sujets concernant votre voyage \u00e0 Saint Barth. Voici quelques \u00e9l\u00e9ments suppl\u00e9mentaires pour r\u00e9pondre aux questions fr\u00e9quemment pos\u00e9es.","og_url":"https:\/\/stbarthvillarental.com\/fr\/faq-st-barth\/","og_site_name":"St Barth Villa Rental","article_modified_time":"2020-11-12T14:56:27+00:00","og_image":[{"width":2560,"height":1707,"url":"https:\/\/stbarthvillarental.com\/wp-content\/uploads\/2020\/08\/AdobeStock_341385348-scaled.jpeg","type":"image\/jpeg"}],"twitter_card":"summary_large_image","twitter_misc":{"Dur\u00e9e de lecture estim\u00e9e":"5 minutes"},"schema":{"@context":"https:\/\/schema.org","@graph":[{"@type":"WebPage","@id":"https:\/\/stbarthvillarental.com\/fr\/faq-st-barth\/","url":"https:\/\/stbarthvillarental.com\/fr\/faq-st-barth\/","name":"Questions Fr\u00e9quentes sur St Barth (FAQ) - St Barth Villa Rental","isPartOf":{"@id":"https:\/\/stbarthvillarental.com\/fr\/#website"},"primaryImageOfPage":{"@id":"https:\/\/stbarthvillarental.com\/fr\/faq-st-barth\/#primaryimage"},"image":{"@id":"https:\/\/stbarthvillarental.com\/fr\/faq-st-barth\/#primaryimage"},"thumbnailUrl":"https:\/\/stbarthvillarental.com\/wp-content\/uploads\/2020\/08\/AdobeStock_341385348-scaled.jpeg","datePublished":"2020-10-03T04:05:27+00:00","dateModified":"2020-11-12T14:56:27+00:00","description":"Nous avons couverts de nombreux sujets concernant votre voyage \u00e0 Saint Barth. Voici quelques \u00e9l\u00e9ments suppl\u00e9mentaires pour r\u00e9pondre aux questions fr\u00e9quemment pos\u00e9es.","breadcrumb":{"@id":"https:\/\/stbarthvillarental.com\/fr\/faq-st-barth\/#breadcrumb"},"inLanguage":"fr-FR","potentialAction":[{"@type":"ReadAction","target":["https:\/\/stbarthvillarental.com\/fr\/faq-st-barth\/"]}]},{"@type":"ImageObject","inLanguage":"fr-FR","@id":"https:\/\/stbarthvillarental.com\/fr\/faq-st-barth\/#primaryimage","url":"https:\/\/stbarthvillarental.com\/wp-content\/uploads\/2020\/08\/AdobeStock_341385348-scaled.jpeg","contentUrl":"https:\/\/stbarthvillarental.com\/wp-content\/uploads\/2020\/08\/AdobeStock_341385348-scaled.jpeg","width":2560,"height":1707},{"@type":"BreadcrumbList","@id":"https:\/\/stbarthvillarental.com\/fr\/faq-st-barth\/#breadcrumb","itemListElement":[{"@type":"ListItem","position":1,"name":"Home","item":"https:\/\/stbarthvillarental.com\/fr\/"},{"@type":"ListItem","position":2,"name":"FAQ St Barth"}]},{"@type":"WebSite","@id":"https:\/\/stbarthvillarental.com\/fr\/#website","url":"https:\/\/stbarthvillarental.com\/fr\/","name":"St Barth Villa Rental","description":"Your Luxury Retreat Starts Here","potentialAction":[{"@type":"SearchAction","target":{"@type":"EntryPoint","urlTemplate":"https:\/\/stbarthvillarental.com\/fr\/?s={search_term_string}"},"query-input":{"@type":"PropertyValueSpecification","valueRequired":true,"valueName":"search_term_string"}}],"inLanguage":"fr-FR"}]}},"_links":{"self":[{"href":"https:\/\/stbarthvillarental.com\/fr\/wp-json\/wp\/v2\/pages\/1197","targetHints":{"allow":["GET"]}}],"collection":[{"href":"https:\/\/stbarthvillarental.com\/fr\/wp-json\/wp\/v2\/pages"}],"about":[{"href":"https:\/\/stbarthvillarental.com\/fr\/wp-json\/wp\/v2\/types\/page"}],"author":[{"embeddable":true,"href":"https:\/\/stbarthvillarental.com\/fr\/wp-json\/wp\/v2\/users\/1"}],"replies":[{"embeddable":true,"href":"https:\/\/stbarthvillarental.com\/fr\/wp-json\/wp\/v2\/comments?post=1197"}],"version-history":[{"count":5,"href":"https:\/\/stbarthvillarental.com\/fr\/wp-json\/wp\/v2\/pages\/1197\/revisions"}],"predecessor-version":[{"id":1736,"href":"https:\/\/stbarthvillarental.com\/fr\/wp-json\/wp\/v2\/pages\/1197\/revisions\/1736"}],"wp:featuredmedia":[{"embeddable":true,"href":"https:\/\/stbarthvillarental.com\/fr\/wp-json\/wp\/v2\/media\/553"}],"wp:attachment":[{"href":"https:\/\/stbarthvillarental.com\/fr\/wp-json\/wp\/v2\/media?parent=1197"}],"curies":[{"name":"wp","href":"https:\/\/api.w.org\/{rel}","templated":true}]}}