{"id":1195,"date":"2020-10-03T06:05:22","date_gmt":"2020-10-03T04:05:22","guid":{"rendered":"https:\/\/stbarthvillarental.com\/\/\/discover-st-barts\/getting-to-st-barts\/clone-of-travelling-to-st-barts\/"},"modified":"2020-10-03T23:10:58","modified_gmt":"2020-10-03T21:10:58","slug":"voyager-vers-st-barth","status":"publish","type":"page","link":"https:\/\/stbarthvillarental.com\/fr\/voyager-vers-st-barth\/","title":{"rendered":"Voyager vers St Barth"},"content":{"rendered":"<p style=\"text-align: center;\">St Barth est une tr\u00e8s petite \u00eele et n&rsquo;est donc pas la destination la plus facile \u00e0 atteindre.<\/p>\n<p style=\"text-align: center;\">Bien que cela ajoute au sentiment d&rsquo;exclusivit\u00e9 de l&rsquo;\u00eele, cela peut \u00eatre difficile pour ceux qui pr\u00e9parent un voyage.&nbsp;<\/p>\n<p style=\"text-align: center;\">Si vous envisagez de visiter l&rsquo;\u00eele prochainement, voici vos options de voyage.<\/p>\n<p><span><img loading=\"lazy\" decoding=\"async\" alt=\"Airplane St Barth\" data-id=\"835\" width=\"589\" data-init-width=\"2560\" height=\"442\" data-init-height=\"1920\" title=\"Airplane St Barth\" loading=\"lazy\" src=\"\/\/i0.wp.com\/stbarthvillarental.com\/wp-content\/uploads\/2020\/09\/Airplane-St-Barth.jpg\" data-width=\"589\" data-height=\"442\" style=\"\"><\/span><\/p>\n<h4 style=\"\"><strong><span style=\"\">Par Avion<\/span><\/strong><\/h4>\n<p style=\"\"><strong>L&rsquo;a\u00e9roport de Saint-Barth\u00e9lemy a une courte piste et ne peut donc pas accueillir d&rsquo;avions type Boeing ou Airbus.<\/strong><\/p>\n<p style=\"\">Pour arriver sur l&rsquo;\u00eele, vous devez prendre un avion plus petit, d&rsquo;une capacit\u00e9 de 8 \u00e0 18 passagers. Vous devez donc effectuer au moins un vol de correspondance.<\/p>\n<p style=\"\"><strong>Le moyen le plus courant pour se rendre sur l&rsquo;\u00eele est de passer par l&rsquo;a\u00e9roport de St Martin. Vous pouvez vous rendre \u00e0 St Martin et prendre ensuite un vol de navette de dix minutes vers St Barth.<\/strong><\/p>\n<p style=\"\">L&rsquo;a\u00e9roport de San Juan propose \u00e9galement des <strong>vols priv\u00e9s vers St Barth.<\/strong><\/p>\n<p style=\"\">Les vols de navette seront plus longs (environ une heure) mais San Juan a tendance \u00e0 ne pas \u00eatre aussi fr\u00e9quent\u00e9 que St Martin. Vous pouvez donc \u00e9viter d&rsquo;\u00e9ventuels probl\u00e8mes de d\u00e9placement.<\/p>\n<p style=\"\">L&rsquo;a\u00e9roport d&rsquo;Antigua est un choix id\u00e9al pour ceux qui se rendent \u00e0 Saint-Barth\u00e9lemy depuis le Royaume-Uni. Les vols de Tradewind Aviation sont programm\u00e9s pour fonctionner avec les vols de British Airways \u00e0 destination et en provenance de Londres.<\/p>\n<p style=\"\">L&rsquo;a\u00e9roport de St Thomas est une autre option avec des vols quotidiens vers et depuis diverses destinations aux \u00c9tats-Unis ainsi que des navettes vers et depuis St Barth.<\/p>\n<p><span><img loading=\"lazy\" decoding=\"async\" alt=\"Ferry St Barth\" data-id=\"837\" width=\"589\" data-init-width=\"1900\" height=\"392\" data-init-height=\"1267\" title=\"Ferry St Barth\" loading=\"lazy\" src=\"\/\/i0.wp.com\/stbarthvillarental.com\/wp-content\/uploads\/2020\/09\/Ferry-St-Barth.jpg\" data-width=\"589\" data-height=\"392\" style=\"\"><\/span><\/p>\n<h4 style=\"\"><span style=\"\">Ferry<\/span><\/h4>\n<p style=\"\"><strong>Si vous pr\u00e9f\u00e9rez voyager par bateau, il existe \u00e9galement un service de ferry de Saint Barth \u00e0 Saint-Martin.<\/strong><\/p>\n<p style=\"\">Il y a plusieurs travers\u00e9es en ferry chaque jour, vous \u00eates donc s\u00fbr de trouver un horaire qui vous convient. Les trajets en ferry durent g\u00e9n\u00e9ralement environ 45 minutes.<\/p>\n<p style=\"\">Pour une option plus priv\u00e9e, vous pouvez opter pour un bateau-taxi ou un bateau charter. Ces derniers peuvent \u00eatre planifi\u00e9s \u00e0 votre convenance. Bien qu&rsquo;ils soient plus chers que le ferry, ils constituent une alternative agr\u00e9able. De nombreuses compagnies proposent m\u00eame des h\u00e9bergements de luxe dans les services qu&rsquo;elles offrent.<\/p>\n<p><span><img loading=\"lazy\" decoding=\"async\" alt=\"Travel Tips Tradewind\" data-id=\"839\" width=\"589\" data-init-width=\"1200\" height=\"392\" data-init-height=\"800\" title=\"Travel Tips Tradewind\" loading=\"lazy\" src=\"\/\/i0.wp.com\/stbarthvillarental.com\/wp-content\/uploads\/2020\/09\/Travel-Tips-Tradewind.jpg\" data-width=\"589\" data-height=\"392\" style=\"\"><\/span><\/p>\n<h4 style=\"\"><span style=\"\">Conseils de Voyage<\/span><\/h4>\n<p style=\"\">Voici quelques conseils de voyage suppl\u00e9mentaires qui rendront vos vacances \u00e0 Saint-Barth\u00e9lemy plus agr\u00e9ables.<\/p>\n<ul>\n<li style=\"\"><strong>Assurez-vous de ne pas manquer votre navette<\/strong> : Si vous pr\u00e9f\u00e9rez vous rendre par avion \u00e0 Saint-Barth\u00e9lemy, assurez-vous d&rsquo;arriver \u00e0 temps pour le dernier vol de la navette \u00e0 16h50. Si vous ne pouvez pas respecter ce d\u00e9lai, il vaut peut-\u00eatre mieux prendre un ferry. Une autre possibilit\u00e9 est de passer la nuit \u00e0 St Martin et de vous rendre \u00e0 St Barth le lendemain.<\/li>\n<li style=\"\"><strong>Prenez en compte le temps de taxi <\/strong>: sachez qu&rsquo;il vous faudra environ 20 minutes pour vous rendre de l&rsquo;a\u00e9roport au ferry. N&rsquo;oubliez pas de tenir compte de ce facteur dans votre temps de trajet si vous essayez de respecter un horaire.<\/li>\n<li style=\"\"><strong>La porte d&#8217;embarquement<\/strong> : les r\u00e8gles et les r\u00e8glements \u00e0 la porte d&#8217;embarquement changent constamment. Assurez-vous d&rsquo;\u00eatre inform\u00e9 des derni\u00e8res \u00e9volutions afin d&rsquo;\u00e9viter tout retard inutile dans votre voyage.<\/li>\n<\/ul>\n","protected":false},"excerpt":{"rendered":"<p>St Barth est une tr\u00e8s petite \u00eele et n&rsquo;est donc pas la destination la plus facile \u00e0 atteindre. Bien que cela ajoute au sentiment d&rsquo;exclusivit\u00e9 de l&rsquo;\u00eele, cela peut \u00eatre difficile pour ceux qui pr\u00e9parent un voyage.&nbsp; Si vous envisagez de visiter l&rsquo;\u00eele prochainement, voici vos options de voyage. Par Avion L&rsquo;a\u00e9roport de Saint-Barth\u00e9lemy a [&hellip;]<\/p>\n","protected":false},"author":1,"featured_media":327,"parent":0,"menu_order":0,"comment_status":"closed","ping_status":"closed","template":"","meta":{"footnotes":""},"class_list":["post-1195","page","type-page","status-publish","has-post-thumbnail","hentry","post-wrapper","thrv_wrapper"],"yoast_head":"<!-- This site is optimized with the Yoast SEO Premium plugin v25.3.1 (Yoast SEO v27.1.1) - https:\/\/yoast.com\/product\/yoast-seo-premium-wordpress\/ -->\n<title>Voyager vers St Barth - St Barth Villa Rental<\/title>\n<meta name=\"description\" content=\"St Barth est une tr\u00e8s petite \u00eele, et par cons\u00e9quent, n&#039;est pas la destination la plus facile d&#039;acc\u00e8s. Si vous envisagez de visiter l&#039;\u00eele prochainement, voici vos options de voyage.\" \/>\n<meta name=\"robots\" content=\"index, follow, max-snippet:-1, max-image-preview:large, max-video-preview:-1\" \/>\n<link rel=\"canonical\" href=\"https:\/\/stbarthvillarental.com\/fr\/voyager-vers-st-barth\/\" \/>\n<meta property=\"og:locale\" content=\"fr_FR\" \/>\n<meta property=\"og:type\" content=\"article\" \/>\n<meta property=\"og:title\" content=\"Voyager vers St Barth\" \/>\n<meta property=\"og:description\" content=\"St Barth est une tr\u00e8s petite \u00eele, et par cons\u00e9quent, n&#039;est pas la destination la plus facile d&#039;acc\u00e8s. Si vous envisagez de visiter l&#039;\u00eele prochainement, voici vos options de voyage.\" \/>\n<meta property=\"og:url\" content=\"https:\/\/stbarthvillarental.com\/fr\/voyager-vers-st-barth\/\" \/>\n<meta property=\"og:site_name\" content=\"St Barth Villa Rental\" \/>\n<meta property=\"article:modified_time\" content=\"2020-10-03T21:10:58+00:00\" \/>\n<meta property=\"og:image\" content=\"https:\/\/stbarthvillarental.com\/wp-content\/uploads\/2020\/08\/AdobeStock_341385348-scaled.jpeg\" \/>\n\t<meta property=\"og:image:width\" content=\"2560\" \/>\n\t<meta property=\"og:image:height\" content=\"1707\" \/>\n\t<meta property=\"og:image:type\" content=\"image\/jpeg\" \/>\n<meta name=\"twitter:card\" content=\"summary_large_image\" \/>\n<meta name=\"twitter:label1\" content=\"Dur\u00e9e de lecture estim\u00e9e\" \/>\n\t<meta name=\"twitter:data1\" content=\"3 minutes\" \/>\n<script type=\"application\/ld+json\" class=\"yoast-schema-graph\">{\"@context\":\"https:\/\/schema.org\",\"@graph\":[{\"@type\":\"WebPage\",\"@id\":\"https:\/\/stbarthvillarental.com\/fr\/voyager-vers-st-barth\/\",\"url\":\"https:\/\/stbarthvillarental.com\/fr\/voyager-vers-st-barth\/\",\"name\":\"Voyager vers St Barth - St Barth Villa Rental\",\"isPartOf\":{\"@id\":\"https:\/\/stbarthvillarental.com\/fr\/#website\"},\"primaryImageOfPage\":{\"@id\":\"https:\/\/stbarthvillarental.com\/fr\/voyager-vers-st-barth\/#primaryimage\"},\"image\":{\"@id\":\"https:\/\/stbarthvillarental.com\/fr\/voyager-vers-st-barth\/#primaryimage\"},\"thumbnailUrl\":\"https:\/\/stbarthvillarental.com\/wp-content\/uploads\/2020\/08\/AdobeStock_341385348-scaled.jpeg\",\"datePublished\":\"2020-10-03T04:05:22+00:00\",\"dateModified\":\"2020-10-03T21:10:58+00:00\",\"description\":\"St Barth est une tr\u00e8s petite \u00eele, et par cons\u00e9quent, n'est pas la destination la plus facile d'acc\u00e8s. Si vous envisagez de visiter l'\u00eele prochainement, voici vos options de voyage.\",\"breadcrumb\":{\"@id\":\"https:\/\/stbarthvillarental.com\/fr\/voyager-vers-st-barth\/#breadcrumb\"},\"inLanguage\":\"fr-FR\",\"potentialAction\":[{\"@type\":\"ReadAction\",\"target\":[\"https:\/\/stbarthvillarental.com\/fr\/voyager-vers-st-barth\/\"]}]},{\"@type\":\"ImageObject\",\"inLanguage\":\"fr-FR\",\"@id\":\"https:\/\/stbarthvillarental.com\/fr\/voyager-vers-st-barth\/#primaryimage\",\"url\":\"https:\/\/stbarthvillarental.com\/wp-content\/uploads\/2020\/08\/AdobeStock_341385348-scaled.jpeg\",\"contentUrl\":\"https:\/\/stbarthvillarental.com\/wp-content\/uploads\/2020\/08\/AdobeStock_341385348-scaled.jpeg\",\"width\":2560,\"height\":1707},{\"@type\":\"BreadcrumbList\",\"@id\":\"https:\/\/stbarthvillarental.com\/fr\/voyager-vers-st-barth\/#breadcrumb\",\"itemListElement\":[{\"@type\":\"ListItem\",\"position\":1,\"name\":\"Home\",\"item\":\"https:\/\/stbarthvillarental.com\/fr\/\"},{\"@type\":\"ListItem\",\"position\":2,\"name\":\"Voyager vers St Barth\"}]},{\"@type\":\"WebSite\",\"@id\":\"https:\/\/stbarthvillarental.com\/fr\/#website\",\"url\":\"https:\/\/stbarthvillarental.com\/fr\/\",\"name\":\"St Barth Villa Rental\",\"description\":\"Your Luxury Retreat Starts Here\",\"potentialAction\":[{\"@type\":\"SearchAction\",\"target\":{\"@type\":\"EntryPoint\",\"urlTemplate\":\"https:\/\/stbarthvillarental.com\/fr\/?s={search_term_string}\"},\"query-input\":{\"@type\":\"PropertyValueSpecification\",\"valueRequired\":true,\"valueName\":\"search_term_string\"}}],\"inLanguage\":\"fr-FR\"}]}<\/script>\n<!-- \/ Yoast SEO Premium plugin. -->","yoast_head_json":{"title":"Voyager vers St Barth - St Barth Villa Rental","description":"St Barth est une tr\u00e8s petite \u00eele, et par cons\u00e9quent, n'est pas la destination la plus facile d'acc\u00e8s. Si vous envisagez de visiter l'\u00eele prochainement, voici vos options de voyage.","robots":{"index":"index","follow":"follow","max-snippet":"max-snippet:-1","max-image-preview":"max-image-preview:large","max-video-preview":"max-video-preview:-1"},"canonical":"https:\/\/stbarthvillarental.com\/fr\/voyager-vers-st-barth\/","og_locale":"fr_FR","og_type":"article","og_title":"Voyager vers St Barth","og_description":"St Barth est une tr\u00e8s petite \u00eele, et par cons\u00e9quent, n'est pas la destination la plus facile d'acc\u00e8s. Si vous envisagez de visiter l'\u00eele prochainement, voici vos options de voyage.","og_url":"https:\/\/stbarthvillarental.com\/fr\/voyager-vers-st-barth\/","og_site_name":"St Barth Villa Rental","article_modified_time":"2020-10-03T21:10:58+00:00","og_image":[{"width":2560,"height":1707,"url":"https:\/\/stbarthvillarental.com\/wp-content\/uploads\/2020\/08\/AdobeStock_341385348-scaled.jpeg","type":"image\/jpeg"}],"twitter_card":"summary_large_image","twitter_misc":{"Dur\u00e9e de lecture estim\u00e9e":"3 minutes"},"schema":{"@context":"https:\/\/schema.org","@graph":[{"@type":"WebPage","@id":"https:\/\/stbarthvillarental.com\/fr\/voyager-vers-st-barth\/","url":"https:\/\/stbarthvillarental.com\/fr\/voyager-vers-st-barth\/","name":"Voyager vers St Barth - St Barth Villa Rental","isPartOf":{"@id":"https:\/\/stbarthvillarental.com\/fr\/#website"},"primaryImageOfPage":{"@id":"https:\/\/stbarthvillarental.com\/fr\/voyager-vers-st-barth\/#primaryimage"},"image":{"@id":"https:\/\/stbarthvillarental.com\/fr\/voyager-vers-st-barth\/#primaryimage"},"thumbnailUrl":"https:\/\/stbarthvillarental.com\/wp-content\/uploads\/2020\/08\/AdobeStock_341385348-scaled.jpeg","datePublished":"2020-10-03T04:05:22+00:00","dateModified":"2020-10-03T21:10:58+00:00","description":"St Barth est une tr\u00e8s petite \u00eele, et par cons\u00e9quent, n'est pas la destination la plus facile d'acc\u00e8s. Si vous envisagez de visiter l'\u00eele prochainement, voici vos options de voyage.","breadcrumb":{"@id":"https:\/\/stbarthvillarental.com\/fr\/voyager-vers-st-barth\/#breadcrumb"},"inLanguage":"fr-FR","potentialAction":[{"@type":"ReadAction","target":["https:\/\/stbarthvillarental.com\/fr\/voyager-vers-st-barth\/"]}]},{"@type":"ImageObject","inLanguage":"fr-FR","@id":"https:\/\/stbarthvillarental.com\/fr\/voyager-vers-st-barth\/#primaryimage","url":"https:\/\/stbarthvillarental.com\/wp-content\/uploads\/2020\/08\/AdobeStock_341385348-scaled.jpeg","contentUrl":"https:\/\/stbarthvillarental.com\/wp-content\/uploads\/2020\/08\/AdobeStock_341385348-scaled.jpeg","width":2560,"height":1707},{"@type":"BreadcrumbList","@id":"https:\/\/stbarthvillarental.com\/fr\/voyager-vers-st-barth\/#breadcrumb","itemListElement":[{"@type":"ListItem","position":1,"name":"Home","item":"https:\/\/stbarthvillarental.com\/fr\/"},{"@type":"ListItem","position":2,"name":"Voyager vers St Barth"}]},{"@type":"WebSite","@id":"https:\/\/stbarthvillarental.com\/fr\/#website","url":"https:\/\/stbarthvillarental.com\/fr\/","name":"St Barth Villa Rental","description":"Your Luxury Retreat Starts Here","potentialAction":[{"@type":"SearchAction","target":{"@type":"EntryPoint","urlTemplate":"https:\/\/stbarthvillarental.com\/fr\/?s={search_term_string}"},"query-input":{"@type":"PropertyValueSpecification","valueRequired":true,"valueName":"search_term_string"}}],"inLanguage":"fr-FR"}]}},"_links":{"self":[{"href":"https:\/\/stbarthvillarental.com\/fr\/wp-json\/wp\/v2\/pages\/1195","targetHints":{"allow":["GET"]}}],"collection":[{"href":"https:\/\/stbarthvillarental.com\/fr\/wp-json\/wp\/v2\/pages"}],"about":[{"href":"https:\/\/stbarthvillarental.com\/fr\/wp-json\/wp\/v2\/types\/page"}],"author":[{"embeddable":true,"href":"https:\/\/stbarthvillarental.com\/fr\/wp-json\/wp\/v2\/users\/1"}],"replies":[{"embeddable":true,"href":"https:\/\/stbarthvillarental.com\/fr\/wp-json\/wp\/v2\/comments?post=1195"}],"version-history":[{"count":3,"href":"https:\/\/stbarthvillarental.com\/fr\/wp-json\/wp\/v2\/pages\/1195\/revisions"}],"predecessor-version":[{"id":1364,"href":"https:\/\/stbarthvillarental.com\/fr\/wp-json\/wp\/v2\/pages\/1195\/revisions\/1364"}],"wp:featuredmedia":[{"embeddable":true,"href":"https:\/\/stbarthvillarental.com\/fr\/wp-json\/wp\/v2\/media\/327"}],"wp:attachment":[{"href":"https:\/\/stbarthvillarental.com\/fr\/wp-json\/wp\/v2\/media?parent=1195"}],"curies":[{"name":"wp","href":"https:\/\/api.w.org\/{rel}","templated":true}]}}