{"id":1194,"date":"2020-10-03T06:05:19","date_gmt":"2020-10-03T04:05:19","guid":{"rendered":"https:\/\/stbarthvillarental.com\/\/\/discover-st-barts\/getting-to-st-barts\/clone-of-getting-arround\/"},"modified":"2020-10-03T23:17:09","modified_gmt":"2020-10-03T21:17:09","slug":"se-deplacer-sur-lile","status":"publish","type":"page","link":"https:\/\/stbarthvillarental.com\/fr\/se-deplacer-sur-lile\/","title":{"rendered":"Se d\u00e9placer sur l&rsquo;\u00cele"},"content":{"rendered":"<p><span style=\"\"><img loading=\"lazy\" decoding=\"async\" alt=\"Helene Taxi St Barth\" data-id=\"854\" width=\"589\" data-init-width=\"960\" height=\"442\" data-init-height=\"720\" title=\"Helene Taxi St Barth\" loading=\"lazy\" src=\"\/\/i0.wp.com\/stbarthvillarental.com\/wp-content\/uploads\/2020\/09\/Helene-Taxi-St-Barth.jpg\" data-width=\"589\" data-height=\"442\" style=\"\" ml-d=\"0\" mt-d=\"-4\"><\/span><\/p>\n<p style=\"\">TAXI St Barth \/ H\u00e9l\u00e8ne Tour&nbsp;<b>\u00a9<\/b><\/p>\n<p style=\"\">La plupart des gens se d\u00e9placent sur St Barth en voiture. Cependant, les motos et les scooters partagent souvent la route. Des taxis, des chauffeurs priv\u00e9s et des bus touristiques peuvent \u00e9galement \u00eatre r\u00e9serv\u00e9s.Parce que St Barth est une \u00eele avec des reliefs importants, les routes peuvent \u00eatre plus \u00e9troites et plus escarp\u00e9es que ce \u00e0 quoi vous \u00eates habitu\u00e9. Tous les conducteurs doivent \u00eatre titulaires d&rsquo;un permis et respecter le code de la route notamment concernant le port de la ceinture de s\u00e9curit\u00e9, les distractions au volant, le respect des panneaux de signalisation et autres r\u00e9glementations pr\u00e9vues.St Barth est une petite \u00eele et les magasins, restaurants et plages sont nombreux \u00e0 proximit\u00e9, vous pourrez peut-\u00eatre \u00e9galement vous rendre \u00e0 pied \u00e0 plusieurs de vos destinations.<\/p>\n","protected":false},"excerpt":{"rendered":"<p>TAXI St Barth \/ H\u00e9l\u00e8ne Tour&nbsp;\u00a9 La plupart des gens se d\u00e9placent sur St Barth en voiture. Cependant, les motos et les scooters partagent souvent la route. Des taxis, des chauffeurs priv\u00e9s et des bus touristiques peuvent \u00e9galement \u00eatre r\u00e9serv\u00e9s.Parce que St Barth est une \u00eele avec des reliefs importants, les routes peuvent \u00eatre plus [&hellip;]<\/p>\n","protected":false},"author":1,"featured_media":849,"parent":0,"menu_order":0,"comment_status":"closed","ping_status":"closed","template":"","meta":{"footnotes":""},"class_list":["post-1194","page","type-page","status-publish","has-post-thumbnail","hentry","post-wrapper","thrv_wrapper"],"yoast_head":"<!-- This site is optimized with the Yoast SEO Premium plugin v25.3.1 (Yoast SEO v27.1.1) - https:\/\/yoast.com\/product\/yoast-seo-premium-wordpress\/ -->\n<title>Se d\u00e9placer sur l&#039;\u00eele de St Barth - Informations de voyage<\/title>\n<meta name=\"description\" content=\"Conseils sur les meilleurs moyens de se d\u00e9placer \u00e0 St Barth.\" \/>\n<meta name=\"robots\" content=\"index, follow, max-snippet:-1, max-image-preview:large, max-video-preview:-1\" \/>\n<link rel=\"canonical\" href=\"https:\/\/stbarthvillarental.com\/fr\/se-deplacer-sur-lile\/\" \/>\n<meta property=\"og:locale\" content=\"fr_FR\" \/>\n<meta property=\"og:type\" content=\"article\" \/>\n<meta property=\"og:title\" content=\"Se d\u00e9placer sur l&rsquo;\u00cele\" \/>\n<meta property=\"og:description\" content=\"Conseils sur les meilleurs moyens de se d\u00e9placer \u00e0 St Barth.\" \/>\n<meta property=\"og:url\" content=\"https:\/\/stbarthvillarental.com\/fr\/se-deplacer-sur-lile\/\" \/>\n<meta property=\"og:site_name\" content=\"St Barth Villa Rental\" \/>\n<meta property=\"article:modified_time\" content=\"2020-10-03T21:17:09+00:00\" \/>\n<meta property=\"og:image\" content=\"https:\/\/stbarthvillarental.com\/wp-content\/uploads\/2020\/09\/getting-arround.jpg\" \/>\n\t<meta property=\"og:image:width\" content=\"1165\" \/>\n\t<meta property=\"og:image:height\" content=\"776\" \/>\n\t<meta property=\"og:image:type\" content=\"image\/jpeg\" \/>\n<meta name=\"twitter:card\" content=\"summary_large_image\" \/>\n<meta name=\"twitter:label1\" content=\"Dur\u00e9e de lecture estim\u00e9e\" \/>\n\t<meta name=\"twitter:data1\" content=\"1 minute\" \/>\n<script type=\"application\/ld+json\" class=\"yoast-schema-graph\">{\"@context\":\"https:\/\/schema.org\",\"@graph\":[{\"@type\":\"WebPage\",\"@id\":\"https:\/\/stbarthvillarental.com\/fr\/se-deplacer-sur-lile\/\",\"url\":\"https:\/\/stbarthvillarental.com\/fr\/se-deplacer-sur-lile\/\",\"name\":\"Se d\u00e9placer sur l'\u00eele de St Barth - Informations de voyage\",\"isPartOf\":{\"@id\":\"https:\/\/stbarthvillarental.com\/fr\/#website\"},\"primaryImageOfPage\":{\"@id\":\"https:\/\/stbarthvillarental.com\/fr\/se-deplacer-sur-lile\/#primaryimage\"},\"image\":{\"@id\":\"https:\/\/stbarthvillarental.com\/fr\/se-deplacer-sur-lile\/#primaryimage\"},\"thumbnailUrl\":\"https:\/\/stbarthvillarental.com\/wp-content\/uploads\/2020\/09\/getting-arround.jpg\",\"datePublished\":\"2020-10-03T04:05:19+00:00\",\"dateModified\":\"2020-10-03T21:17:09+00:00\",\"description\":\"Conseils sur les meilleurs moyens de se d\u00e9placer \u00e0 St Barth.\",\"breadcrumb\":{\"@id\":\"https:\/\/stbarthvillarental.com\/fr\/se-deplacer-sur-lile\/#breadcrumb\"},\"inLanguage\":\"fr-FR\",\"potentialAction\":[{\"@type\":\"ReadAction\",\"target\":[\"https:\/\/stbarthvillarental.com\/fr\/se-deplacer-sur-lile\/\"]}]},{\"@type\":\"ImageObject\",\"inLanguage\":\"fr-FR\",\"@id\":\"https:\/\/stbarthvillarental.com\/fr\/se-deplacer-sur-lile\/#primaryimage\",\"url\":\"https:\/\/stbarthvillarental.com\/wp-content\/uploads\/2020\/09\/getting-arround.jpg\",\"contentUrl\":\"https:\/\/stbarthvillarental.com\/wp-content\/uploads\/2020\/09\/getting-arround.jpg\",\"width\":1165,\"height\":776,\"caption\":\"Getting Around St Barth\"},{\"@type\":\"BreadcrumbList\",\"@id\":\"https:\/\/stbarthvillarental.com\/fr\/se-deplacer-sur-lile\/#breadcrumb\",\"itemListElement\":[{\"@type\":\"ListItem\",\"position\":1,\"name\":\"Home\",\"item\":\"https:\/\/stbarthvillarental.com\/fr\/\"},{\"@type\":\"ListItem\",\"position\":2,\"name\":\"Se d\u00e9placer sur l&rsquo;\u00cele\"}]},{\"@type\":\"WebSite\",\"@id\":\"https:\/\/stbarthvillarental.com\/fr\/#website\",\"url\":\"https:\/\/stbarthvillarental.com\/fr\/\",\"name\":\"St Barth Villa Rental\",\"description\":\"Your Luxury Retreat Starts Here\",\"potentialAction\":[{\"@type\":\"SearchAction\",\"target\":{\"@type\":\"EntryPoint\",\"urlTemplate\":\"https:\/\/stbarthvillarental.com\/fr\/?s={search_term_string}\"},\"query-input\":{\"@type\":\"PropertyValueSpecification\",\"valueRequired\":true,\"valueName\":\"search_term_string\"}}],\"inLanguage\":\"fr-FR\"}]}<\/script>\n<!-- \/ Yoast SEO Premium plugin. -->","yoast_head_json":{"title":"Se d\u00e9placer sur l'\u00eele de St Barth - Informations de voyage","description":"Conseils sur les meilleurs moyens de se d\u00e9placer \u00e0 St Barth.","robots":{"index":"index","follow":"follow","max-snippet":"max-snippet:-1","max-image-preview":"max-image-preview:large","max-video-preview":"max-video-preview:-1"},"canonical":"https:\/\/stbarthvillarental.com\/fr\/se-deplacer-sur-lile\/","og_locale":"fr_FR","og_type":"article","og_title":"Se d\u00e9placer sur l&rsquo;\u00cele","og_description":"Conseils sur les meilleurs moyens de se d\u00e9placer \u00e0 St Barth.","og_url":"https:\/\/stbarthvillarental.com\/fr\/se-deplacer-sur-lile\/","og_site_name":"St Barth Villa Rental","article_modified_time":"2020-10-03T21:17:09+00:00","og_image":[{"width":1165,"height":776,"url":"https:\/\/stbarthvillarental.com\/wp-content\/uploads\/2020\/09\/getting-arround.jpg","type":"image\/jpeg"}],"twitter_card":"summary_large_image","twitter_misc":{"Dur\u00e9e de lecture estim\u00e9e":"1 minute"},"schema":{"@context":"https:\/\/schema.org","@graph":[{"@type":"WebPage","@id":"https:\/\/stbarthvillarental.com\/fr\/se-deplacer-sur-lile\/","url":"https:\/\/stbarthvillarental.com\/fr\/se-deplacer-sur-lile\/","name":"Se d\u00e9placer sur l'\u00eele de St Barth - Informations de voyage","isPartOf":{"@id":"https:\/\/stbarthvillarental.com\/fr\/#website"},"primaryImageOfPage":{"@id":"https:\/\/stbarthvillarental.com\/fr\/se-deplacer-sur-lile\/#primaryimage"},"image":{"@id":"https:\/\/stbarthvillarental.com\/fr\/se-deplacer-sur-lile\/#primaryimage"},"thumbnailUrl":"https:\/\/stbarthvillarental.com\/wp-content\/uploads\/2020\/09\/getting-arround.jpg","datePublished":"2020-10-03T04:05:19+00:00","dateModified":"2020-10-03T21:17:09+00:00","description":"Conseils sur les meilleurs moyens de se d\u00e9placer \u00e0 St Barth.","breadcrumb":{"@id":"https:\/\/stbarthvillarental.com\/fr\/se-deplacer-sur-lile\/#breadcrumb"},"inLanguage":"fr-FR","potentialAction":[{"@type":"ReadAction","target":["https:\/\/stbarthvillarental.com\/fr\/se-deplacer-sur-lile\/"]}]},{"@type":"ImageObject","inLanguage":"fr-FR","@id":"https:\/\/stbarthvillarental.com\/fr\/se-deplacer-sur-lile\/#primaryimage","url":"https:\/\/stbarthvillarental.com\/wp-content\/uploads\/2020\/09\/getting-arround.jpg","contentUrl":"https:\/\/stbarthvillarental.com\/wp-content\/uploads\/2020\/09\/getting-arround.jpg","width":1165,"height":776,"caption":"Getting Around St Barth"},{"@type":"BreadcrumbList","@id":"https:\/\/stbarthvillarental.com\/fr\/se-deplacer-sur-lile\/#breadcrumb","itemListElement":[{"@type":"ListItem","position":1,"name":"Home","item":"https:\/\/stbarthvillarental.com\/fr\/"},{"@type":"ListItem","position":2,"name":"Se d\u00e9placer sur l&rsquo;\u00cele"}]},{"@type":"WebSite","@id":"https:\/\/stbarthvillarental.com\/fr\/#website","url":"https:\/\/stbarthvillarental.com\/fr\/","name":"St Barth Villa Rental","description":"Your Luxury Retreat Starts Here","potentialAction":[{"@type":"SearchAction","target":{"@type":"EntryPoint","urlTemplate":"https:\/\/stbarthvillarental.com\/fr\/?s={search_term_string}"},"query-input":{"@type":"PropertyValueSpecification","valueRequired":true,"valueName":"search_term_string"}}],"inLanguage":"fr-FR"}]}},"_links":{"self":[{"href":"https:\/\/stbarthvillarental.com\/fr\/wp-json\/wp\/v2\/pages\/1194","targetHints":{"allow":["GET"]}}],"collection":[{"href":"https:\/\/stbarthvillarental.com\/fr\/wp-json\/wp\/v2\/pages"}],"about":[{"href":"https:\/\/stbarthvillarental.com\/fr\/wp-json\/wp\/v2\/types\/page"}],"author":[{"embeddable":true,"href":"https:\/\/stbarthvillarental.com\/fr\/wp-json\/wp\/v2\/users\/1"}],"replies":[{"embeddable":true,"href":"https:\/\/stbarthvillarental.com\/fr\/wp-json\/wp\/v2\/comments?post=1194"}],"version-history":[{"count":4,"href":"https:\/\/stbarthvillarental.com\/fr\/wp-json\/wp\/v2\/pages\/1194\/revisions"}],"predecessor-version":[{"id":1370,"href":"https:\/\/stbarthvillarental.com\/fr\/wp-json\/wp\/v2\/pages\/1194\/revisions\/1370"}],"wp:featuredmedia":[{"embeddable":true,"href":"https:\/\/stbarthvillarental.com\/fr\/wp-json\/wp\/v2\/media\/849"}],"wp:attachment":[{"href":"https:\/\/stbarthvillarental.com\/fr\/wp-json\/wp\/v2\/media?parent=1194"}],"curies":[{"name":"wp","href":"https:\/\/api.w.org\/{rel}","templated":true}]}}