{"id":1193,"date":"2020-10-03T06:05:18","date_gmt":"2020-10-03T04:05:18","guid":{"rendered":"https:\/\/stbarthvillarental.com\/\/\/discover-st-barts\/getting-to-st-barts\/clone-of-formalities\/"},"modified":"2020-10-03T23:14:53","modified_gmt":"2020-10-03T21:14:53","slug":"formalites","status":"publish","type":"page","link":"https:\/\/stbarthvillarental.com\/fr\/formalites\/","title":{"rendered":"Formalit\u00e9s"},"content":{"rendered":"<p style=\"text-align: center;\"><span lang=\"fr\"><span title=\"\">Si vous voyagez \u00e0 St Barth, vous devrez avoir certains documents avec vous.<\/span> <span title=\"\">Apr\u00e8s tout, il serait dommage de planifier toutes vos vacances et de devoir ensuite annuler ou retarder \u00e0 la derni\u00e8re minute parce que vous n\u2019avez pas tout ce dont vous avez besoin.<\/span><strong><span title=\"\">Voici quelques points \u00e0 v\u00e9rifier avant de finaliser vos arrangements:<\/span><\/strong><\/span><\/p>\n<h3 style=\"text-align: center;\">Europe<\/h3>\n<p style=\"text-align: left;\">Les voyageur depuis l&rsquo;Union Europ\u00e9enne doivent avoir une carte d&rsquo;identit\u00e9 ou un passeport valides.<\/p>\n<h3 style=\"text-align: center;\">USA &amp; Canada<\/h3>\n<p style=\"text-align: left;\">Les voyageurs issus des USA ou du Canada doivent avoir un passeport valide depuis 3 mois au minimum.<\/p>\n<h3 style=\"text-align: center;\">Billet Retour<\/h3>\n<p>Il peut \u00eatre demand\u00e9 \u00e0 tous les voyageurs un billet de retour.<\/p>\n<h3 style=\"text-align: center;\">Visa<\/h3>\n<p>Certaines nationalit\u00e9s doivent avoir un visa obtenu via une ambassade fran\u00e7aise dans leur pays d&rsquo;origine.<\/p>\n<h3 style=\"text-align: center;\">Vaccins<\/h3>\n<p>Aucune vaccination n&rsquo;est n\u00e9cessaire, \u00e0 moins qu ne vous ne soyez dans une zone end\u00e9mique.<\/p>\n<h3 style=\"text-align: center;\">Douanes<\/h3>\n<p>Tout ce qui a \u00e9t\u00e9 achet\u00e9 \u00e0 usage personnel est autoris\u00e9 \u00e0 l&rsquo;export sans formalit\u00e9s ni taxes tant qu&rsquo;il ne s&rsquo;agit pas d&rsquo;un export en masse.<\/p>\n<p><span><img loading=\"lazy\" decoding=\"async\" alt=\"\" data-id=\"845\" width=\"589\" data-init-width=\"1024\" height=\"393\" data-init-height=\"683\" title=\"pets\" loading=\"lazy\" src=\"\/\/i0.wp.com\/stbarthvillarental.com\/wp-content\/uploads\/2020\/09\/pets.jpg\" data-width=\"589\" data-height=\"393\" style=\"\"><\/span><\/p>\n<h4 style=\"\"><span style=\"\">Animaux<\/span><\/h4>\n<p style=\"\">Les animaux sont autoris\u00e9s sur l&rsquo;\u00eele mais ils doivent avoir un certificat (de moins de 5 jours) assurant leur bonne sant\u00e9.<\/p>\n<p style=\"\">\n<p style=\"\">Il doit pouvoir \u00eatre fourni \u00e9galement, la preuve d&rsquo;un vaccin antirabique administr\u00e9 entre 1 et 12 mois avant le d\u00e9part.<\/p>\n<p style=\"\">\n<p style=\"\">Les documents doivent \u00eatre d\u00e9livr\u00e9s par un v\u00e9t\u00e9rinaire agr\u00e9\u00e9 pour exercer dans le pays d\u2019origine du voyageur.Les chiens doivent avoir une puce \u00e9lectronique \u00e0 leur arriv\u00e9e sur l&rsquo;\u00eele.<\/p>\n<p style=\"\">\n","protected":false},"excerpt":{"rendered":"<p>Si vous voyagez \u00e0 St Barth, vous devrez avoir certains documents avec vous. Apr\u00e8s tout, il serait dommage de planifier toutes vos vacances et de devoir ensuite annuler ou retarder \u00e0 la derni\u00e8re minute parce que vous n\u2019avez pas tout ce dont vous avez besoin.Voici quelques points \u00e0 v\u00e9rifier avant de finaliser vos arrangements: Europe [&hellip;]<\/p>\n","protected":false},"author":1,"featured_media":212,"parent":0,"menu_order":0,"comment_status":"closed","ping_status":"closed","template":"","meta":{"footnotes":""},"class_list":["post-1193","page","type-page","status-publish","has-post-thumbnail","hentry","post-wrapper","thrv_wrapper"],"yoast_head":"<!-- This site is optimized with the Yoast SEO Premium plugin v25.3.1 (Yoast SEO v27.1.1) - https:\/\/yoast.com\/product\/yoast-seo-premium-wordpress\/ -->\n<title>Guide de St Barth | \u00c0 savoir avant d&#039;aller \u00e0 St Barth<\/title>\n<meta name=\"description\" content=\"Si vous voyagez \u00e0 St Barth, vous devrez vous assurer d&#039;avoir tout pr\u00e9vu en terme de formalit\u00e9s. Apr\u00e8s tout, il serait dommage de planifier toutes vos vacances et de devoir ensuite annuler ou retarder \u00e0 la derni\u00e8re minute parce que vous n\u2019avez pas tout ce dont vous avez besoin.\" \/>\n<meta name=\"robots\" content=\"index, follow, max-snippet:-1, max-image-preview:large, max-video-preview:-1\" \/>\n<link rel=\"canonical\" href=\"https:\/\/stbarthvillarental.com\/fr\/formalites\/\" \/>\n<meta property=\"og:locale\" content=\"fr_FR\" \/>\n<meta property=\"og:type\" content=\"article\" \/>\n<meta property=\"og:title\" content=\"Formalit\u00e9s\" \/>\n<meta property=\"og:description\" content=\"Si vous voyagez \u00e0 St Barth, vous devrez vous assurer d&#039;avoir tout pr\u00e9vu en terme de formalit\u00e9s. Apr\u00e8s tout, il serait dommage de planifier toutes vos vacances et de devoir ensuite annuler ou retarder \u00e0 la derni\u00e8re minute parce que vous n\u2019avez pas tout ce dont vous avez besoin.\" \/>\n<meta property=\"og:url\" content=\"https:\/\/stbarthvillarental.com\/fr\/formalites\/\" \/>\n<meta property=\"og:site_name\" content=\"St Barth Villa Rental\" \/>\n<meta property=\"article:modified_time\" content=\"2020-10-03T21:14:53+00:00\" \/>\n<meta property=\"og:image\" content=\"https:\/\/stbarthvillarental.com\/wp-content\/uploads\/2020\/08\/Stjean-beach2-scaled.jpeg\" \/>\n\t<meta property=\"og:image:width\" content=\"2560\" \/>\n\t<meta property=\"og:image:height\" content=\"1707\" \/>\n\t<meta property=\"og:image:type\" content=\"image\/jpeg\" \/>\n<meta name=\"twitter:card\" content=\"summary_large_image\" \/>\n<meta name=\"twitter:label1\" content=\"Dur\u00e9e de lecture estim\u00e9e\" \/>\n\t<meta name=\"twitter:data1\" content=\"1 minute\" \/>\n<script type=\"application\/ld+json\" class=\"yoast-schema-graph\">{\"@context\":\"https:\/\/schema.org\",\"@graph\":[{\"@type\":\"WebPage\",\"@id\":\"https:\/\/stbarthvillarental.com\/fr\/formalites\/\",\"url\":\"https:\/\/stbarthvillarental.com\/fr\/formalites\/\",\"name\":\"Guide de St Barth | \u00c0 savoir avant d'aller \u00e0 St Barth\",\"isPartOf\":{\"@id\":\"https:\/\/stbarthvillarental.com\/fr\/#website\"},\"primaryImageOfPage\":{\"@id\":\"https:\/\/stbarthvillarental.com\/fr\/formalites\/#primaryimage\"},\"image\":{\"@id\":\"https:\/\/stbarthvillarental.com\/fr\/formalites\/#primaryimage\"},\"thumbnailUrl\":\"https:\/\/stbarthvillarental.com\/wp-content\/uploads\/2020\/08\/Stjean-beach2-scaled.jpeg\",\"datePublished\":\"2020-10-03T04:05:18+00:00\",\"dateModified\":\"2020-10-03T21:14:53+00:00\",\"description\":\"Si vous voyagez \u00e0 St Barth, vous devrez vous assurer d'avoir tout pr\u00e9vu en terme de formalit\u00e9s. Apr\u00e8s tout, il serait dommage de planifier toutes vos vacances et de devoir ensuite annuler ou retarder \u00e0 la derni\u00e8re minute parce que vous n\u2019avez pas tout ce dont vous avez besoin.\",\"breadcrumb\":{\"@id\":\"https:\/\/stbarthvillarental.com\/fr\/formalites\/#breadcrumb\"},\"inLanguage\":\"fr-FR\",\"potentialAction\":[{\"@type\":\"ReadAction\",\"target\":[\"https:\/\/stbarthvillarental.com\/fr\/formalites\/\"]}]},{\"@type\":\"ImageObject\",\"inLanguage\":\"fr-FR\",\"@id\":\"https:\/\/stbarthvillarental.com\/fr\/formalites\/#primaryimage\",\"url\":\"https:\/\/stbarthvillarental.com\/wp-content\/uploads\/2020\/08\/Stjean-beach2-scaled.jpeg\",\"contentUrl\":\"https:\/\/stbarthvillarental.com\/wp-content\/uploads\/2020\/08\/Stjean-beach2-scaled.jpeg\",\"width\":2560,\"height\":1707},{\"@type\":\"BreadcrumbList\",\"@id\":\"https:\/\/stbarthvillarental.com\/fr\/formalites\/#breadcrumb\",\"itemListElement\":[{\"@type\":\"ListItem\",\"position\":1,\"name\":\"Home\",\"item\":\"https:\/\/stbarthvillarental.com\/fr\/\"},{\"@type\":\"ListItem\",\"position\":2,\"name\":\"Formalit\u00e9s\"}]},{\"@type\":\"WebSite\",\"@id\":\"https:\/\/stbarthvillarental.com\/fr\/#website\",\"url\":\"https:\/\/stbarthvillarental.com\/fr\/\",\"name\":\"St Barth Villa Rental\",\"description\":\"Your Luxury Retreat Starts Here\",\"potentialAction\":[{\"@type\":\"SearchAction\",\"target\":{\"@type\":\"EntryPoint\",\"urlTemplate\":\"https:\/\/stbarthvillarental.com\/fr\/?s={search_term_string}\"},\"query-input\":{\"@type\":\"PropertyValueSpecification\",\"valueRequired\":true,\"valueName\":\"search_term_string\"}}],\"inLanguage\":\"fr-FR\"}]}<\/script>\n<!-- \/ Yoast SEO Premium plugin. -->","yoast_head_json":{"title":"Guide de St Barth | \u00c0 savoir avant d'aller \u00e0 St Barth","description":"Si vous voyagez \u00e0 St Barth, vous devrez vous assurer d'avoir tout pr\u00e9vu en terme de formalit\u00e9s. Apr\u00e8s tout, il serait dommage de planifier toutes vos vacances et de devoir ensuite annuler ou retarder \u00e0 la derni\u00e8re minute parce que vous n\u2019avez pas tout ce dont vous avez besoin.","robots":{"index":"index","follow":"follow","max-snippet":"max-snippet:-1","max-image-preview":"max-image-preview:large","max-video-preview":"max-video-preview:-1"},"canonical":"https:\/\/stbarthvillarental.com\/fr\/formalites\/","og_locale":"fr_FR","og_type":"article","og_title":"Formalit\u00e9s","og_description":"Si vous voyagez \u00e0 St Barth, vous devrez vous assurer d'avoir tout pr\u00e9vu en terme de formalit\u00e9s. Apr\u00e8s tout, il serait dommage de planifier toutes vos vacances et de devoir ensuite annuler ou retarder \u00e0 la derni\u00e8re minute parce que vous n\u2019avez pas tout ce dont vous avez besoin.","og_url":"https:\/\/stbarthvillarental.com\/fr\/formalites\/","og_site_name":"St Barth Villa Rental","article_modified_time":"2020-10-03T21:14:53+00:00","og_image":[{"width":2560,"height":1707,"url":"https:\/\/stbarthvillarental.com\/wp-content\/uploads\/2020\/08\/Stjean-beach2-scaled.jpeg","type":"image\/jpeg"}],"twitter_card":"summary_large_image","twitter_misc":{"Dur\u00e9e de lecture estim\u00e9e":"1 minute"},"schema":{"@context":"https:\/\/schema.org","@graph":[{"@type":"WebPage","@id":"https:\/\/stbarthvillarental.com\/fr\/formalites\/","url":"https:\/\/stbarthvillarental.com\/fr\/formalites\/","name":"Guide de St Barth | \u00c0 savoir avant d'aller \u00e0 St Barth","isPartOf":{"@id":"https:\/\/stbarthvillarental.com\/fr\/#website"},"primaryImageOfPage":{"@id":"https:\/\/stbarthvillarental.com\/fr\/formalites\/#primaryimage"},"image":{"@id":"https:\/\/stbarthvillarental.com\/fr\/formalites\/#primaryimage"},"thumbnailUrl":"https:\/\/stbarthvillarental.com\/wp-content\/uploads\/2020\/08\/Stjean-beach2-scaled.jpeg","datePublished":"2020-10-03T04:05:18+00:00","dateModified":"2020-10-03T21:14:53+00:00","description":"Si vous voyagez \u00e0 St Barth, vous devrez vous assurer d'avoir tout pr\u00e9vu en terme de formalit\u00e9s. Apr\u00e8s tout, il serait dommage de planifier toutes vos vacances et de devoir ensuite annuler ou retarder \u00e0 la derni\u00e8re minute parce que vous n\u2019avez pas tout ce dont vous avez besoin.","breadcrumb":{"@id":"https:\/\/stbarthvillarental.com\/fr\/formalites\/#breadcrumb"},"inLanguage":"fr-FR","potentialAction":[{"@type":"ReadAction","target":["https:\/\/stbarthvillarental.com\/fr\/formalites\/"]}]},{"@type":"ImageObject","inLanguage":"fr-FR","@id":"https:\/\/stbarthvillarental.com\/fr\/formalites\/#primaryimage","url":"https:\/\/stbarthvillarental.com\/wp-content\/uploads\/2020\/08\/Stjean-beach2-scaled.jpeg","contentUrl":"https:\/\/stbarthvillarental.com\/wp-content\/uploads\/2020\/08\/Stjean-beach2-scaled.jpeg","width":2560,"height":1707},{"@type":"BreadcrumbList","@id":"https:\/\/stbarthvillarental.com\/fr\/formalites\/#breadcrumb","itemListElement":[{"@type":"ListItem","position":1,"name":"Home","item":"https:\/\/stbarthvillarental.com\/fr\/"},{"@type":"ListItem","position":2,"name":"Formalit\u00e9s"}]},{"@type":"WebSite","@id":"https:\/\/stbarthvillarental.com\/fr\/#website","url":"https:\/\/stbarthvillarental.com\/fr\/","name":"St Barth Villa Rental","description":"Your Luxury Retreat Starts Here","potentialAction":[{"@type":"SearchAction","target":{"@type":"EntryPoint","urlTemplate":"https:\/\/stbarthvillarental.com\/fr\/?s={search_term_string}"},"query-input":{"@type":"PropertyValueSpecification","valueRequired":true,"valueName":"search_term_string"}}],"inLanguage":"fr-FR"}]}},"_links":{"self":[{"href":"https:\/\/stbarthvillarental.com\/fr\/wp-json\/wp\/v2\/pages\/1193","targetHints":{"allow":["GET"]}}],"collection":[{"href":"https:\/\/stbarthvillarental.com\/fr\/wp-json\/wp\/v2\/pages"}],"about":[{"href":"https:\/\/stbarthvillarental.com\/fr\/wp-json\/wp\/v2\/types\/page"}],"author":[{"embeddable":true,"href":"https:\/\/stbarthvillarental.com\/fr\/wp-json\/wp\/v2\/users\/1"}],"replies":[{"embeddable":true,"href":"https:\/\/stbarthvillarental.com\/fr\/wp-json\/wp\/v2\/comments?post=1193"}],"version-history":[{"count":5,"href":"https:\/\/stbarthvillarental.com\/fr\/wp-json\/wp\/v2\/pages\/1193\/revisions"}],"predecessor-version":[{"id":1368,"href":"https:\/\/stbarthvillarental.com\/fr\/wp-json\/wp\/v2\/pages\/1193\/revisions\/1368"}],"wp:featuredmedia":[{"embeddable":true,"href":"https:\/\/stbarthvillarental.com\/fr\/wp-json\/wp\/v2\/media\/212"}],"wp:attachment":[{"href":"https:\/\/stbarthvillarental.com\/fr\/wp-json\/wp\/v2\/media?parent=1193"}],"curies":[{"name":"wp","href":"https:\/\/api.w.org\/{rel}","templated":true}]}}