{"id":1192,"date":"2020-10-03T06:05:18","date_gmt":"2020-10-03T04:05:18","guid":{"rendered":"https:\/\/stbarthvillarental.com\/\/\/discover-st-barts\/clone-of-beaches\/"},"modified":"2020-10-03T23:04:31","modified_gmt":"2020-10-03T21:04:31","slug":"les-plages","status":"publish","type":"page","link":"https:\/\/stbarthvillarental.com\/fr\/les-plages\/","title":{"rendered":"Les Plages"},"content":{"rendered":"<p style=\"text-align: center;\"><em>Impossible d&rsquo;imaginer venir \u00e0 St Barth sans y d\u00e9couvrir ses somptueuses plages.&nbsp;<\/em><\/p>\n<p style=\"text-align: center;\"><em>Parcourez cette liste pour conna\u00eetre les caract\u00e9ristiques uniques de chacune d&rsquo;entre elles.<\/em><\/p>\n<div class=\"tcb-post-list tve-content-list empty-list thrv_wrapper\" data-type=\"grid\" data-pagination-type=\"none\" data-pages_near_current=\"2\" data-css=\"tve-u-5f77f87e36b298\" data-total_post_count=\"0\" data-total_sticky_count=\"0\" data-disabled-links=\"0\" data-no_posts_text=\"There are no posts to display.\"><article id=\"post-1192\" class=\"post-1192 page type-page status-publish has-post-thumbnail hentry post-wrapper thrv_wrapper thrive-animated-item \" tcb_hover_state_parent=\"\" data-id=\"1192\" data-selector=\".post-wrapper\"><style class=\"tcb-post-list-dynamic-style\" type=\"text\/css\">@media (min-width: 300px){[].tcb-post-list #post-1192 []{background-image: url(\u00ab\u00a0https:\/\/stbarthvillarental.com\/wp-content\/uploads\/2020\/08\/Colombier-beach-1024x272.jpeg\u00ab\u00a0) !important;}[].tcb-post-list #post-1192 []:hover []{background-image: linear-gradient(rgba(255, 255, 255, 0.08), rgba(255, 255, 255, 0.08)), url(\u00ab\u00a0https:\/\/stbarthvillarental.com\/wp-content\/uploads\/2020\/08\/Colombier-beach-1024x272.jpeg\u00ab\u00a0) !important;}}<\/style><a href=\"https:\/\/stbarthvillarental.com\/fr\/les-plages\/\" dynamic-postlink=\"tcb_post_the_permalink\" data-shortcode-id=\"246\"><\/a><\/p>\n<h2 style=\"text-align: center;\"><span data-id=\"0\" data-type=\"true\" style=\"display: inline-block; line-height: 0;\"><\/span><span data-attr-css=\"tve-u-5f77f87e36b367\" data-attr-link=\"1\" data-attr-rel=\"0\" data-attr-target=\"0\" data-extra_key=\"\" data-option-inline=\"1\" data-shortcode=\"tcb_post_title\" data-shortcode-name=\"Post title\" data-attr-static-link=\"{&quot;className&quot;:&quot;tve-froala fr-basic&quot;,&quot;href&quot;:&quot;#&quot;,&quot;title&quot;:&quot;Les Plages&quot;,&quot;data-css&quot;:&quot;tve-u-5f77f87e36b367&quot;,&quot;class&quot;:&quot;tve-froala fr-basic&quot;}\" style=\"\"><a href=\"https:\/\/stbarthvillarental.com\/fr\/les-plages\/\" title=\"Les Plages\" data-css=\"tve-u-5f77f87e36b367\" class=\"tve-froala fr-basic\">Les Plages<\/a><\/span><span data-id=\"0\" data-type=\"false\" style=\"display: inline-block; line-height: 0;\"><\/span><\/h2>\n<p><\/article><\/div>\n","protected":false},"excerpt":{"rendered":"<p>Impossible d&rsquo;imaginer venir \u00e0 St Barth sans y d\u00e9couvrir ses somptueuses plages.&nbsp; Parcourez cette liste pour conna\u00eetre les caract\u00e9ristiques uniques de chacune d&rsquo;entre elles.<\/p>\n","protected":false},"author":1,"featured_media":2284,"parent":0,"menu_order":0,"comment_status":"closed","ping_status":"closed","template":"","meta":{"footnotes":""},"class_list":{"0":"post-1192","1":"page","2":"type-page","3":"status-publish","4":"has-post-thumbnail","5":"hentry","6":"post-wrapper","7":"thrv_wrapper","10":"thrive-animated-item"},"yoast_head":"<!-- This site is optimized with the Yoast SEO Premium plugin v25.3.1 (Yoast SEO v27.1.1) - https:\/\/yoast.com\/product\/yoast-seo-premium-wordpress\/ -->\n<title>Plages de charme \u00e0 St Barth | Les plus belles plages de Saint-Barth<\/title>\n<meta name=\"description\" content=\"Impossible d&#039;imaginer venir \u00e0 St Barth sans y d\u00e9couvrir ses somptueuses plages. Parcourez cette liste pour conna\u00eetre les caract\u00e9ristiques uniques de chacune d&#039;entre elles.\" \/>\n<meta name=\"robots\" content=\"index, follow, max-snippet:-1, max-image-preview:large, max-video-preview:-1\" \/>\n<link rel=\"canonical\" href=\"https:\/\/stbarthvillarental.com\/fr\/les-plages\/\" \/>\n<meta property=\"og:locale\" content=\"fr_FR\" \/>\n<meta property=\"og:type\" content=\"article\" \/>\n<meta property=\"og:title\" content=\"Les Plages\" \/>\n<meta property=\"og:description\" content=\"Impossible d&#039;imaginer venir \u00e0 St Barth sans y d\u00e9couvrir ses somptueuses plages. Parcourez cette liste pour conna\u00eetre les caract\u00e9ristiques uniques de chacune d&#039;entre elles.\" \/>\n<meta property=\"og:url\" content=\"https:\/\/stbarthvillarental.com\/fr\/les-plages\/\" \/>\n<meta property=\"og:site_name\" content=\"St Barth Villa Rental\" \/>\n<meta property=\"article:modified_time\" content=\"2020-10-03T21:04:31+00:00\" \/>\n<meta property=\"og:image\" content=\"https:\/\/stbarthvillarental.com\/wp-content\/uploads\/2020\/08\/Colombier-beach-scaled.jpeg\" \/>\n\t<meta property=\"og:image:width\" content=\"2560\" \/>\n\t<meta property=\"og:image:height\" content=\"680\" \/>\n\t<meta property=\"og:image:type\" content=\"image\/jpeg\" \/>\n<meta name=\"twitter:card\" content=\"summary_large_image\" \/>\n<meta name=\"twitter:label1\" content=\"Dur\u00e9e de lecture estim\u00e9e\" \/>\n\t<meta name=\"twitter:data1\" content=\"1 minute\" \/>\n<script type=\"application\/ld+json\" class=\"yoast-schema-graph\">{\"@context\":\"https:\/\/schema.org\",\"@graph\":[{\"@type\":\"WebPage\",\"@id\":\"https:\/\/stbarthvillarental.com\/fr\/les-plages\/\",\"url\":\"https:\/\/stbarthvillarental.com\/fr\/les-plages\/\",\"name\":\"Plages de charme \u00e0 St Barth | Les plus belles plages de Saint-Barth\",\"isPartOf\":{\"@id\":\"https:\/\/stbarthvillarental.com\/fr\/#website\"},\"primaryImageOfPage\":{\"@id\":\"https:\/\/stbarthvillarental.com\/fr\/les-plages\/#primaryimage\"},\"image\":{\"@id\":\"https:\/\/stbarthvillarental.com\/fr\/les-plages\/#primaryimage\"},\"thumbnailUrl\":\"https:\/\/stbarthvillarental.com\/wp-content\/uploads\/2020\/08\/Colombier-beach-scaled.jpeg\",\"datePublished\":\"2020-10-03T04:05:18+00:00\",\"dateModified\":\"2020-10-03T21:04:31+00:00\",\"description\":\"Impossible d'imaginer venir \u00e0 St Barth sans y d\u00e9couvrir ses somptueuses plages. Parcourez cette liste pour conna\u00eetre les caract\u00e9ristiques uniques de chacune d'entre elles.\",\"breadcrumb\":{\"@id\":\"https:\/\/stbarthvillarental.com\/fr\/les-plages\/#breadcrumb\"},\"inLanguage\":\"fr-FR\",\"potentialAction\":[{\"@type\":\"ReadAction\",\"target\":[\"https:\/\/stbarthvillarental.com\/fr\/les-plages\/\"]}]},{\"@type\":\"ImageObject\",\"inLanguage\":\"fr-FR\",\"@id\":\"https:\/\/stbarthvillarental.com\/fr\/les-plages\/#primaryimage\",\"url\":\"https:\/\/stbarthvillarental.com\/wp-content\/uploads\/2020\/08\/Colombier-beach-scaled.jpeg\",\"contentUrl\":\"https:\/\/stbarthvillarental.com\/wp-content\/uploads\/2020\/08\/Colombier-beach-scaled.jpeg\",\"width\":2560,\"height\":680},{\"@type\":\"BreadcrumbList\",\"@id\":\"https:\/\/stbarthvillarental.com\/fr\/les-plages\/#breadcrumb\",\"itemListElement\":[{\"@type\":\"ListItem\",\"position\":1,\"name\":\"Home\",\"item\":\"https:\/\/stbarthvillarental.com\/fr\/\"},{\"@type\":\"ListItem\",\"position\":2,\"name\":\"Les Plages\"}]},{\"@type\":\"WebSite\",\"@id\":\"https:\/\/stbarthvillarental.com\/fr\/#website\",\"url\":\"https:\/\/stbarthvillarental.com\/fr\/\",\"name\":\"St Barth Villa Rental\",\"description\":\"Your Luxury Retreat Starts Here\",\"potentialAction\":[{\"@type\":\"SearchAction\",\"target\":{\"@type\":\"EntryPoint\",\"urlTemplate\":\"https:\/\/stbarthvillarental.com\/fr\/?s={search_term_string}\"},\"query-input\":{\"@type\":\"PropertyValueSpecification\",\"valueRequired\":true,\"valueName\":\"search_term_string\"}}],\"inLanguage\":\"fr-FR\"}]}<\/script>\n<!-- \/ Yoast SEO Premium plugin. -->","yoast_head_json":{"title":"Plages de charme \u00e0 St Barth | Les plus belles plages de Saint-Barth","description":"Impossible d'imaginer venir \u00e0 St Barth sans y d\u00e9couvrir ses somptueuses plages. Parcourez cette liste pour conna\u00eetre les caract\u00e9ristiques uniques de chacune d'entre elles.","robots":{"index":"index","follow":"follow","max-snippet":"max-snippet:-1","max-image-preview":"max-image-preview:large","max-video-preview":"max-video-preview:-1"},"canonical":"https:\/\/stbarthvillarental.com\/fr\/les-plages\/","og_locale":"fr_FR","og_type":"article","og_title":"Les Plages","og_description":"Impossible d'imaginer venir \u00e0 St Barth sans y d\u00e9couvrir ses somptueuses plages. Parcourez cette liste pour conna\u00eetre les caract\u00e9ristiques uniques de chacune d'entre elles.","og_url":"https:\/\/stbarthvillarental.com\/fr\/les-plages\/","og_site_name":"St Barth Villa Rental","article_modified_time":"2020-10-03T21:04:31+00:00","og_image":[{"width":2560,"height":680,"url":"https:\/\/stbarthvillarental.com\/wp-content\/uploads\/2020\/08\/Colombier-beach-scaled.jpeg","type":"image\/jpeg"}],"twitter_card":"summary_large_image","twitter_misc":{"Dur\u00e9e de lecture estim\u00e9e":"1 minute"},"schema":{"@context":"https:\/\/schema.org","@graph":[{"@type":"WebPage","@id":"https:\/\/stbarthvillarental.com\/fr\/les-plages\/","url":"https:\/\/stbarthvillarental.com\/fr\/les-plages\/","name":"Plages de charme \u00e0 St Barth | Les plus belles plages de Saint-Barth","isPartOf":{"@id":"https:\/\/stbarthvillarental.com\/fr\/#website"},"primaryImageOfPage":{"@id":"https:\/\/stbarthvillarental.com\/fr\/les-plages\/#primaryimage"},"image":{"@id":"https:\/\/stbarthvillarental.com\/fr\/les-plages\/#primaryimage"},"thumbnailUrl":"https:\/\/stbarthvillarental.com\/wp-content\/uploads\/2020\/08\/Colombier-beach-scaled.jpeg","datePublished":"2020-10-03T04:05:18+00:00","dateModified":"2020-10-03T21:04:31+00:00","description":"Impossible d'imaginer venir \u00e0 St Barth sans y d\u00e9couvrir ses somptueuses plages. Parcourez cette liste pour conna\u00eetre les caract\u00e9ristiques uniques de chacune d'entre elles.","breadcrumb":{"@id":"https:\/\/stbarthvillarental.com\/fr\/les-plages\/#breadcrumb"},"inLanguage":"fr-FR","potentialAction":[{"@type":"ReadAction","target":["https:\/\/stbarthvillarental.com\/fr\/les-plages\/"]}]},{"@type":"ImageObject","inLanguage":"fr-FR","@id":"https:\/\/stbarthvillarental.com\/fr\/les-plages\/#primaryimage","url":"https:\/\/stbarthvillarental.com\/wp-content\/uploads\/2020\/08\/Colombier-beach-scaled.jpeg","contentUrl":"https:\/\/stbarthvillarental.com\/wp-content\/uploads\/2020\/08\/Colombier-beach-scaled.jpeg","width":2560,"height":680},{"@type":"BreadcrumbList","@id":"https:\/\/stbarthvillarental.com\/fr\/les-plages\/#breadcrumb","itemListElement":[{"@type":"ListItem","position":1,"name":"Home","item":"https:\/\/stbarthvillarental.com\/fr\/"},{"@type":"ListItem","position":2,"name":"Les Plages"}]},{"@type":"WebSite","@id":"https:\/\/stbarthvillarental.com\/fr\/#website","url":"https:\/\/stbarthvillarental.com\/fr\/","name":"St Barth Villa Rental","description":"Your Luxury Retreat Starts Here","potentialAction":[{"@type":"SearchAction","target":{"@type":"EntryPoint","urlTemplate":"https:\/\/stbarthvillarental.com\/fr\/?s={search_term_string}"},"query-input":{"@type":"PropertyValueSpecification","valueRequired":true,"valueName":"search_term_string"}}],"inLanguage":"fr-FR"}]}},"_links":{"self":[{"href":"https:\/\/stbarthvillarental.com\/fr\/wp-json\/wp\/v2\/pages\/1192","targetHints":{"allow":["GET"]}}],"collection":[{"href":"https:\/\/stbarthvillarental.com\/fr\/wp-json\/wp\/v2\/pages"}],"about":[{"href":"https:\/\/stbarthvillarental.com\/fr\/wp-json\/wp\/v2\/types\/page"}],"author":[{"embeddable":true,"href":"https:\/\/stbarthvillarental.com\/fr\/wp-json\/wp\/v2\/users\/1"}],"replies":[{"embeddable":true,"href":"https:\/\/stbarthvillarental.com\/fr\/wp-json\/wp\/v2\/comments?post=1192"}],"version-history":[{"count":4,"href":"https:\/\/stbarthvillarental.com\/fr\/wp-json\/wp\/v2\/pages\/1192\/revisions"}],"predecessor-version":[{"id":1360,"href":"https:\/\/stbarthvillarental.com\/fr\/wp-json\/wp\/v2\/pages\/1192\/revisions\/1360"}],"wp:featuredmedia":[{"embeddable":true,"href":"https:\/\/stbarthvillarental.com\/fr\/wp-json\/wp\/v2\/media\/2284"}],"wp:attachment":[{"href":"https:\/\/stbarthvillarental.com\/fr\/wp-json\/wp\/v2\/media?parent=1192"}],"curies":[{"name":"wp","href":"https:\/\/api.w.org\/{rel}","templated":true}]}}