{"id":1186,"date":"2020-10-03T05:42:12","date_gmt":"2020-10-03T03:42:12","guid":{"rendered":"https:\/\/stbarthvillarental.com\/\/\/clone-of-your-luxury-retreat-starts-here\/"},"modified":"2023-10-12T12:17:42","modified_gmt":"2023-10-12T10:17:42","slug":"votre-sejour-de-reve-a-st-barth-commence-ici","status":"publish","type":"page","link":"https:\/\/stbarthvillarental.com\/fr\/","title":{"rendered":"Votre S\u00e9jour de R\u00eave \u00e0 St Barth Commence Ici"},"content":{"rendered":"<h1>Votre s\u00e9jour de r\u00eave commence ici<\/h1>\n<p style=\"text-align: center;\"><strong><strong>LE PARADIS SUR TERRE<\/strong><\/strong><\/p>\n<p style=\"text-align: center;\">De propri\u00e9t\u00e9s minimalistes aux vastes r\u00e9sidences, toutes bien plac\u00e9es pour profiter pleinement de la beaut\u00e9 naturelle de Saint Barth.&nbsp;<\/p>\n<p style=\"text-align: center;\"><strong><em><strong><em>\u00ab\u00a0Les Villas de St Barth sont r\u00e9put\u00e9es pour leur in\u00e9galable luxe et leur vues imprenables sur notre \u00eele pittoresque.\u00a0\u00bb<\/em><\/strong><\/em><\/strong><\/p>\n<p><a href=\"https:\/\/stbarthvillarental.com\/villas\/listing\/villa-my-way\/\" rel=\"\"><\/p>\n<p style=\"text-align: left;\">A partir de&nbsp;<\/p>\n<p style=\"text-align: left;\"><strong>$25,000<\/strong><\/p>\n<p style=\"text-align: left;\">par semaine<\/p>\n<p style=\"text-align: left;\"><strong>Villa My Way<\/strong><\/p>\n<p style=\"text-align: center;\">10 invit\u00e9s<\/p>\n<p style=\"text-align: center;\">1 piscine<\/p>\n<p style=\"text-align: center;\">Vue mer<\/p>\n<p><\/a><a href=\"https:\/\/stbarthvillarental.com\/villas\/listing\/villa-good-news\"><\/p>\n<p style=\"text-align: left;\">A partir de<\/p>\n<p style=\"text-align: left;\"><strong>$19,000<\/strong><\/p>\n<p style=\"text-align: left;\">par semaine<\/p>\n<p style=\"text-align: left;\"><strong>Villa Good News<\/strong><\/p>\n<p style=\"text-align: center;\">8 invit\u00e9s<\/p>\n<p style=\"text-align: center;\">1 piscine<\/p>\n<p style=\"text-align: center;\">vue mer<\/p>\n<p><\/a><a href=\"https:\/\/stbarthvillarental.com\/villas\/listing\/villa-mamiami\/\"><\/p>\n<p style=\"text-align: left;\">A partir de<\/p>\n<p style=\"text-align: left;\"><strong>$8,000<\/strong><\/p>\n<p style=\"text-align: left;\">par semaine<\/p>\n<p style=\"text-align: left;\"><strong>Villa Mamiami<\/strong><\/p>\n<p style=\"text-align: center;\">6 invit\u00e9s<\/p>\n<p style=\"text-align: center;\">1 piscine<\/p>\n<p style=\"text-align: center;\">vue mer<\/p>\n<p><\/a><\/p>\n<p style=\"text-align: left;\"><strong>D\u00e9couvrir St Barth<\/strong><\/p>\n<p style=\"\">D\u00e9couverte par Christophe Colomb il y a plus de cinq si\u00e8cles, St Barth est aujourd\u2019hui une \u00eele paradisiaque florissante qui offre le plus grand luxe aux voyageurs les plus exigeants du monde.<\/p>\n<p style=\"\">Debout sur l\u2019une des quatorze plages de sable blanc, vous contemplez les eaux immacul\u00e9es qui s\u2019\u00e9tendent sans fin jusqu\u2019\u00e0 l\u2019horizon, tandis qu\u2019une brise chaude caresse votre visage.&nbsp;<\/p>\n<p><span style=\"\"><img loading=\"lazy\" decoding=\"async\" alt=\"\" data-id=\"224\" width=\"490\" data-init-width=\"1024\" height=\"490\" data-init-height=\"1024\" title=\"saline-beach\" loading=\"lazy\" src=\"\/\/i0.wp.com\/stbarthvillarental.com\/wp-content\/uploads\/2020\/08\/saline-beach.jpg\" data-width=\"490\" data-height=\"490\" style=\"aspect-ratio: auto 1024 \/ 1024;\" mt-d=\"0\" center-v-d=\"false\" ml-d=\"-39\" center-h-d=\"false\" ml-t=\"-27\" ml-m=\"-21\"><\/span><span style=\"\"><img loading=\"lazy\" decoding=\"async\" alt=\"Gustavia St Barth\" data-id=\"100\" width=\"666\" data-init-width=\"2560\" height=\"445\" data-init-height=\"1709\" title=\"Gustavia, St. Barths in the Caribbean\" loading=\"lazy\" src=\"\/\/i0.wp.com\/stbarthvillarental.com\/wp-content\/uploads\/2020\/08\/St-Barth-Gustavia-scaled.jpeg\" data-width=\"666\" data-height=\"445\" style=\"aspect-ratio: auto 2560 \/ 1709;\" ml-d=\"-109\" center-h-d=\"true\" ml-t=\"-71\"><\/span><\/p>\n<p style=\"text-align: left;\"><strong>St Barth Exp\u00e9rience<\/strong><\/p>\n<p style=\"\">D\u00e9couvrez la magie de St Barth, ce joyau nich\u00e9 dans les eaux turquoise o\u00f9 les h\u00f4tes prestigieux viennent incognito pour se d\u00e9tendre et se reconnecter \u00e0 la vie. Il n\u2019y a pas de destination aussi exceptionnelle dans toute la Cara\u00efbe.<\/p>\n<p style=\"\">Profitez d\u2019une gastronomie de classe mondiale, d\u2019exp\u00e9riences \u00e0 couper le souffle et de boutiques de luxe au Paradis.<\/p>\n<p style=\"\">Une fois les pieds ancr\u00e9s dans le sable de l\u2019une des plages notre \u00eele, vous ne voudrez jamais partir.<\/p>\n<h2 style=\"text-align: center;\">Des Questions, une demande ?<\/h2>\n<p style=\"text-align: center;\">Nous nous ferons un plaisir de vous aider.<\/p>\n<h2 style=\"\">St Barth Villa Rental<\/h2>\n<p style=\"\"><span style=\"font-size: 16px;\">Lorient&nbsp;<\/span><\/p>\n<p style=\"\"><span style=\"font-size: 16px;\">97133, Saint-Barth\u00e9lemy<\/span><\/p>\n<p><span><img loading=\"lazy\" decoding=\"async\" alt=\"mail\" data-id=\"1172\" width=\"226\" data-init-width=\"286\" height=\"20\" data-init-height=\"25\" title=\"mail\" loading=\"lazy\" src=\"\/\/i0.wp.com\/stbarthvillarental.com\/wp-content\/uploads\/2020\/09\/mail.png\" data-width=\"226\" data-height=\"20\" style=\"aspect-ratio: auto 286 \/ 25;\"><\/span><\/p>\n","protected":false},"excerpt":{"rendered":"<p>Votre s\u00e9jour de r\u00eave commence ici LE PARADIS SUR TERRE De propri\u00e9t\u00e9s minimalistes aux vastes r\u00e9sidences, toutes bien plac\u00e9es pour profiter pleinement de la beaut\u00e9 naturelle de Saint Barth.&nbsp; \u00ab\u00a0Les Villas de St Barth sont r\u00e9put\u00e9es pour leur in\u00e9galable luxe et leur vues imprenables sur notre \u00eele pittoresque.\u00a0\u00bb A partir de&nbsp; $25,000 par semaine Villa [&hellip;]<\/p>\n","protected":false},"author":1,"featured_media":0,"parent":0,"menu_order":0,"comment_status":"closed","ping_status":"closed","template":"","meta":{"footnotes":""},"class_list":["post-1186","page","type-page","status-publish","hentry","post-wrapper","thrv_wrapper"],"yoast_head":"<!-- This site is optimized with the Yoast SEO Premium plugin v25.3.1 (Yoast SEO v27.1.1) - https:\/\/yoast.com\/product\/yoast-seo-premium-wordpress\/ -->\n<title>Location de Villas \u00e0 St Barth - St Barth Villa Rental<\/title>\n<meta name=\"description\" content=\"Avez-vous d\u00e9j\u00e0 r\u00eav\u00e9 de voyager vers une \u00eele exotique o\u00f9 le luxe s&#039;invite au quotidien ? Bienvenue \u00e0 Saint Barth. Location de villas sur St Barth.\" \/>\n<meta name=\"robots\" content=\"index, follow, max-snippet:-1, max-image-preview:large, max-video-preview:-1\" \/>\n<link rel=\"canonical\" href=\"https:\/\/stbarthvillarental.com\/fr\/\" \/>\n<meta property=\"og:locale\" content=\"fr_FR\" \/>\n<meta property=\"og:type\" content=\"article\" \/>\n<meta property=\"og:title\" content=\"Votre S\u00e9jour de R\u00eave \u00e0 St Barth Commence Ici\" \/>\n<meta property=\"og:description\" content=\"Avez-vous d\u00e9j\u00e0 r\u00eav\u00e9 de voyager vers une \u00eele exotique o\u00f9 le luxe s&#039;invite au quotidien ? Bienvenue \u00e0 Saint Barth. Location de villas sur St Barth.\" \/>\n<meta property=\"og:url\" content=\"https:\/\/stbarthvillarental.com\/fr\/\" \/>\n<meta property=\"og:site_name\" content=\"St Barth Villa Rental\" \/>\n<meta property=\"article:modified_time\" content=\"2023-10-12T10:17:42+00:00\" \/>\n<meta name=\"twitter:card\" content=\"summary_large_image\" \/>\n<meta name=\"twitter:label1\" content=\"Dur\u00e9e de lecture estim\u00e9e\" \/>\n\t<meta name=\"twitter:data1\" content=\"1 minute\" \/>\n<script type=\"application\/ld+json\" class=\"yoast-schema-graph\">{\"@context\":\"https:\/\/schema.org\",\"@graph\":[{\"@type\":\"WebPage\",\"@id\":\"https:\/\/stbarthvillarental.com\/fr\/\",\"url\":\"https:\/\/stbarthvillarental.com\/fr\/\",\"name\":\"Location de Villas \u00e0 St Barth - St Barth Villa Rental\",\"isPartOf\":{\"@id\":\"https:\/\/stbarthvillarental.com\/fr\/#website\"},\"datePublished\":\"2020-10-03T03:42:12+00:00\",\"dateModified\":\"2023-10-12T10:17:42+00:00\",\"description\":\"Avez-vous d\u00e9j\u00e0 r\u00eav\u00e9 de voyager vers une \u00eele exotique o\u00f9 le luxe s'invite au quotidien ? Bienvenue \u00e0 Saint Barth. Location de villas sur St Barth.\",\"breadcrumb\":{\"@id\":\"https:\/\/stbarthvillarental.com\/fr\/#breadcrumb\"},\"inLanguage\":\"fr-FR\",\"potentialAction\":[{\"@type\":\"ReadAction\",\"target\":[\"https:\/\/stbarthvillarental.com\/fr\/\"]}]},{\"@type\":\"BreadcrumbList\",\"@id\":\"https:\/\/stbarthvillarental.com\/fr\/#breadcrumb\",\"itemListElement\":[{\"@type\":\"ListItem\",\"position\":1,\"name\":\"Home\",\"item\":\"https:\/\/stbarthvillarental.com\/fr\/\"},{\"@type\":\"ListItem\",\"position\":2,\"name\":\"Votre S\u00e9jour de R\u00eave \u00e0 St Barth Commence Ici\"}]},{\"@type\":\"WebSite\",\"@id\":\"https:\/\/stbarthvillarental.com\/fr\/#website\",\"url\":\"https:\/\/stbarthvillarental.com\/fr\/\",\"name\":\"St Barth Villa Rental\",\"description\":\"Your Luxury Retreat Starts Here\",\"potentialAction\":[{\"@type\":\"SearchAction\",\"target\":{\"@type\":\"EntryPoint\",\"urlTemplate\":\"https:\/\/stbarthvillarental.com\/fr\/?s={search_term_string}\"},\"query-input\":{\"@type\":\"PropertyValueSpecification\",\"valueRequired\":true,\"valueName\":\"search_term_string\"}}],\"inLanguage\":\"fr-FR\"}]}<\/script>\n<!-- \/ Yoast SEO Premium plugin. -->","yoast_head_json":{"title":"Location de Villas \u00e0 St Barth - St Barth Villa Rental","description":"Avez-vous d\u00e9j\u00e0 r\u00eav\u00e9 de voyager vers une \u00eele exotique o\u00f9 le luxe s'invite au quotidien ? Bienvenue \u00e0 Saint Barth. Location de villas sur St Barth.","robots":{"index":"index","follow":"follow","max-snippet":"max-snippet:-1","max-image-preview":"max-image-preview:large","max-video-preview":"max-video-preview:-1"},"canonical":"https:\/\/stbarthvillarental.com\/fr\/","og_locale":"fr_FR","og_type":"article","og_title":"Votre S\u00e9jour de R\u00eave \u00e0 St Barth Commence Ici","og_description":"Avez-vous d\u00e9j\u00e0 r\u00eav\u00e9 de voyager vers une \u00eele exotique o\u00f9 le luxe s'invite au quotidien ? Bienvenue \u00e0 Saint Barth. Location de villas sur St Barth.","og_url":"https:\/\/stbarthvillarental.com\/fr\/","og_site_name":"St Barth Villa Rental","article_modified_time":"2023-10-12T10:17:42+00:00","twitter_card":"summary_large_image","twitter_misc":{"Dur\u00e9e de lecture estim\u00e9e":"1 minute"},"schema":{"@context":"https:\/\/schema.org","@graph":[{"@type":"WebPage","@id":"https:\/\/stbarthvillarental.com\/fr\/","url":"https:\/\/stbarthvillarental.com\/fr\/","name":"Location de Villas \u00e0 St Barth - St Barth Villa Rental","isPartOf":{"@id":"https:\/\/stbarthvillarental.com\/fr\/#website"},"datePublished":"2020-10-03T03:42:12+00:00","dateModified":"2023-10-12T10:17:42+00:00","description":"Avez-vous d\u00e9j\u00e0 r\u00eav\u00e9 de voyager vers une \u00eele exotique o\u00f9 le luxe s'invite au quotidien ? Bienvenue \u00e0 Saint Barth. Location de villas sur St Barth.","breadcrumb":{"@id":"https:\/\/stbarthvillarental.com\/fr\/#breadcrumb"},"inLanguage":"fr-FR","potentialAction":[{"@type":"ReadAction","target":["https:\/\/stbarthvillarental.com\/fr\/"]}]},{"@type":"BreadcrumbList","@id":"https:\/\/stbarthvillarental.com\/fr\/#breadcrumb","itemListElement":[{"@type":"ListItem","position":1,"name":"Home","item":"https:\/\/stbarthvillarental.com\/fr\/"},{"@type":"ListItem","position":2,"name":"Votre S\u00e9jour de R\u00eave \u00e0 St Barth Commence Ici"}]},{"@type":"WebSite","@id":"https:\/\/stbarthvillarental.com\/fr\/#website","url":"https:\/\/stbarthvillarental.com\/fr\/","name":"St Barth Villa Rental","description":"Your Luxury Retreat Starts Here","potentialAction":[{"@type":"SearchAction","target":{"@type":"EntryPoint","urlTemplate":"https:\/\/stbarthvillarental.com\/fr\/?s={search_term_string}"},"query-input":{"@type":"PropertyValueSpecification","valueRequired":true,"valueName":"search_term_string"}}],"inLanguage":"fr-FR"}]}},"_links":{"self":[{"href":"https:\/\/stbarthvillarental.com\/fr\/wp-json\/wp\/v2\/pages\/1186","targetHints":{"allow":["GET"]}}],"collection":[{"href":"https:\/\/stbarthvillarental.com\/fr\/wp-json\/wp\/v2\/pages"}],"about":[{"href":"https:\/\/stbarthvillarental.com\/fr\/wp-json\/wp\/v2\/types\/page"}],"author":[{"embeddable":true,"href":"https:\/\/stbarthvillarental.com\/fr\/wp-json\/wp\/v2\/users\/1"}],"replies":[{"embeddable":true,"href":"https:\/\/stbarthvillarental.com\/fr\/wp-json\/wp\/v2\/comments?post=1186"}],"version-history":[{"count":5,"href":"https:\/\/stbarthvillarental.com\/fr\/wp-json\/wp\/v2\/pages\/1186\/revisions"}],"predecessor-version":[{"id":2682,"href":"https:\/\/stbarthvillarental.com\/fr\/wp-json\/wp\/v2\/pages\/1186\/revisions\/2682"}],"wp:attachment":[{"href":"https:\/\/stbarthvillarental.com\/fr\/wp-json\/wp\/v2\/media?parent=1186"}],"curies":[{"name":"wp","href":"https:\/\/api.w.org\/{rel}","templated":true}]}}